{"id":5604,"date":"2022-06-01T07:03:55","date_gmt":"2022-06-01T05:03:55","guid":{"rendered":"https:\/\/www.alro-group.com\/privacy-disclaimer\/"},"modified":"2024-09-24T11:10:33","modified_gmt":"2024-09-24T09:10:33","slug":"privacy-disclaimer","status":"publish","type":"page","link":"https:\/\/www.alro-group.com\/sk\/privacy-disclaimer-sk\/","title":{"rendered":"Privacy disclaimer"},"content":{"rendered":"<p>[vc_row css=&#8220;.vc_custom_1654060019024{padding-top: 3em !important;padding-bottom: 3em !important;}&#8220;][vc_column][vc_column_text]<em>Ch\u00e1peme, \u017ee va\u0161a d\u00f4vera v n\u00e1s je najd\u00f4le\u017eitej\u0161ou hodnotou1:<\/em><\/p>\n<ul>\n<li><em>Spolo\u010dnos\u0165 s ru\u010den\u00edm obmedzen\u00fdm \u201e<strong><u>ALRO HOLDINGS<\/u><\/strong>\u201c, so s\u00eddlom Kruishoefstraat 52, 3650 Dilsen-Stokkem, RPR Antverpy, div\u00edzia Tongeren a s \u010d\u00edslom DPH BE 0450.073.565\u201c (\u010falej len \u201aAlro Holdings\u2018);<\/em><\/li>\n<li><em>Spolo\u010dnos\u0165 s ru\u010den\u00edm obmedzen\u00fdm \u201e<strong><u>ALRO<\/u><\/strong>\u201c, so s\u00eddlom Kruishoefstraat 52, 3650 Dilsen &#8211; Stokkem, RPR Antverpy, div\u00edzia Tongeren a s \u010d\u00edslom DPH BE 0437.678.450 (\u010falej len \u201eAlro\u201c);<\/em><\/li>\n<li><em>Spolo\u010dnos\u0165 s ru\u010den\u00edm obmedzen\u00fdm \u201e<strong><u>WCA-Alro<\/u><\/strong>\u201c, so s\u00eddlom Oosterring 13, 3600 Genk, RPR a s \u010d\u00edslom DPH BE 0434.307.008 (\u010falej len \u201eWCA Alro\u201c);<\/em><\/li>\n<li><em>Spolo\u010dnos\u0165 s ru\u010den\u00edm obmedzen\u00fdm \u201e<strong><u>Recitech<\/u><\/strong>\u201c, so s\u00eddlom Heulentakstraat z\/n, 3650 Dilsen-Stokkem, RPR a s \u010d\u00edslom DPH BE 0437.726.851 (\u010falej len \u201eRecitech\u201c) a<\/em><\/li>\n<li><em>Spolo\u010dnos\u0165 zalo\u017een\u00e1 pod\u013ea slovensk\u00e9ho pr\u00e1va \u201e<strong><u>Alro Slovakia<\/u><\/strong>\u201c, so s\u00eddlom Coburgova 84, 91701 Trnava (Slovensko), s I\u010c DPH SK 2022247535 (\u010falej len \u201eAlro Slovakia\u201c).<\/em><\/li>\n<\/ul>\n<p><em>Spolo\u010dnosti Alro Holdings, Alro, WCA Alro, Recitech a Alro Slovakia s\u00fa \u010falej spolo\u010dne ozna\u010dovan\u00e9 ako \u201eAlro\u201c, \u201emy\u201c alebo \u201en\u00e1s\u201c. Va\u0161e s\u00fakromie je pre n\u00e1s ve\u013emi d\u00f4le\u017eit\u00e9.<\/em><\/p>\n<p><em>Toto vyhl\u00e1senie o ochrane osobn\u00fdch \u00fadajov (\u010falej len \u201evyhl\u00e1senie o ochrane osobn\u00fdch \u00fadajov\u201c) sa okrem in\u00e9ho vz\u0165ahuje na <strong>(i)<\/strong>na\u0161u webov\u00fa str\u00e1nku <\/em><a href=\"\u201ehttps:\/\/www.alro-group.com\/sk\/\u201c\">https:\/\/www.alro-group.com\/\/<\/a> <em>(\u010falej len \u201ewebov\u00e1 str\u00e1nka\u201c), <strong>(ii) <\/strong>ka\u017ed\u00fa n\u00e1v\u0161tevu budov Alro a <strong>(iii)<\/strong> v\u0161etky (obchodn\u00e9) vz\u0165ahy medzi spolo\u010dnos\u0165ou Alro a jej z\u00e1kazn\u00edkmi, potenci\u00e1lnymi z\u00e1kazn\u00edkmi a obchodn\u00fdmi partnermi.<\/em><\/p>\n<p><em>Toto vyhl\u00e1senie o ochrane osobn\u00fdch \u00fadajov obsahuje okrem in\u00e9ho inform\u00e1cie o osobn\u00fdch \u00fadajoch, ktor\u00e9 spolo\u010dnos\u0165 Alro zhroma\u017e\u010fuje, ako aj o tom, ako spolo\u010dnos\u0165 Alro tieto osobn\u00e9 \u00fadaje pou\u017e\u00edva a sprac\u00fava.<\/em><\/p>\n<p><em>Spolo\u010dnos\u0165 Alro <\/em><em> chce zd\u00f4razni\u0165, \u017ee sa v\u017edy sna\u017e\u00ed kona\u0165 v s\u00falade s \u201epr\u00e1vnymi predpismi o ochrane osobn\u00fdch \u00fadajov\u201c, konkr\u00e9tne <strong>(i)<\/strong> Belgick\u00fd z\u00e1kon o ochrane s\u00fakromia z 8. decembra 1992 o ochrane s\u00fakromia v s\u00favislosti so spracovan\u00edm osobn\u00fdch \u00fadajov, <strong>(ii)<\/strong> nariadenie E\u00da 2016\/679 z 27. apr\u00edla 2016 o ochrane fyzick\u00fdch os\u00f4b pri sprac\u00favan\u00ed osobn\u00fdch \u00fadajov a o vo\u013enom pohybe tak\u00fdchto \u00fadajov, ktor\u00fdm sa zru\u0161uje smernica 95\/46\/ES a <strong>(iii)<\/strong> <\/em><em>(bud\u00face) belgick\u00e9 pr\u00e1vne predpisy o vykon\u00e1van\u00ed uveden\u00e9ho nariadenia<\/em><em>. <\/em><\/p>\n<p><em>N\u00e1v\u0161teva webovej str\u00e1nky, vyu\u017e\u00edvanie slu\u017eieb spolo\u010dnosti Alro, n\u00e1kup produktov a\/alebo tovaru a ak\u00e1ko\u013evek forma komunik\u00e1cie so spolo\u010dnos\u0165ou Alro znamen\u00e1 v\u00e1\u0161 v\u00fdslovn\u00fd s\u00fahlas (prostredn\u00edctvom ozn\u00e1menia va\u0161ich osobn\u00fdch \u00fadajov alebo s\u00fahlasu) s vyhl\u00e1sen\u00edm o ochrane osobn\u00fdch \u00fadajov, a teda so sp\u00f4sobom, ak\u00fdm spolo\u010dnos\u0165 Alro zhroma\u017e\u010fuje, pou\u017e\u00edva a sprac\u00fava va\u0161e osobn\u00e9 \u00fadaje.<\/em><\/p>\n<p><em>.<\/em><\/p>\n<ol>\n<li><strong>Typy osobn\u00fdch \u00fadajov<\/strong><\/li>\n<\/ol>\n<p>Spolo\u010dnos\u0165 Alro m\u00f4\u017ee zhroma\u017e\u010fova\u0165 a sprac\u00fava\u0165 tieto osobn\u00e9 \u00fadaje:<\/p>\n<ul>\n<li>N\u00e1zov<\/li>\n<li>Krstn\u00e9 meno<\/li>\n<li>E-mailov\u00e1 adresa<\/li>\n<li>Telef\u00f3nne \u010d\u00edslo (pevn\u00e1 linka a\/alebo mobil)<\/li>\n<li>\u010c\u00edslo z\u00e1kazn\u00edka<\/li>\n<li>Spolo\u010dnos\u0165<\/li>\n<li>\u010c\u00edseln\u00fd \u0161t\u00edtok<\/li>\n<li>Z\u00e1bery z kamery<\/li>\n<li>IP adresa<\/li>\n<li>V\u0161etky osobn\u00e9 \u00fadaje uveden\u00e9 vo vo\u013enom poli kontaktn\u00e9ho formul\u00e1ra<\/li>\n<li>V\u0161etky ostatn\u00e9 osobn\u00e9 \u00fadaje dobrovo\u013ene poskytnut\u00e9 spolo\u010dnosti Alro (napr. po\u010das kore\u0161pondencie).<\/li>\n<\/ul>\n<p>Spolo\u010dnos\u0165 Alro tie\u017e automaticky zhroma\u017e\u010fuje anonymn\u00e9 inform\u00e1cie t\u00fdkaj\u00face sa pou\u017e\u00edvania webovej lokality. Spolo\u010dnos\u0165 Alro napr\u00edklad automaticky zaznamen\u00e1va, ktor\u00e9 \u010dasti webovej lokality nav\u0161tevujete, ktor\u00fd webov\u00fd prehliada\u010d pou\u017e\u00edvate, ktor\u00fa webov\u00fa lokalitu ste nav\u0161t\u00edvili pri vstupe na webov\u00fa lokalitu. Na z\u00e1klade t\u00fdchto \u00fadajov v\u00e1s nem\u00f4\u017eeme identifikova\u0165, ale umo\u017e\u0148uj\u00fa spolo\u010dnosti Alro zostavova\u0165 \u0161tatistiky t\u00fdkaj\u00face sa pou\u017e\u00edvania Webovej lokality.<\/p>\n<ol>\n<li><strong>Sp\u00f4sob zhroma\u017e\u010fovania osobn\u00fdch \u00fadajov<\/strong><\/li>\n<\/ol>\n<p>Tieto osobn\u00e9 \u00fadaje sa zhroma\u017e\u010fuj\u00fa na adrese alebo v s\u00favislosti s:<\/p>\n<ul>\n<li>N\u00e1v\u0161teva webovej lokality<\/li>\n<li>Spolupr\u00e1ca so spolo\u010dnos\u0165ou Alro<\/li>\n<li>Kore\u0161pondencia so spolo\u010dnos\u0165ou Alro a od nej<\/li>\n<li>N\u00e1v\u0161teva priestorov\/oddelenia spolo\u010dnosti Alro<\/li>\n<li>\u017diados\u0165 o cenov\u00fa ponuku<\/li>\n<li>Vyu\u017e\u00edvanie slu\u017eieb spolo\u010dnosti Alro<\/li>\n<li>V\u00fdmena vizitiek<\/li>\n<li>overenie va\u0161ej toto\u017enosti (napr. ke\u010f kontaktujete z\u00e1kazn\u00edcky servis).<\/li>\n<\/ul>\n<p>Osobn\u00e9 \u00fadaje, ktor\u00e9 spolo\u010dnos\u0165 Alro zhroma\u017e\u010fuje, teda poskytujete v\u00fdslovne a dobrovo\u013ene.<\/p>\n<ul>\n<li><strong>Pou\u017e\u00edvanie osobn\u00fdch \u00fadajov<\/strong><\/li>\n<\/ul>\n<p>Spolo\u010dnos\u0165 Alro m\u00f4\u017ee pou\u017e\u00edva\u0165 va\u0161e osobn\u00e9 \u00fadaje na tieto \u00fa\u010dely:<\/p>\n<ul>\n<li>Uzavretie dohody so spolo\u010dnos\u0165ou Alro (vr\u00e1tane jej n\u00e1sledn\u00fdch opatren\u00ed)<\/li>\n<li>Odpovedanie na ot\u00e1zky (\u010di u\u017e polo\u017een\u00e9 prostredn\u00edctvom kontaktn\u00e9ho formul\u00e1ra alebo nie)<\/li>\n<li>Optimaliz\u00e1cia kvality, spr\u00e1vy a obsahu webovej str\u00e1nky<\/li>\n<li>Odosielanie informa\u010dn\u00fdch bulletinov<\/li>\n<li>\u0160tatistick\u00e9 \u00fa\u010dely<\/li>\n<li>Pr\u00edprava (a odoslanie) ponuky<\/li>\n<li>N\u00e1sledn\u00e9 opatrenia po stretnut\u00ed<\/li>\n<li>Registr\u00e1cia n\u00e1v\u0161tevn\u00edkov budovy\/str\u00e1nky spolo\u010dnosti Alro<\/li>\n<li>Odosielanie fakt\u00far a vyberanie platieb<\/li>\n<\/ul>\n<p>&nbsp;<\/p>\n<p>Spracovanie sa vykon\u00e1va na z\u00e1klade t\u00fdchto pr\u00e1vnych d\u00f4vodov:<\/p>\n<ul>\n<li>S\u00fahlasili ste so spracovan\u00edm va\u0161ich osobn\u00fdch \u00fadajov na jeden alebo viacero konkr\u00e9tnych \u00fa\u010delov.<\/li>\n<li>Spracovanie je nevyhnutn\u00e9 na plnenie zmluvy so spolo\u010dnos\u0165ou Alro alebo na prijatie opatren\u00ed na va\u0161u \u017eiados\u0165 pred uzavret\u00edm zmluvy.<\/li>\n<li>Spracovanie je nevyhnutn\u00e9 na splnenie z\u00e1konnej povinnosti spolo\u010dnosti Alro<\/li>\n<li>Spracovanie je nevyhnutn\u00e9 na sledovanie opr\u00e1vnen\u00fdch z\u00e1ujmov spolo\u010dnosti Alro alebo tretej strany s v\u00fdnimkou pr\u00edpadov, ke\u010f va\u0161e z\u00e1ujmy alebo z\u00e1kladn\u00e9 pr\u00e1va a slobody vy\u017eaduj\u00face ochranu osobn\u00fdch \u00fadajov preva\u017euj\u00fa nad t\u00fdmito z\u00e1ujmami (najm\u00e4 ak ste malolet\u00e1 osoba).<\/li>\n<\/ul>\n<ol>\n<li><strong>Poskytovanie osobn\u00fdch \u00fadajov tret\u00edm stran\u00e1m<\/strong><\/li>\n<\/ol>\n<p>Spolo\u010dnos\u0165 Alro neposkytne va\u0161e osobn\u00e9 \u00fadaje tret\u00edm stran\u00e1m, pokia\u013e to nie je nevyhnutn\u00e9 v s\u00favislosti s plnen\u00edm zmluvy a jej optimaliz\u00e1ciou (napr\u00edklad, ale nie v\u00fdlu\u010dne, spracovanie platieb (napr. Isabel) a poskytovanie slu\u017eieb (v\u0161etk\u00fdch druhov) spolo\u010dnosti Alro (napr\u00edklad, ale nie v\u00fdlu\u010dne, subdod\u00e1vate\u013esk\u00e9 slu\u017eby). V tejto s\u00favislosti m\u00f4\u017eu by\u0165 va\u0161e osobn\u00e9 \u00fadaje poskytnut\u00e9 poskytovate\u013eom platieb, dod\u00e1vate\u013eom softv\u00e9ru, cloudov\u00e9mu partnerovi, dopravn\u00fdm partnerom, finan\u010dn\u00fdm in\u0161tit\u00faci\u00e1m, pois\u0165ovniam, extern\u00fdm poskytovate\u013eom slu\u017eieb (napr. aud\u00edtorovi).<\/p>\n<p>Ak je v tejto s\u00favislosti potrebn\u00e9, aby spolo\u010dnos\u0165 Alro poskytla va\u0161e osobn\u00e9 \u00fadaje tret\u00edm stran\u00e1m, pr\u00edslu\u0161n\u00e1 tretia strana je povinn\u00e1 pou\u017e\u00edva\u0165 va\u0161e osobn\u00e9 \u00fadaje v s\u00falade s ustanoveniami tohto vyhl\u00e1senia o ochrane osobn\u00fdch \u00fadajov.<\/p>\n<p>Bez oh\u013eadu na vy\u0161\u0161ie uveden\u00e9 v\u0161ak spolo\u010dnos\u0165 Alro m\u00f4\u017ee zverejni\u0165 va\u0161e osobn\u00e9 \u00fadaje:<\/p>\n<ul>\n<li>Aan de bevoegde autoriteiten <strong>(i)<\/strong> wanneer Alro hiertoe verplicht is op grond van de wet of in het kader van een gerechtelijke of een toekomstige gerechtelijke procedure en <strong>(ii)<\/strong> ter vrijwaring en verdediging van de rechten van Alro.<\/li>\n<li>Ak spolo\u010dnos\u0165 Alro alebo v podstate v\u0161etky jej akt\u00edva nadobudne tretia strana, va\u0161e osobn\u00e9 \u00fadaje zhroma\u017eden\u00e9 spolo\u010dnos\u0165ou Alro bud\u00fa jedn\u00fdm z preveden\u00fdch akt\u00edv.<\/li>\n<\/ul>\n<p>Vo v\u0161etk\u00fdch ostatn\u00fdch pr\u00edpadoch spolo\u010dnos\u0165 Alro va\u0161e osobn\u00e9 \u00fadaje nepred\u00e1va, prenaj\u00edma\u0165 alebo odovzd\u00e1va\u0165 tret\u00edm stran\u00e1m, iba\u017ee ke\u010f sa <strong>(i) <\/strong>z\u00edskala v\u00e1\u0161 s\u00fahlas a <strong>(ii)<\/strong> uzavrela s pr\u00edslu\u0161nou tre\u0165ou stranou dohodu o spracovan\u00ed \u00fadajov, ktor\u00fd obsahuje potrebn\u00e9 z\u00e1ruky t\u00fdkaj\u00face sa d\u00f4vernosti a spracovania va\u0161ich osobn\u00fdch \u00fadajov v s\u00falade s ochranou osobn\u00fdch \u00fadajov.<\/p>\n<ol>\n<li><strong>Cezhrani\u010dn\u00e9 spracovanie osobn\u00fdch \u00fadajov<\/strong><\/li>\n<\/ol>\n<p>Ka\u017ed\u00fd prenos osobn\u00fdch \u00fadajov mimo Eur\u00f3pskeho hospod\u00e1rskeho priestoru (EHP) pr\u00edjemcovi s bydliskom alebo s\u00eddlom v krajine, na ktor\u00fa sa nevz\u0165ahuje rozhodnutie Eur\u00f3pskej komisie o primeranosti, sa bude riadi\u0165 ustanoveniami dohody o prenose \u00fadajov, ktor\u00e1 bu\u010f <strong>(i)<\/strong> bude obsahova\u0165 \u0161tandardn\u00e9 zmluvn\u00e9 dolo\u017eky stanoven\u00e9 v rozhodnut\u00ed Eur\u00f3pskej komisie z 5. febru\u00e1ra 2010 (rozhodnutie 2010\/87\/ES), alebo <strong>(ii) <\/strong>zabezpe\u010di\u0165 primeran\u00e9 z\u00e1ruky prostredn\u00edctvom ak\u00e9hoko\u013evek in\u00e9ho mechanizmu pod\u013ea z\u00e1kona o ochrane osobn\u00fdch \u00fadajov alebo in\u00fdch predpisov upravuj\u00facich sprac\u00favanie osobn\u00fdch \u00fadajov.<\/p>\n<ol>\n<li><strong>Ukladanie osobn\u00fdch \u00fadajov<\/strong><\/li>\n<\/ol>\n<p>Okrem pr\u00edpadov, ke\u010f sa vy\u017eaduje alebo je od\u00f4vodnen\u00e9 dlh\u0161ie obdobie uchov\u00e1vania <strong>(i) <\/strong>pod\u013ea z\u00e1kona alebo <strong>(ii)<\/strong> prostredn\u00edctvom splnenia inej z\u00e1konnej povinnosti, Spolo\u010dnos\u0165 Alro uchov\u00e1va va\u0161e osobn\u00e9 \u00fadaje len po dobu nevyhnutn\u00fa na dosiahnutie a splnenie \u00fa\u010delov op\u00edsan\u00fdch v tomto vyhl\u00e1sen\u00ed o ochrane osobn\u00fdch \u00fadajov v \u010dasti \u201eIII. Pou\u017e\u00edvanie osobn\u00fdch \u00fadajov\u201c.<\/p>\n<ul>\n<li><strong>Va\u0161e pr\u00e1va na s\u00fakromie<\/strong><\/li>\n<\/ul>\n<p>V s\u00favislosti so spracovan\u00edm va\u0161ich osobn\u00fdch \u00fadajov m\u00e1te tieto pr\u00e1va na ochranu osobn\u00fdch \u00fadajov:<\/p>\n<ul>\n<li>Pr\u00e1vo na pr\u00edstup k va\u0161im osobn\u00fdm \u00fadajom;<\/li>\n<li>Pr\u00e1vo na opravu, doplnenie alebo aktualiz\u00e1ciu va\u0161ich osobn\u00fdch \u00fadajov;<\/li>\n<li>Pr\u00e1vo na vymazanie va\u0161ich osobn\u00fdch \u00fadajov (\u201epr\u00e1vo by\u0165 zabudnut\u00fd\u201c);<\/li>\n<li>Pr\u00e1vo obmedzi\u0165 spracovanie va\u0161ich osobn\u00fdch \u00fadajov;<\/li>\n<li>Pr\u00e1vo na prenosnos\u0165 va\u0161ich osobn\u00fdch \u00fadajov;<\/li>\n<li>Pr\u00e1vo namieta\u0165\/odmietnu\u0165 spracovanie va\u0161ich osobn\u00fdch \u00fadajov.<\/li>\n<\/ul>\n<p>Ak chcete uplatni\u0165 svoje pr\u00e1va na ochranu osobn\u00fdch \u00fadajov, obr\u00e1\u0165te sa na privacy@alro.be.<\/p>\n<ul>\n<li><strong>Bezpe\u010dnos\u0165 osobn\u00fdch \u00fadajov<\/strong><\/li>\n<\/ul>\n<p>Spolo\u010dnos\u0165 Alro sa zav\u00e4zuje prija\u0165 vhodn\u00e9 a primeran\u00e9 fyzick\u00e9, technologick\u00e9 a organiza\u010dn\u00e9 bezpe\u010dnostn\u00e9 opatrenia s cie\u013eom zabr\u00e1ni\u0165 <strong>(i)<\/strong> neopr\u00e1vnen\u00fd alebo nez\u00e1konn\u00fd pr\u00edstup k va\u0161im osobn\u00fdm \u00fadajom, ako aj\u00a0<strong>(ii)<\/strong> strata, zneu\u017eitie alebo zmena va\u0161ich osobn\u00fdch \u00fadajov.<\/p>\n<p>Spolo\u010dnos\u0165 Alro uchov\u00e1va v\u0161etky zhroma\u017eden\u00e9 osobn\u00e9 \u00fadaje na serveroch na svojich str\u00e1nkach, ako aj na zdie\u013eanom disku a serveroch tret\u00edch str\u00e1n (okrem in\u00e9ho na po\u0161tovom serveri, CRM at\u010f.).<\/p>\n<p>Bez oh\u013eadu na\u00a0<strong>(i)<\/strong>\u00a0Bezpe\u010dnostn\u00e1 politika spolo\u010dnosti Alro,<strong>\u00a0(ii)\u00a0<\/strong>kontroly, ktor\u00e9 vykon\u00e1va, a\u00a0<strong>(iii)<\/strong>\u00a0\u010dinnosti, ktor\u00e9 v tejto s\u00favislosti vykon\u00e1va, nemo\u017eno zaru\u010di\u0165 spo\u013eahliv\u00fa \u00farove\u0148 bezpe\u010dnosti. \u017diadna met\u00f3da prenosu alebo prenosu cez internet ani \u017eiadna met\u00f3da elektronick\u00e9ho ukladania nie je stopercentne bezpe\u010dn\u00e1, tak\u017ee spolo\u010dnos\u0165 Alro nem\u00f4\u017ee v tejto s\u00favislosti zaru\u010di\u0165 absol\u00fatnu bezpe\u010dnos\u0165.<\/p>\n<ol>\n<li><strong>Aktualiz\u00e1cia vyhl\u00e1senia o ochrane osobn\u00fdch \u00fadajov<\/strong><\/li>\n<\/ol>\n<p>Spolo\u010dnos\u0165 Alro je opr\u00e1vnen\u00e1 aktualizova\u0165 toto vyhl\u00e1senie o ochrane osobn\u00fdch \u00fadajov uverejnen\u00edm novej verzie na webovej str\u00e1nke. V tomto r\u00e1mci sa d\u00f4razne odpor\u00fa\u010da, aby ste pravidelne kontrolovali webov\u00e9 str\u00e1nky a pr\u00edslu\u0161n\u00fa str\u00e1nku, na ktorej sa nach\u00e1dza vyhl\u00e1senie o ochrane osobn\u00fdch \u00fadajov, aby ste sa uistili, \u017ee ste obozn\u00e1men\u00ed so v\u0161etk\u00fdmi zmenami.<\/p>\n<ol>\n<li><strong>Odkazy na in\u00e9 webov\u00e9 str\u00e1nky<\/strong><\/li>\n<\/ol>\n<p>Webov\u00e1 lokalita m\u00f4\u017ee potenci\u00e1lne obsahova\u0165 hypertextov\u00e9 odkazy na in\u00e9 webov\u00e9 lokality. Ke\u010f kliknete na jeden z t\u00fdchto odkazov, m\u00f4\u017eete by\u0165 presmerovan\u00ed na in\u00fa webov\u00fa lokalitu alebo internetov\u00fd zdroj, ktor\u00fd m\u00f4\u017ee vedome alebo prostredn\u00edctvom s\u00faborov cookie alebo in\u00fdch technol\u00f3gi\u00ed zhroma\u017e\u010fova\u0165 inform\u00e1cie o v\u00e1s. Spolo\u010dnos\u0165 Alro nepreber\u00e1 \u017eiadnu zodpovednos\u0165, ru\u010denie ani kontrolu nad t\u00fdmito in\u00fdmi webov\u00fdmi str\u00e1nkami alebo internetov\u00fdmi zdrojmi, ani nad ich zhroma\u017e\u010fovan\u00edm, pou\u017e\u00edvan\u00edm a \u0161\u00edren\u00edm va\u0161ich osobn\u00fdch \u00fadajov. Mali by ste si skontrolova\u0165 z\u00e1sady ochrany osobn\u00fdch \u00fadajov t\u00fdchto in\u00fdch webov\u00fdch str\u00e1nok a internetov\u00fdch zdrojov, aby ste zistili, \u010di s\u00fa v s\u00falade s pr\u00e1vnymi predpismi o ochrane osobn\u00fdch \u00fadajov.<\/p>\n<ol>\n<li><strong>Kontaktova\u0165 spolo\u010dnos\u0165 Alro<\/strong><\/li>\n<\/ol>\n<p>Ak m\u00e1te ak\u00e9ko\u013evek ot\u00e1zky t\u00fdkaj\u00face sa vyhl\u00e1senia o ochrane osobn\u00fdch \u00fadajov alebo toho, ako spolo\u010dnos\u0165 Alro zhroma\u017e\u010fuje, pou\u017e\u00edva alebo sprac\u00fava va\u0161e osobn\u00e9 \u00fadaje, kontaktujte n\u00e1s:<\/p>\n<ul>\n<li>Prostredn\u00edctvom e-mailu: privacy@alro.be,<\/li>\n<\/ul>\n<p>alebo<\/p>\n<ul>\n<li>Po\u0161tou: Alro NV<\/li>\n<\/ul>\n<p>Kruishoefstraat 52<\/p>\n<p>3650 Dilsen-Stokkem<\/p>\n<p>Ak nie ste spokojn\u00ed so sp\u00f4sobom, ak\u00fdm spolo\u010dnos\u0165 Alro spracovala tieto ot\u00e1zky alebo pripomienky, alebo ak m\u00e1te s\u0165a\u017enosti na sp\u00f4sob, ak\u00fdm spolo\u010dnos\u0165 Alro zhroma\u017e\u010fuje, pou\u017e\u00edva alebo sprac\u00fava va\u0161e \u00fadaje, m\u00f4\u017eete poda\u0165 s\u0165a\u017enos\u0165 dozorn\u00e9mu org\u00e1nu.[\/vc_column_text][\/vc_column][\/vc_row]<\/p>\n","protected":false},"excerpt":{"rendered":"<p>[vc_row css=&#8220;.vc_custom_1654060019024{padding-top: 3em !important;padding-bottom: 3em !important;}&#8220;][vc_column][vc_column_text]Ch\u00e1peme, \u017ee va\u0161a d\u00f4vera v n\u00e1s je najd\u00f4le\u017eitej\u0161ou hodnotou1: Spolo\u010dnos\u0165 s ru\u010den\u00edm obmedzen\u00fdm \u201eALRO HOLDINGS\u201c,<span class=\"excerpt-hellip\"> [\u2026]<\/span><\/p>\n","protected":false},"author":4,"featured_media":0,"parent":0,"menu_order":0,"comment_status":"closed","ping_status":"closed","template":"","meta":{"inline_featured_image":false,"footnotes":""},"class_list":["post-5604","page","type-page","status-publish","hentry"],"acf":[],"yoast_head":"<!-- This site is optimized with the Yoast SEO plugin v19.10 - https:\/\/yoast.com\/wordpress\/plugins\/seo\/ -->\n<title>Privacy disclaimer - Alro Group<\/title>\n<meta name=\"description\" content=\"Wij begrijpen dat uw vertrouwen in ons het belangrijkste kapitaal is van Alro. Uw privacy is essentieel voor ons. - Privacy disclaimer\" \/>\n<meta name=\"robots\" content=\"index, follow, max-snippet:-1, max-image-preview:large, max-video-preview:-1\" \/>\n<link rel=\"canonical\" href=\"https:\/\/www.alro-group.com\/sk\/privacy-disclaimer-sk\/\" \/>\n<meta property=\"og:locale\" content=\"sk_SK\" \/>\n<meta property=\"og:type\" content=\"article\" \/>\n<meta property=\"og:title\" content=\"Privacy disclaimer - Alro Group\" \/>\n<meta property=\"og:description\" content=\"Wij begrijpen dat uw vertrouwen in ons het belangrijkste kapitaal is van Alro. Uw privacy is essentieel voor ons. - Privacy disclaimer\" \/>\n<meta property=\"og:url\" content=\"https:\/\/www.alro-group.com\/sk\/privacy-disclaimer-sk\/\" \/>\n<meta property=\"og:site_name\" content=\"Alro Group\" \/>\n<meta property=\"article:modified_time\" content=\"2024-09-24T09:10:33+00:00\" \/>\n<meta name=\"twitter:card\" content=\"summary_large_image\" \/>\n<meta name=\"twitter:label1\" content=\"Predpokladan\u00fd \u010das \u010d\u00edtania\" \/>\n\t<meta name=\"twitter:data1\" content=\"8 min\u00fat\" \/>\n<script type=\"application\/ld+json\" class=\"yoast-schema-graph\">{\"@context\":\"https:\/\/schema.org\",\"@graph\":[{\"@type\":\"WebPage\",\"@id\":\"https:\/\/www.alro-group.com\/sk\/privacy-disclaimer-sk\/\",\"url\":\"https:\/\/www.alro-group.com\/sk\/privacy-disclaimer-sk\/\",\"name\":\"Privacy disclaimer - Alro Group\",\"isPartOf\":{\"@id\":\"https:\/\/www.alro-group.com\/sk\/#website\"},\"datePublished\":\"2022-06-01T05:03:55+00:00\",\"dateModified\":\"2024-09-24T09:10:33+00:00\",\"description\":\"Wij begrijpen dat uw vertrouwen in ons het belangrijkste kapitaal is van Alro. Uw privacy is essentieel voor ons. - Privacy disclaimer\",\"breadcrumb\":{\"@id\":\"https:\/\/www.alro-group.com\/sk\/privacy-disclaimer-sk\/#breadcrumb\"},\"inLanguage\":\"sk-SK\",\"potentialAction\":[{\"@type\":\"ReadAction\",\"target\":[\"https:\/\/www.alro-group.com\/sk\/privacy-disclaimer-sk\/\"]}]},{\"@type\":\"BreadcrumbList\",\"@id\":\"https:\/\/www.alro-group.com\/sk\/privacy-disclaimer-sk\/#breadcrumb\",\"itemListElement\":[{\"@type\":\"ListItem\",\"position\":1,\"name\":\"Home\",\"item\":\"https:\/\/www.alro-group.com\/sk\/\"},{\"@type\":\"ListItem\",\"position\":2,\"name\":\"Privacy disclaimer\"}]},{\"@type\":\"WebSite\",\"@id\":\"https:\/\/www.alro-group.com\/sk\/#website\",\"url\":\"https:\/\/www.alro-group.com\/sk\/\",\"name\":\"Alro Group\",\"description\":\"In ontwikkeling\",\"potentialAction\":[{\"@type\":\"SearchAction\",\"target\":{\"@type\":\"EntryPoint\",\"urlTemplate\":\"https:\/\/www.alro-group.com\/sk\/?s={search_term_string}\"},\"query-input\":\"required name=search_term_string\"}],\"inLanguage\":\"sk-SK\"}]}<\/script>\n<!-- \/ Yoast SEO plugin. -->","yoast_head_json":{"title":"Privacy disclaimer - Alro Group","description":"Wij begrijpen dat uw vertrouwen in ons het belangrijkste kapitaal is van Alro. Uw privacy is essentieel voor ons. - Privacy disclaimer","robots":{"index":"index","follow":"follow","max-snippet":"max-snippet:-1","max-image-preview":"max-image-preview:large","max-video-preview":"max-video-preview:-1"},"canonical":"https:\/\/www.alro-group.com\/sk\/privacy-disclaimer-sk\/","og_locale":"sk_SK","og_type":"article","og_title":"Privacy disclaimer - Alro Group","og_description":"Wij begrijpen dat uw vertrouwen in ons het belangrijkste kapitaal is van Alro. Uw privacy is essentieel voor ons. - Privacy disclaimer","og_url":"https:\/\/www.alro-group.com\/sk\/privacy-disclaimer-sk\/","og_site_name":"Alro Group","article_modified_time":"2024-09-24T09:10:33+00:00","twitter_card":"summary_large_image","twitter_misc":{"Predpokladan\u00fd \u010das \u010d\u00edtania":"8 min\u00fat"},"schema":{"@context":"https:\/\/schema.org","@graph":[{"@type":"WebPage","@id":"https:\/\/www.alro-group.com\/sk\/privacy-disclaimer-sk\/","url":"https:\/\/www.alro-group.com\/sk\/privacy-disclaimer-sk\/","name":"Privacy disclaimer - Alro Group","isPartOf":{"@id":"https:\/\/www.alro-group.com\/sk\/#website"},"datePublished":"2022-06-01T05:03:55+00:00","dateModified":"2024-09-24T09:10:33+00:00","description":"Wij begrijpen dat uw vertrouwen in ons het belangrijkste kapitaal is van Alro. Uw privacy is essentieel voor ons. - Privacy disclaimer","breadcrumb":{"@id":"https:\/\/www.alro-group.com\/sk\/privacy-disclaimer-sk\/#breadcrumb"},"inLanguage":"sk-SK","potentialAction":[{"@type":"ReadAction","target":["https:\/\/www.alro-group.com\/sk\/privacy-disclaimer-sk\/"]}]},{"@type":"BreadcrumbList","@id":"https:\/\/www.alro-group.com\/sk\/privacy-disclaimer-sk\/#breadcrumb","itemListElement":[{"@type":"ListItem","position":1,"name":"Home","item":"https:\/\/www.alro-group.com\/sk\/"},{"@type":"ListItem","position":2,"name":"Privacy disclaimer"}]},{"@type":"WebSite","@id":"https:\/\/www.alro-group.com\/sk\/#website","url":"https:\/\/www.alro-group.com\/sk\/","name":"Alro Group","description":"In ontwikkeling","potentialAction":[{"@type":"SearchAction","target":{"@type":"EntryPoint","urlTemplate":"https:\/\/www.alro-group.com\/sk\/?s={search_term_string}"},"query-input":"required name=search_term_string"}],"inLanguage":"sk-SK"}]}},"_links":{"self":[{"href":"https:\/\/www.alro-group.com\/sk\/wp-json\/wp\/v2\/pages\/5604","targetHints":{"allow":["GET"]}}],"collection":[{"href":"https:\/\/www.alro-group.com\/sk\/wp-json\/wp\/v2\/pages"}],"about":[{"href":"https:\/\/www.alro-group.com\/sk\/wp-json\/wp\/v2\/types\/page"}],"author":[{"embeddable":true,"href":"https:\/\/www.alro-group.com\/sk\/wp-json\/wp\/v2\/users\/4"}],"replies":[{"embeddable":true,"href":"https:\/\/www.alro-group.com\/sk\/wp-json\/wp\/v2\/comments?post=5604"}],"version-history":[{"count":6,"href":"https:\/\/www.alro-group.com\/sk\/wp-json\/wp\/v2\/pages\/5604\/revisions"}],"predecessor-version":[{"id":5616,"href":"https:\/\/www.alro-group.com\/sk\/wp-json\/wp\/v2\/pages\/5604\/revisions\/5616"}],"wp:attachment":[{"href":"https:\/\/www.alro-group.com\/sk\/wp-json\/wp\/v2\/media?parent=5604"}],"curies":[{"name":"wp","href":"https:\/\/api.w.org\/{rel}","templated":true}]}}