{"id":3709,"date":"2022-06-13T13:48:03","date_gmt":"2022-06-13T11:48:03","guid":{"rendered":"https:\/\/www.alro-group.com\/\/bedankt\/"},"modified":"2023-09-12T09:43:54","modified_gmt":"2023-09-12T07:43:54","slug":"dakujem","status":"publish","type":"page","link":"https:\/\/www.alro-group.com\/sk\/bedankt\/","title":{"rendered":"\u010eakujem"},"content":{"rendered":"<p>[vc_row full_width=&#8220;stretch_row&#8220; css_animation=&#8220;none&#8220; el_class=&#8220;thanku_sec border-top&#8220; css=&#8220;.vc_custom_1653654793943{padding-top: 6em !important;padding-bottom: 6em !important;}&#8220;][vc_column][vc_single_image image=&#8220;2710&#8243; img_size=&#8220;full&#8220; alignment=&#8220;center&#8220; css_animation=&#8220;fadeInUp&#8220;][vc_empty_space height=&#8220;20px&#8220;][vc_custom_heading text=&#8220;\u010eAKUJEME ZA VA\u0160U \u017dIADOS\u0164!&#8220; font_container=&#8220;tag:h1|text_align:center&#8220; use_theme_fonts=&#8220;yes&#8220; css_animation=&#8220;fadeInUp&#8220; el_class=&#8220;cusheading&#8220; css=&#8220;.vc_custom_1675855697631{margin-bottom: 0px !important;}&#8220;][vc_custom_heading text=&#8220;Presk\u00famame va\u0161u \u017eiados\u0165 a ozveme sa v\u00e1m \u010do najsk\u00f4r!&#8220; font_container=&#8220;tag:h4|font_size:26|text_align:center|color:%23b1c2cb&#8220; use_theme_fonts=&#8220;yes&#8220; css_animation=&#8220;fadeInUp&#8220; el_class=&#8220;text-uppercase&#8220;][vc_empty_space height=&#8220;15px&#8220;][vc_btn title=&#8220;SP\u00c4\u0164 NA HOME&#8220; style=&#8220;classic&#8220; shape=&#8220;square&#8220; align=&#8220;center&#8220; i_icon_fontawesome=&#8220;far fa-arrow-alt-circle-left&#8220; add_icon=&#8220;true&#8220; link=&#8220;url:%2F|&#8220; el_class=&#8220;cusbtn arrowbtn&#8220;][\/vc_column][\/vc_row]<\/p>\n","protected":false},"excerpt":{"rendered":"<p>[vc_row full_width=&#8220;stretch_row&#8220; css_animation=&#8220;none&#8220; el_class=&#8220;thanku_sec border-top&#8220; css=&#8220;.vc_custom_1653654793943{padding-top: 6em !important;padding-bottom: 6em !important;}&#8220;][vc_column][vc_single_image image=&#8220;2710&#8243; img_size=&#8220;full&#8220; alignment=&#8220;center&#8220; css_animation=&#8220;fadeInUp&#8220;][vc_empty_space height=&#8220;20px&#8220;][vc_custom_heading text=&#8220;\u010eAKUJEME ZA VA\u0160U \u017dIADOS\u0164!&#8220; font_container=&#8220;tag:h1|text_align:center&#8220;<span class=\"excerpt-hellip\"> [\u2026]<\/span><\/p>\n","protected":false},"author":4,"featured_media":0,"parent":0,"menu_order":0,"comment_status":"closed","ping_status":"closed","template":"","meta":{"inline_featured_image":false,"footnotes":""},"class_list":["post-3709","page","type-page","status-publish","hentry"],"acf":[],"yoast_head":"<!-- This site is optimized with the Yoast SEO plugin v19.10 - https:\/\/yoast.com\/wordpress\/plugins\/seo\/ -->\n<title>\u010eakujem - Alro Group<\/title>\n<meta name=\"description\" content=\"\u010eakujeme za va\u0161u \u017eiados\u0165! Presk\u00famame va\u0161u \u017eiados\u0165 a ozveme sa v\u00e1m \u010do najsk\u00f4r! Pozrite si zvy\u0161ok na\u0161ej webovej str\u00e1nky! - \u010eakujem - Alro Group\" \/>\n<meta name=\"robots\" content=\"index, follow, max-snippet:-1, max-image-preview:large, max-video-preview:-1\" \/>\n<link rel=\"canonical\" href=\"https:\/\/www.alro-group.com\/sk\/bedankt\/\" \/>\n<meta property=\"og:locale\" content=\"sk_SK\" \/>\n<meta property=\"og:type\" content=\"article\" \/>\n<meta property=\"og:title\" content=\"\u010eakujem - Alro Group\" \/>\n<meta property=\"og:description\" content=\"\u010eakujeme za va\u0161u \u017eiados\u0165! Presk\u00famame va\u0161u \u017eiados\u0165 a ozveme sa v\u00e1m \u010do najsk\u00f4r! Pozrite si zvy\u0161ok na\u0161ej webovej str\u00e1nky! - \u010eakujem - Alro Group\" \/>\n<meta property=\"og:url\" content=\"https:\/\/www.alro-group.com\/sk\/bedankt\/\" \/>\n<meta property=\"og:site_name\" content=\"Alro Group\" \/>\n<meta property=\"article:modified_time\" content=\"2023-09-12T07:43:54+00:00\" \/>\n<meta name=\"twitter:card\" content=\"summary_large_image\" \/>\n<meta name=\"twitter:label1\" content=\"Predpokladan\u00fd \u010das \u010d\u00edtania\" \/>\n\t<meta name=\"twitter:data1\" content=\"1 min\u00fata\" \/>\n<script type=\"application\/ld+json\" class=\"yoast-schema-graph\">{\"@context\":\"https:\/\/schema.org\",\"@graph\":[{\"@type\":\"WebPage\",\"@id\":\"https:\/\/www.alro-group.com\/sk\/bedankt\/\",\"url\":\"https:\/\/www.alro-group.com\/sk\/bedankt\/\",\"name\":\"\u010eakujem - Alro Group\",\"isPartOf\":{\"@id\":\"https:\/\/www.alro-group.com\/sk\/#website\"},\"datePublished\":\"2022-06-13T11:48:03+00:00\",\"dateModified\":\"2023-09-12T07:43:54+00:00\",\"description\":\"\u010eakujeme za va\u0161u \u017eiados\u0165! Presk\u00famame va\u0161u \u017eiados\u0165 a ozveme sa v\u00e1m \u010do najsk\u00f4r! Pozrite si zvy\u0161ok na\u0161ej webovej str\u00e1nky! - \u010eakujem - Alro Group\",\"breadcrumb\":{\"@id\":\"https:\/\/www.alro-group.com\/sk\/bedankt\/#breadcrumb\"},\"inLanguage\":\"sk-SK\",\"potentialAction\":[{\"@type\":\"ReadAction\",\"target\":[\"https:\/\/www.alro-group.com\/sk\/bedankt\/\"]}]},{\"@type\":\"BreadcrumbList\",\"@id\":\"https:\/\/www.alro-group.com\/sk\/bedankt\/#breadcrumb\",\"itemListElement\":[{\"@type\":\"ListItem\",\"position\":1,\"name\":\"Home\",\"item\":\"https:\/\/www.alro-group.com\/sk\/\"},{\"@type\":\"ListItem\",\"position\":2,\"name\":\"\u010eakujem\"}]},{\"@type\":\"WebSite\",\"@id\":\"https:\/\/www.alro-group.com\/sk\/#website\",\"url\":\"https:\/\/www.alro-group.com\/sk\/\",\"name\":\"Alro Group\",\"description\":\"In ontwikkeling\",\"potentialAction\":[{\"@type\":\"SearchAction\",\"target\":{\"@type\":\"EntryPoint\",\"urlTemplate\":\"https:\/\/www.alro-group.com\/sk\/?s={search_term_string}\"},\"query-input\":\"required name=search_term_string\"}],\"inLanguage\":\"sk-SK\"}]}<\/script>\n<!-- \/ Yoast SEO plugin. -->","yoast_head_json":{"title":"\u010eakujem - Alro Group","description":"\u010eakujeme za va\u0161u \u017eiados\u0165! Presk\u00famame va\u0161u \u017eiados\u0165 a ozveme sa v\u00e1m \u010do najsk\u00f4r! Pozrite si zvy\u0161ok na\u0161ej webovej str\u00e1nky! - \u010eakujem - Alro Group","robots":{"index":"index","follow":"follow","max-snippet":"max-snippet:-1","max-image-preview":"max-image-preview:large","max-video-preview":"max-video-preview:-1"},"canonical":"https:\/\/www.alro-group.com\/sk\/bedankt\/","og_locale":"sk_SK","og_type":"article","og_title":"\u010eakujem - Alro Group","og_description":"\u010eakujeme za va\u0161u \u017eiados\u0165! Presk\u00famame va\u0161u \u017eiados\u0165 a ozveme sa v\u00e1m \u010do najsk\u00f4r! Pozrite si zvy\u0161ok na\u0161ej webovej str\u00e1nky! - \u010eakujem - Alro Group","og_url":"https:\/\/www.alro-group.com\/sk\/bedankt\/","og_site_name":"Alro Group","article_modified_time":"2023-09-12T07:43:54+00:00","twitter_card":"summary_large_image","twitter_misc":{"Predpokladan\u00fd \u010das \u010d\u00edtania":"1 min\u00fata"},"schema":{"@context":"https:\/\/schema.org","@graph":[{"@type":"WebPage","@id":"https:\/\/www.alro-group.com\/sk\/bedankt\/","url":"https:\/\/www.alro-group.com\/sk\/bedankt\/","name":"\u010eakujem - Alro Group","isPartOf":{"@id":"https:\/\/www.alro-group.com\/sk\/#website"},"datePublished":"2022-06-13T11:48:03+00:00","dateModified":"2023-09-12T07:43:54+00:00","description":"\u010eakujeme za va\u0161u \u017eiados\u0165! Presk\u00famame va\u0161u \u017eiados\u0165 a ozveme sa v\u00e1m \u010do najsk\u00f4r! Pozrite si zvy\u0161ok na\u0161ej webovej str\u00e1nky! - \u010eakujem - Alro Group","breadcrumb":{"@id":"https:\/\/www.alro-group.com\/sk\/bedankt\/#breadcrumb"},"inLanguage":"sk-SK","potentialAction":[{"@type":"ReadAction","target":["https:\/\/www.alro-group.com\/sk\/bedankt\/"]}]},{"@type":"BreadcrumbList","@id":"https:\/\/www.alro-group.com\/sk\/bedankt\/#breadcrumb","itemListElement":[{"@type":"ListItem","position":1,"name":"Home","item":"https:\/\/www.alro-group.com\/sk\/"},{"@type":"ListItem","position":2,"name":"\u010eakujem"}]},{"@type":"WebSite","@id":"https:\/\/www.alro-group.com\/sk\/#website","url":"https:\/\/www.alro-group.com\/sk\/","name":"Alro Group","description":"In ontwikkeling","potentialAction":[{"@type":"SearchAction","target":{"@type":"EntryPoint","urlTemplate":"https:\/\/www.alro-group.com\/sk\/?s={search_term_string}"},"query-input":"required name=search_term_string"}],"inLanguage":"sk-SK"}]}},"_links":{"self":[{"href":"https:\/\/www.alro-group.com\/sk\/wp-json\/wp\/v2\/pages\/3709","targetHints":{"allow":["GET"]}}],"collection":[{"href":"https:\/\/www.alro-group.com\/sk\/wp-json\/wp\/v2\/pages"}],"about":[{"href":"https:\/\/www.alro-group.com\/sk\/wp-json\/wp\/v2\/types\/page"}],"author":[{"embeddable":true,"href":"https:\/\/www.alro-group.com\/sk\/wp-json\/wp\/v2\/users\/4"}],"replies":[{"embeddable":true,"href":"https:\/\/www.alro-group.com\/sk\/wp-json\/wp\/v2\/comments?post=3709"}],"version-history":[{"count":4,"href":"https:\/\/www.alro-group.com\/sk\/wp-json\/wp\/v2\/pages\/3709\/revisions"}],"predecessor-version":[{"id":4882,"href":"https:\/\/www.alro-group.com\/sk\/wp-json\/wp\/v2\/pages\/3709\/revisions\/4882"}],"wp:attachment":[{"href":"https:\/\/www.alro-group.com\/sk\/wp-json\/wp\/v2\/media?parent=3709"}],"curies":[{"name":"wp","href":"https:\/\/api.w.org\/{rel}","templated":true}]}}