{"id":3702,"date":"2022-05-20T11:20:46","date_gmt":"2022-05-20T09:20:46","guid":{"rendered":"https:\/\/www.alro-group.com\/\/404-2\/"},"modified":"2024-09-20T12:45:35","modified_gmt":"2024-09-20T10:45:35","slug":"404-2","status":"publish","type":"page","link":"https:\/\/www.alro-group.com\/sk\/404\/","title":{"rendered":"404"},"content":{"rendered":"<p>[vc_row full_width=&#8220;stretch_row&#8220; el_class=&#8220;not_found_sec&#8220; css=&#8220;.vc_custom_1653038862082{padding-top: 6em !important;padding-bottom: 6em !important;}&#8220;][vc_column][vc_custom_heading text=&#8220;404&#8243; font_container=&#8220;tag:h1|font_size:200|text_align:center&#8220; use_theme_fonts=&#8220;yes&#8220;][vc_custom_heading text=&#8220;NEM\u00d4\u017dEME N\u00c1JS\u0164 T\u00daTO STR\u00c1NKU&#8220; font_container=&#8220;tag:h2|text_align:center|color:%23b1c2cb&#8220; use_theme_fonts=&#8220;yes&#8220; el_class=&#8220;cusheading&#8220;][vc_empty_space height=&#8220;25px&#8220;][vc_btn title=&#8220;SP\u00c4\u0164 NA HOME&#8220; style=&#8220;classic&#8220; shape=&#8220;square&#8220; align=&#8220;center&#8220; i_icon_fontawesome=&#8220;far fa-arrow-alt-circle-left&#8220; add_icon=&#8220;true&#8220; link=&#8220;url:https%3A%2F%2Fwww.alro-group.com%2Fsk%2F&#8220; el_class=&#8220;cusbtn arrowbtn&#8220;][vc_empty_space height=&#8220;25px&#8220;][\/vc_column][\/vc_row]<\/p>\n","protected":false},"excerpt":{"rendered":"<p>[vc_row full_width=&#8220;stretch_row&#8220; el_class=&#8220;not_found_sec&#8220; css=&#8220;.vc_custom_1653038862082{padding-top: 6em !important;padding-bottom: 6em !important;}&#8220;][vc_column][vc_custom_heading text=&#8220;404&#8243; font_container=&#8220;tag:h1|font_size:200|text_align:center&#8220; use_theme_fonts=&#8220;yes&#8220;][vc_custom_heading text=&#8220;NEM\u00d4\u017dEME N\u00c1JS\u0164 T\u00daTO STR\u00c1NKU&#8220; font_container=&#8220;tag:h2|text_align:center|color:%23b1c2cb&#8220; use_theme_fonts=&#8220;yes&#8220; el_class=&#8220;cusheading&#8220;][vc_empty_space height=&#8220;25px&#8220;][vc_btn title=&#8220;SP\u00c4\u0164<span class=\"excerpt-hellip\"> [\u2026]<\/span><\/p>\n","protected":false},"author":4,"featured_media":0,"parent":0,"menu_order":0,"comment_status":"closed","ping_status":"closed","template":"","meta":{"inline_featured_image":false,"footnotes":""},"class_list":["post-3702","page","type-page","status-publish","hentry"],"acf":[],"yoast_head":"<!-- This site is optimized with the Yoast SEO plugin v19.10 - https:\/\/yoast.com\/wordpress\/plugins\/seo\/ -->\n<title>404 - Alro Group<\/title>\n<meta name=\"description\" content=\"404! Ups, nem\u00f4\u017eeme n\u00e1js\u0165 t\u00fato str\u00e1nku. Ale neop\u00fa\u0161\u0165ajte n\u00e1s! Radi v\u00e1m pom\u00f4\u017eeme n\u00e1js\u0165 cestu sp\u00e4\u0165. - Alro Group\" \/>\n<meta name=\"robots\" content=\"index, follow, max-snippet:-1, max-image-preview:large, max-video-preview:-1\" \/>\n<link rel=\"canonical\" href=\"https:\/\/www.alro-group.com\/sk\/404\/\" \/>\n<meta property=\"og:locale\" content=\"sk_SK\" \/>\n<meta property=\"og:type\" content=\"article\" \/>\n<meta property=\"og:title\" content=\"404 - Alro Group\" \/>\n<meta property=\"og:description\" content=\"404! Ups, nem\u00f4\u017eeme n\u00e1js\u0165 t\u00fato str\u00e1nku. Ale neop\u00fa\u0161\u0165ajte n\u00e1s! Radi v\u00e1m pom\u00f4\u017eeme n\u00e1js\u0165 cestu sp\u00e4\u0165. - Alro Group\" \/>\n<meta property=\"og:url\" content=\"https:\/\/www.alro-group.com\/sk\/404\/\" \/>\n<meta property=\"og:site_name\" content=\"Alro Group\" \/>\n<meta property=\"article:modified_time\" content=\"2024-09-20T10:45:35+00:00\" \/>\n<meta name=\"twitter:card\" content=\"summary_large_image\" \/>\n<meta name=\"twitter:label1\" content=\"Predpokladan\u00fd \u010das \u010d\u00edtania\" \/>\n\t<meta name=\"twitter:data1\" content=\"1 min\u00fata\" \/>\n<script type=\"application\/ld+json\" class=\"yoast-schema-graph\">{\"@context\":\"https:\/\/schema.org\",\"@graph\":[{\"@type\":\"WebPage\",\"@id\":\"https:\/\/www.alro-group.com\/sk\/404\/\",\"url\":\"https:\/\/www.alro-group.com\/sk\/404\/\",\"name\":\"404 - Alro Group\",\"isPartOf\":{\"@id\":\"https:\/\/www.alro-group.com\/sk\/#website\"},\"datePublished\":\"2022-05-20T09:20:46+00:00\",\"dateModified\":\"2024-09-20T10:45:35+00:00\",\"description\":\"404! Ups, nem\u00f4\u017eeme n\u00e1js\u0165 t\u00fato str\u00e1nku. Ale neop\u00fa\u0161\u0165ajte n\u00e1s! Radi v\u00e1m pom\u00f4\u017eeme n\u00e1js\u0165 cestu sp\u00e4\u0165. - Alro Group\",\"breadcrumb\":{\"@id\":\"https:\/\/www.alro-group.com\/sk\/404\/#breadcrumb\"},\"inLanguage\":\"sk-SK\",\"potentialAction\":[{\"@type\":\"ReadAction\",\"target\":[\"https:\/\/www.alro-group.com\/sk\/404\/\"]}]},{\"@type\":\"BreadcrumbList\",\"@id\":\"https:\/\/www.alro-group.com\/sk\/404\/#breadcrumb\",\"itemListElement\":[{\"@type\":\"ListItem\",\"position\":1,\"name\":\"Home\",\"item\":\"https:\/\/www.alro-group.com\/sk\/\"},{\"@type\":\"ListItem\",\"position\":2,\"name\":\"404\"}]},{\"@type\":\"WebSite\",\"@id\":\"https:\/\/www.alro-group.com\/sk\/#website\",\"url\":\"https:\/\/www.alro-group.com\/sk\/\",\"name\":\"Alro Group\",\"description\":\"In ontwikkeling\",\"potentialAction\":[{\"@type\":\"SearchAction\",\"target\":{\"@type\":\"EntryPoint\",\"urlTemplate\":\"https:\/\/www.alro-group.com\/sk\/?s={search_term_string}\"},\"query-input\":\"required name=search_term_string\"}],\"inLanguage\":\"sk-SK\"}]}<\/script>\n<!-- \/ Yoast SEO plugin. -->","yoast_head_json":{"title":"404 - Alro Group","description":"404! Ups, nem\u00f4\u017eeme n\u00e1js\u0165 t\u00fato str\u00e1nku. Ale neop\u00fa\u0161\u0165ajte n\u00e1s! Radi v\u00e1m pom\u00f4\u017eeme n\u00e1js\u0165 cestu sp\u00e4\u0165. - Alro Group","robots":{"index":"index","follow":"follow","max-snippet":"max-snippet:-1","max-image-preview":"max-image-preview:large","max-video-preview":"max-video-preview:-1"},"canonical":"https:\/\/www.alro-group.com\/sk\/404\/","og_locale":"sk_SK","og_type":"article","og_title":"404 - Alro Group","og_description":"404! Ups, nem\u00f4\u017eeme n\u00e1js\u0165 t\u00fato str\u00e1nku. Ale neop\u00fa\u0161\u0165ajte n\u00e1s! Radi v\u00e1m pom\u00f4\u017eeme n\u00e1js\u0165 cestu sp\u00e4\u0165. - Alro Group","og_url":"https:\/\/www.alro-group.com\/sk\/404\/","og_site_name":"Alro Group","article_modified_time":"2024-09-20T10:45:35+00:00","twitter_card":"summary_large_image","twitter_misc":{"Predpokladan\u00fd \u010das \u010d\u00edtania":"1 min\u00fata"},"schema":{"@context":"https:\/\/schema.org","@graph":[{"@type":"WebPage","@id":"https:\/\/www.alro-group.com\/sk\/404\/","url":"https:\/\/www.alro-group.com\/sk\/404\/","name":"404 - Alro Group","isPartOf":{"@id":"https:\/\/www.alro-group.com\/sk\/#website"},"datePublished":"2022-05-20T09:20:46+00:00","dateModified":"2024-09-20T10:45:35+00:00","description":"404! Ups, nem\u00f4\u017eeme n\u00e1js\u0165 t\u00fato str\u00e1nku. Ale neop\u00fa\u0161\u0165ajte n\u00e1s! Radi v\u00e1m pom\u00f4\u017eeme n\u00e1js\u0165 cestu sp\u00e4\u0165. - Alro Group","breadcrumb":{"@id":"https:\/\/www.alro-group.com\/sk\/404\/#breadcrumb"},"inLanguage":"sk-SK","potentialAction":[{"@type":"ReadAction","target":["https:\/\/www.alro-group.com\/sk\/404\/"]}]},{"@type":"BreadcrumbList","@id":"https:\/\/www.alro-group.com\/sk\/404\/#breadcrumb","itemListElement":[{"@type":"ListItem","position":1,"name":"Home","item":"https:\/\/www.alro-group.com\/sk\/"},{"@type":"ListItem","position":2,"name":"404"}]},{"@type":"WebSite","@id":"https:\/\/www.alro-group.com\/sk\/#website","url":"https:\/\/www.alro-group.com\/sk\/","name":"Alro Group","description":"In ontwikkeling","potentialAction":[{"@type":"SearchAction","target":{"@type":"EntryPoint","urlTemplate":"https:\/\/www.alro-group.com\/sk\/?s={search_term_string}"},"query-input":"required name=search_term_string"}],"inLanguage":"sk-SK"}]}},"_links":{"self":[{"href":"https:\/\/www.alro-group.com\/sk\/wp-json\/wp\/v2\/pages\/3702","targetHints":{"allow":["GET"]}}],"collection":[{"href":"https:\/\/www.alro-group.com\/sk\/wp-json\/wp\/v2\/pages"}],"about":[{"href":"https:\/\/www.alro-group.com\/sk\/wp-json\/wp\/v2\/types\/page"}],"author":[{"embeddable":true,"href":"https:\/\/www.alro-group.com\/sk\/wp-json\/wp\/v2\/users\/4"}],"replies":[{"embeddable":true,"href":"https:\/\/www.alro-group.com\/sk\/wp-json\/wp\/v2\/comments?post=3702"}],"version-history":[{"count":3,"href":"https:\/\/www.alro-group.com\/sk\/wp-json\/wp\/v2\/pages\/3702\/revisions"}],"predecessor-version":[{"id":5603,"href":"https:\/\/www.alro-group.com\/sk\/wp-json\/wp\/v2\/pages\/3702\/revisions\/5603"}],"wp:attachment":[{"href":"https:\/\/www.alro-group.com\/sk\/wp-json\/wp\/v2\/media?parent=3702"}],"curies":[{"name":"wp","href":"https:\/\/api.w.org\/{rel}","templated":true}]}}