{"id":3521,"date":"2022-06-07T11:38:40","date_gmt":"2022-06-07T09:38:40","guid":{"rendered":"https:\/\/www.alro-group.com\/\/werken-bij\/solliciteer-spontaan\/"},"modified":"2023-10-25T09:14:04","modified_gmt":"2023-10-25T07:14:04","slug":"prihlaste-sa-spontanne","status":"publish","type":"page","link":"https:\/\/www.alro-group.com\/sk\/pracovne-miesta\/prihlaste-sa-spontanne\/","title":{"rendered":"Prihl\u00e1ste sa spont\u00e1nne!"},"content":{"rendered":"<p>[vc_section css=&#8220;.vc_custom_1653051102729{padding-top: 4em !important;padding-bottom: 4em !important;}&#8220;][vc_row][vc_column][vc_custom_heading text=&#8220;PRIHL\u00c1STE SA SPONT\u00c1NNE!&#8220; font_container=&#8220;tag:h2|text_align:center&#8220; use_theme_fonts=&#8220;yes&#8220; el_class=&#8220;cusheading&#8220; css=&#8220;.vc_custom_1674196889615{margin-bottom: 0px !important;}&#8220;][vc_empty_space height=&#8220;20px&#8220;][\/vc_column][\/vc_row][vc_row equal_height=&#8220;yes&#8220; el_class=&#8220;cusform&#8220;][vc_column]<div role=\"form\" class=\"wpcf7\" id=\"wpcf7-f3636-o1\" lang=\"nl-NL\" dir=\"ltr\">\n<div class=\"screen-reader-response\"><p role=\"status\" aria-live=\"polite\" aria-atomic=\"true\"><\/p> <ul><\/ul><\/div>\n<form action=\"\/sk\/wp-json\/wp\/v2\/pages\/3521#wpcf7-f3636-o1\" method=\"post\" class=\"wpcf7-form init\" enctype=\"multipart\/form-data\" novalidate=\"novalidate\" data-status=\"init\">\n<div style=\"display: none;\">\n<input type=\"hidden\" name=\"_wpcf7\" value=\"3636\" \/>\n<input type=\"hidden\" name=\"_wpcf7_version\" value=\"5.6.3\" \/>\n<input type=\"hidden\" name=\"_wpcf7_locale\" value=\"nl_NL\" \/>\n<input type=\"hidden\" name=\"_wpcf7_unit_tag\" value=\"wpcf7-f3636-o1\" \/>\n<input type=\"hidden\" name=\"_wpcf7_container_post\" value=\"0\" \/>\n<input type=\"hidden\" name=\"_wpcf7_posted_data_hash\" value=\"\" \/>\n<input type=\"hidden\" name=\"_wpcf7_recaptcha_response\" value=\"\" \/>\n<\/div>\n<p><label><span class=\"wpcf7-form-control-wrap\" data-name=\"voornaam\"><input type=\"text\" name=\"voornaam\" value=\"\" size=\"40\" class=\"wpcf7-form-control wpcf7-text wpcf7-validates-as-required\" aria-required=\"true\" aria-invalid=\"false\" placeholder=\"Krstn\u00e9 meno*\" \/><\/span> <\/label><\/p>\n<p><label><span class=\"wpcf7-form-control-wrap\" data-name=\"naam\"><input type=\"text\" name=\"naam\" value=\"\" size=\"40\" class=\"wpcf7-form-control wpcf7-text wpcf7-validates-as-required\" aria-required=\"true\" aria-invalid=\"false\" placeholder=\"Priezvisko*\" \/><\/span> <\/label><\/p>\n<p><label><span class=\"wpcf7-form-control-wrap\" data-name=\"your-email\"><input type=\"email\" name=\"your-email\" value=\"\" size=\"40\" class=\"wpcf7-form-control wpcf7-text wpcf7-email wpcf7-validates-as-required wpcf7-validates-as-email\" aria-required=\"true\" aria-invalid=\"false\" placeholder=\"E-mail*\" \/><\/span> <\/label><\/p>\n<p><label><span class=\"wpcf7-form-control-wrap\" data-name=\"telefoon\"><input type=\"tel\" name=\"telefoon\" value=\"\" size=\"40\" class=\"wpcf7-form-control wpcf7-text wpcf7-tel wpcf7-validates-as-tel\" aria-invalid=\"false\" placeholder=\"Telef\u00f3n\" \/><\/span><span class=\"gray\">(Volite\u013en\u00e9)<\/span> <\/label><\/p>\n<p><label><span class=\"wpcf7-form-control-wrap\" data-name=\"Woonplaats\"><input type=\"text\" name=\"Woonplaats\" value=\"\" size=\"40\" class=\"wpcf7-form-control wpcf7-text\" aria-invalid=\"false\" placeholder=\"Mesto\" \/><\/span><span class=\"gray\">(Volite\u013en\u00e9)<\/span> <\/label><\/p>\n<p><label><span class=\"wpcf7-form-control-wrap\" data-name=\"Postcode\"><input type=\"number\" name=\"Postcode\" value=\"\" class=\"wpcf7-form-control wpcf7-number wpcf7-validates-as-number\" aria-invalid=\"false\" placeholder=\"PS\u010c\" \/><\/span><span class=\"gray\">(Volite\u013en\u00e9)<\/span> <\/label><\/p>\n<p><label><span class=\"wpcf7-form-control-wrap\" data-name=\"Straatnaam\"><input type=\"text\" name=\"Straatnaam\" value=\"\" size=\"40\" class=\"wpcf7-form-control wpcf7-text\" aria-invalid=\"false\" placeholder=\"N\u00e1zov ulice a \u010d\u00edslo domu\" \/><\/span><span class=\"gray\">(Volite\u013en\u00e9)<\/span> <\/label><\/p>\n<p><label><span class=\"wpcf7-form-control-wrap\" data-name=\"geboortedatum\"><input type=\"text\" name=\"geboortedatum\" value=\"\" size=\"40\" class=\"wpcf7-form-control wpcf7-text wpcf7-validates-as-required walcf7-datepicker-dob\" aria-required=\"true\" aria-invalid=\"false\" placeholder=\"D\u00e1tum narodenia*\" \/><\/span><span>Form\u00e1t d\u00e1tumu: 03\/07\/1998<\/span> <\/label><\/p>\n<p><label>Sem nahrajte svoj \u017eivotopis alebo in\u00fd relevantn\u00fd s\u00fabor.<span class=\"wpcf7-form-control-wrap\" data-name=\"CV\"><input type=\"file\" name=\"CV\" size=\"40\" class=\"wpcf7-form-control wpcf7-file wpcf7-validates-as-required cusfile_upload\" id=\"cvupload\" accept=\".pdf,.txt,.jpg,.png,.docx,.doc\" aria-required=\"true\" aria-invalid=\"false\" \/><\/span><span> Maxim\u00e1lna ve\u013ekos\u0165 s\u00faboru: 5 MB*<\/span><\/label><\/p>\n<p><label>Sem nahrajte svoj sprievodn\u00fd list.<span class=\"wpcf7-form-control-wrap\" data-name=\"motivatiebrief\"><input type=\"file\" name=\"motivatiebrief\" size=\"40\" class=\"wpcf7-form-control wpcf7-file cusfile_upload\" id=\"filupload\" accept=\".pdf,.txt,.jpg,.png,.docx,.doc\" aria-invalid=\"false\" \/><\/span><span><\/span><\/label><\/p>\n<p class=\"col12\"><label> Motiv\u00e1cia: Pre\u010do by ste pracova\u0165 pre spolo\u010dnos\u0165 Alro Group?*<br \/>\n    <span class=\"wpcf7-form-control-wrap\" data-name=\"your-message\"><textarea name=\"your-message\" cols=\"40\" rows=\"10\" class=\"wpcf7-form-control wpcf7-textarea wpcf7-validates-as-required\" aria-required=\"true\" aria-invalid=\"false\"><\/textarea><\/span> <\/label><\/p>\n<p class=\"col12 pt-0\"><span class=\"wpcf7-form-control-wrap\" data-name=\"checkbox-766\"><span class=\"wpcf7-form-control wpcf7-checkbox wpcf7-validates-as-required cuschcekbox\"><span class=\"wpcf7-list-item first last\"><label><input type=\"checkbox\" name=\"checkbox-766[]\" value=\"S\u00fahlas\u00edm s uchov\u00e1van\u00edm svojich \u00fadajov na 1 rok. *\" \/><span class=\"wpcf7-list-item-label\">S\u00fahlas\u00edm s uchov\u00e1van\u00edm svojich \u00fadajov na 1 rok. *<\/span><\/label><\/span><\/span><\/span><\/p>\n<p class=\"col12 lastcheckbox pt-0\"><span class=\"wpcf7-form-control-wrap\" data-name=\"checkbox-411\"><span class=\"wpcf7-form-control wpcf7-checkbox wpcf7-validates-as-required cuschcekbox\"><span class=\"wpcf7-list-item first last\"><label><input type=\"checkbox\" name=\"checkbox-411[]\" value=\"Za\u0161krtnut\u00edm tohto pol\u00ed\u010dka v\u00fdslovne vyhlasujete, \u017ee ste si pre\u010d\u00edtali z\u00e1sady ochrany \u00fadajov a s\u00fahlas\u00edte s t\u00fdm, aby spolo\u010dnos\u0165 Alro Group sprac\u00favala va\u0161e \u00fadaje v s\u00falade s princ\u00edpmi a postupmi z\u00e1sad. \u2013 Chcete zisti\u0165 viac? *\" \/><span class=\"wpcf7-list-item-label\">Za\u0161krtnut\u00edm tohto pol\u00ed\u010dka v\u00fdslovne vyhlasujete, \u017ee ste si pre\u010d\u00edtali z\u00e1sady ochrany \u00fadajov a s\u00fahlas\u00edte s t\u00fdm, aby spolo\u010dnos\u0165 Alro Group sprac\u00favala va\u0161e \u00fadaje v s\u00falade s princ\u00edpmi a postupmi z\u00e1sad. \u2013 Chcete zisti\u0165 viac? *<\/span><\/label><\/span><\/span><\/span><\/p>\n<div id=\"cf7sr-69f5ad393e5f1\" class=\"cf7sr-g-recaptcha\" data-theme=\"light\" data-type=\"image\" data-size=\"normal\" data-sitekey=\"6LdDUIQpAAAAAMtngiaU8dp2vkLd3Gu49MY-s9w1\"><\/div><span class=\"wpcf7-form-control-wrap cf7sr-recaptcha\" data-name=\"cf7sr-recaptcha\"><input type=\"hidden\" name=\"cf7sr-recaptcha\" value=\"\" class=\"wpcf7-form-control\"><\/span> <\/p>\n<p class=\"submit_button\"><input type=\"submit\" value=\"Prihl\u00e1ste sa teraz\" class=\"wpcf7-form-control has-spinner wpcf7-submit\" \/><\/p>\n<div class=\"wpcf7-response-output\" aria-hidden=\"true\"><\/div><\/form><\/div>[\/vc_column][\/vc_row][\/vc_section]<\/p>\n","protected":false},"excerpt":{"rendered":"<p>[vc_section css=&#8220;.vc_custom_1653051102729{padding-top: 4em !important;padding-bottom: 4em !important;}&#8220;][vc_row][vc_column][vc_custom_heading text=&#8220;PRIHL\u00c1STE SA SPONT\u00c1NNE!&#8220; font_container=&#8220;tag:h2|text_align:center&#8220; use_theme_fonts=&#8220;yes&#8220; el_class=&#8220;cusheading&#8220; css=&#8220;.vc_custom_1674196889615{margin-bottom: 0px !important;}&#8220;][vc_empty_space height=&#8220;20px&#8220;][\/vc_column][\/vc_row][vc_row equal_height=&#8220;yes&#8220; el_class=&#8220;cusform&#8220;][vc_column][\/vc_column][\/vc_row][\/vc_section]<\/p>\n","protected":false},"author":4,"featured_media":0,"parent":3382,"menu_order":0,"comment_status":"closed","ping_status":"closed","template":"","meta":{"inline_featured_image":false,"footnotes":""},"class_list":["post-3521","page","type-page","status-publish","hentry"],"acf":[],"yoast_head":"<!-- This site is optimized with the Yoast SEO plugin v19.10 - https:\/\/yoast.com\/wordpress\/plugins\/seo\/ -->\n<title>Prihl\u00e1ste sa spont\u00e1nne! - Alro Group<\/title>\n<meta name=\"description\" content=\"M\u00e1te z\u00e1ujem o pr\u00e1cu v skupine Alro? Potom sa spont\u00e1nne prihl\u00e1ste teraz! Te\u0161\u00edme sa na va\u0161u \u017eiados\u0165! - Prihl\u00e1ste sa spont\u00e1nne!\" \/>\n<meta name=\"robots\" content=\"index, follow, max-snippet:-1, max-image-preview:large, max-video-preview:-1\" \/>\n<link rel=\"canonical\" href=\"https:\/\/www.alro-group.com\/sk\/pracovne-miesta\/prihlaste-sa-spontanne\/\" \/>\n<meta property=\"og:locale\" content=\"sk_SK\" \/>\n<meta property=\"og:type\" content=\"article\" \/>\n<meta property=\"og:title\" content=\"Prihl\u00e1ste sa spont\u00e1nne! - Alro Group\" \/>\n<meta property=\"og:description\" content=\"M\u00e1te z\u00e1ujem o pr\u00e1cu v skupine Alro? Potom sa spont\u00e1nne prihl\u00e1ste teraz! Te\u0161\u00edme sa na va\u0161u \u017eiados\u0165! - Prihl\u00e1ste sa spont\u00e1nne!\" \/>\n<meta property=\"og:url\" content=\"https:\/\/www.alro-group.com\/sk\/pracovne-miesta\/prihlaste-sa-spontanne\/\" \/>\n<meta property=\"og:site_name\" content=\"Alro Group\" \/>\n<meta property=\"article:modified_time\" content=\"2023-10-25T07:14:04+00:00\" \/>\n<meta name=\"twitter:card\" content=\"summary_large_image\" \/>\n<meta name=\"twitter:label1\" content=\"Predpokladan\u00fd \u010das \u010d\u00edtania\" \/>\n\t<meta name=\"twitter:data1\" content=\"1 min\u00fata\" \/>\n<script type=\"application\/ld+json\" class=\"yoast-schema-graph\">{\"@context\":\"https:\/\/schema.org\",\"@graph\":[{\"@type\":\"WebPage\",\"@id\":\"https:\/\/www.alro-group.com\/sk\/pracovne-miesta\/prihlaste-sa-spontanne\/\",\"url\":\"https:\/\/www.alro-group.com\/sk\/pracovne-miesta\/prihlaste-sa-spontanne\/\",\"name\":\"Prihl\u00e1ste sa spont\u00e1nne! - Alro Group\",\"isPartOf\":{\"@id\":\"https:\/\/www.alro-group.com\/sk\/#website\"},\"datePublished\":\"2022-06-07T09:38:40+00:00\",\"dateModified\":\"2023-10-25T07:14:04+00:00\",\"description\":\"M\u00e1te z\u00e1ujem o pr\u00e1cu v skupine Alro? Potom sa spont\u00e1nne prihl\u00e1ste teraz! Te\u0161\u00edme sa na va\u0161u \u017eiados\u0165! - Prihl\u00e1ste sa spont\u00e1nne!\",\"breadcrumb\":{\"@id\":\"https:\/\/www.alro-group.com\/sk\/pracovne-miesta\/prihlaste-sa-spontanne\/#breadcrumb\"},\"inLanguage\":\"sk-SK\",\"potentialAction\":[{\"@type\":\"ReadAction\",\"target\":[\"https:\/\/www.alro-group.com\/sk\/pracovne-miesta\/prihlaste-sa-spontanne\/\"]}]},{\"@type\":\"BreadcrumbList\",\"@id\":\"https:\/\/www.alro-group.com\/sk\/pracovne-miesta\/prihlaste-sa-spontanne\/#breadcrumb\",\"itemListElement\":[{\"@type\":\"ListItem\",\"position\":1,\"name\":\"Home\",\"item\":\"https:\/\/www.alro-group.com\/sk\/\"},{\"@type\":\"ListItem\",\"position\":2,\"name\":\"Pracovn\u00e9 miesta\",\"item\":\"https:\/\/www.alro-group.com\/sk\/pracovne-miesta\/\"},{\"@type\":\"ListItem\",\"position\":3,\"name\":\"Prihl\u00e1ste sa spont\u00e1nne!\"}]},{\"@type\":\"WebSite\",\"@id\":\"https:\/\/www.alro-group.com\/sk\/#website\",\"url\":\"https:\/\/www.alro-group.com\/sk\/\",\"name\":\"Alro Group\",\"description\":\"In ontwikkeling\",\"potentialAction\":[{\"@type\":\"SearchAction\",\"target\":{\"@type\":\"EntryPoint\",\"urlTemplate\":\"https:\/\/www.alro-group.com\/sk\/?s={search_term_string}\"},\"query-input\":\"required name=search_term_string\"}],\"inLanguage\":\"sk-SK\"}]}<\/script>\n<!-- \/ Yoast SEO plugin. -->","yoast_head_json":{"title":"Prihl\u00e1ste sa spont\u00e1nne! - Alro Group","description":"M\u00e1te z\u00e1ujem o pr\u00e1cu v skupine Alro? Potom sa spont\u00e1nne prihl\u00e1ste teraz! Te\u0161\u00edme sa na va\u0161u \u017eiados\u0165! - Prihl\u00e1ste sa spont\u00e1nne!","robots":{"index":"index","follow":"follow","max-snippet":"max-snippet:-1","max-image-preview":"max-image-preview:large","max-video-preview":"max-video-preview:-1"},"canonical":"https:\/\/www.alro-group.com\/sk\/pracovne-miesta\/prihlaste-sa-spontanne\/","og_locale":"sk_SK","og_type":"article","og_title":"Prihl\u00e1ste sa spont\u00e1nne! - Alro Group","og_description":"M\u00e1te z\u00e1ujem o pr\u00e1cu v skupine Alro? Potom sa spont\u00e1nne prihl\u00e1ste teraz! Te\u0161\u00edme sa na va\u0161u \u017eiados\u0165! - Prihl\u00e1ste sa spont\u00e1nne!","og_url":"https:\/\/www.alro-group.com\/sk\/pracovne-miesta\/prihlaste-sa-spontanne\/","og_site_name":"Alro Group","article_modified_time":"2023-10-25T07:14:04+00:00","twitter_card":"summary_large_image","twitter_misc":{"Predpokladan\u00fd \u010das \u010d\u00edtania":"1 min\u00fata"},"schema":{"@context":"https:\/\/schema.org","@graph":[{"@type":"WebPage","@id":"https:\/\/www.alro-group.com\/sk\/pracovne-miesta\/prihlaste-sa-spontanne\/","url":"https:\/\/www.alro-group.com\/sk\/pracovne-miesta\/prihlaste-sa-spontanne\/","name":"Prihl\u00e1ste sa spont\u00e1nne! - Alro Group","isPartOf":{"@id":"https:\/\/www.alro-group.com\/sk\/#website"},"datePublished":"2022-06-07T09:38:40+00:00","dateModified":"2023-10-25T07:14:04+00:00","description":"M\u00e1te z\u00e1ujem o pr\u00e1cu v skupine Alro? Potom sa spont\u00e1nne prihl\u00e1ste teraz! Te\u0161\u00edme sa na va\u0161u \u017eiados\u0165! - Prihl\u00e1ste sa spont\u00e1nne!","breadcrumb":{"@id":"https:\/\/www.alro-group.com\/sk\/pracovne-miesta\/prihlaste-sa-spontanne\/#breadcrumb"},"inLanguage":"sk-SK","potentialAction":[{"@type":"ReadAction","target":["https:\/\/www.alro-group.com\/sk\/pracovne-miesta\/prihlaste-sa-spontanne\/"]}]},{"@type":"BreadcrumbList","@id":"https:\/\/www.alro-group.com\/sk\/pracovne-miesta\/prihlaste-sa-spontanne\/#breadcrumb","itemListElement":[{"@type":"ListItem","position":1,"name":"Home","item":"https:\/\/www.alro-group.com\/sk\/"},{"@type":"ListItem","position":2,"name":"Pracovn\u00e9 miesta","item":"https:\/\/www.alro-group.com\/sk\/pracovne-miesta\/"},{"@type":"ListItem","position":3,"name":"Prihl\u00e1ste sa spont\u00e1nne!"}]},{"@type":"WebSite","@id":"https:\/\/www.alro-group.com\/sk\/#website","url":"https:\/\/www.alro-group.com\/sk\/","name":"Alro Group","description":"In ontwikkeling","potentialAction":[{"@type":"SearchAction","target":{"@type":"EntryPoint","urlTemplate":"https:\/\/www.alro-group.com\/sk\/?s={search_term_string}"},"query-input":"required name=search_term_string"}],"inLanguage":"sk-SK"}]}},"_links":{"self":[{"href":"https:\/\/www.alro-group.com\/sk\/wp-json\/wp\/v2\/pages\/3521","targetHints":{"allow":["GET"]}}],"collection":[{"href":"https:\/\/www.alro-group.com\/sk\/wp-json\/wp\/v2\/pages"}],"about":[{"href":"https:\/\/www.alro-group.com\/sk\/wp-json\/wp\/v2\/types\/page"}],"author":[{"embeddable":true,"href":"https:\/\/www.alro-group.com\/sk\/wp-json\/wp\/v2\/users\/4"}],"replies":[{"embeddable":true,"href":"https:\/\/www.alro-group.com\/sk\/wp-json\/wp\/v2\/comments?post=3521"}],"version-history":[{"count":5,"href":"https:\/\/www.alro-group.com\/sk\/wp-json\/wp\/v2\/pages\/3521\/revisions"}],"predecessor-version":[{"id":5350,"href":"https:\/\/www.alro-group.com\/sk\/wp-json\/wp\/v2\/pages\/3521\/revisions\/5350"}],"up":[{"embeddable":true,"href":"https:\/\/www.alro-group.com\/sk\/wp-json\/wp\/v2\/pages\/3382"}],"wp:attachment":[{"href":"https:\/\/www.alro-group.com\/sk\/wp-json\/wp\/v2\/media?parent=3521"}],"curies":[{"name":"wp","href":"https:\/\/api.w.org\/{rel}","templated":true}]}}