{"id":3392,"date":"2023-01-11T14:06:54","date_gmt":"2023-01-11T13:06:54","guid":{"rendered":"https:\/\/www.alro-group.com\/\/?page_id=3392"},"modified":"2023-09-12T09:24:24","modified_gmt":"2023-09-12T07:24:24","slug":"novinky","status":"publish","type":"page","link":"https:\/\/www.alro-group.com\/sk\/novinky\/","title":{"rendered":"Novinky"},"content":{"rendered":"<p>[vc_row css=&#8220;.vc_custom_1653041352278{padding-top: 4em !important;padding-bottom: 4em !important;}&#8220;][vc_column][vc_custom_heading text=&#8220;Najnov\u0161ie spr\u00e1vy od spolo\u010dnosti Alro Group n\u00e1jdete tu&#8220; font_container=&#8220;tag:h2|text_align:center&#8220; use_theme_fonts=&#8220;yes&#8220; el_class=&#8220;cusheading&#8220;][vc_empty_space height=&#8220;20px&#8220;][vc_basic_grid post_type=&#8220;post&#8220; max_items=&#8220;&#8220; style=&#8220;pagination&#8220; items_per_page=&#8220;9&#8243; gap=&#8220;5&#8243; arrows_design=&#8220;vc_arrow-icon-arrow_07_left&#8220; arrows_color=&#8220;grey&#8220; paging_design=&#8220;pagination_default&#8220; initial_loading_animation=&#8220;none&#8220; grid_id=&#8220;vc_gid:1673442369034-a312ebfa-cfb0-6&#8243; el_class=&#8220;cusblog&#8220;][\/vc_column][\/vc_row]<\/p>\n","protected":false},"excerpt":{"rendered":"<p>[vc_row css=&#8220;.vc_custom_1653041352278{padding-top: 4em !important;padding-bottom: 4em !important;}&#8220;][vc_column][vc_custom_heading text=&#8220;Najnov\u0161ie spr\u00e1vy od spolo\u010dnosti Alro Group n\u00e1jdete tu&#8220; font_container=&#8220;tag:h2|text_align:center&#8220; use_theme_fonts=&#8220;yes&#8220; el_class=&#8220;cusheading&#8220;][vc_empty_space height=&#8220;20px&#8220;][vc_basic_grid post_type=&#8220;post&#8220; max_items=&#8220;&#8220;<span class=\"excerpt-hellip\"> [\u2026]<\/span><\/p>\n","protected":false},"author":7,"featured_media":0,"parent":0,"menu_order":0,"comment_status":"closed","ping_status":"closed","template":"","meta":{"inline_featured_image":false,"footnotes":""},"class_list":["post-3392","page","type-page","status-publish","hentry"],"acf":[],"yoast_head":"<!-- This site is optimized with the Yoast SEO plugin v19.10 - https:\/\/yoast.com\/wordpress\/plugins\/seo\/ -->\n<title>Novinky - Alro Group<\/title>\n<meta name=\"description\" content=\"M\u00e1te z\u00e1ujem o najnov\u0161ie spr\u00e1vy od spolo\u010dnosti Alro? Najnov\u0161ie spr\u00e1vy zo skupiny Alro n\u00e1jdete tu. Pre\u010d\u00edtajte si viac.- Novinky - Alro Group\" \/>\n<meta name=\"robots\" content=\"index, follow, max-snippet:-1, max-image-preview:large, max-video-preview:-1\" \/>\n<link rel=\"canonical\" href=\"https:\/\/www.alro-group.com\/sk\/novinky\/\" \/>\n<meta property=\"og:locale\" content=\"sk_SK\" \/>\n<meta property=\"og:type\" content=\"article\" \/>\n<meta property=\"og:title\" content=\"Novinky - Alro Group\" \/>\n<meta property=\"og:description\" content=\"M\u00e1te z\u00e1ujem o najnov\u0161ie spr\u00e1vy od spolo\u010dnosti Alro? Najnov\u0161ie spr\u00e1vy zo skupiny Alro n\u00e1jdete tu. Pre\u010d\u00edtajte si viac.- Novinky - Alro Group\" \/>\n<meta property=\"og:url\" content=\"https:\/\/www.alro-group.com\/sk\/novinky\/\" \/>\n<meta property=\"og:site_name\" content=\"Alro Group\" \/>\n<meta property=\"article:modified_time\" content=\"2023-09-12T07:24:24+00:00\" \/>\n<meta name=\"twitter:card\" content=\"summary_large_image\" \/>\n<meta name=\"twitter:label1\" content=\"Predpokladan\u00fd \u010das \u010d\u00edtania\" \/>\n\t<meta name=\"twitter:data1\" content=\"1 min\u00fata\" \/>\n<script type=\"application\/ld+json\" class=\"yoast-schema-graph\">{\"@context\":\"https:\/\/schema.org\",\"@graph\":[{\"@type\":\"WebPage\",\"@id\":\"https:\/\/www.alro-group.com\/sk\/novinky\/\",\"url\":\"https:\/\/www.alro-group.com\/sk\/novinky\/\",\"name\":\"Novinky - Alro Group\",\"isPartOf\":{\"@id\":\"https:\/\/www.alro-group.com\/sk\/#website\"},\"datePublished\":\"2023-01-11T13:06:54+00:00\",\"dateModified\":\"2023-09-12T07:24:24+00:00\",\"description\":\"M\u00e1te z\u00e1ujem o najnov\u0161ie spr\u00e1vy od spolo\u010dnosti Alro? Najnov\u0161ie spr\u00e1vy zo skupiny Alro n\u00e1jdete tu. Pre\u010d\u00edtajte si viac.- Novinky - Alro Group\",\"breadcrumb\":{\"@id\":\"https:\/\/www.alro-group.com\/sk\/novinky\/#breadcrumb\"},\"inLanguage\":\"sk-SK\",\"potentialAction\":[{\"@type\":\"ReadAction\",\"target\":[\"https:\/\/www.alro-group.com\/sk\/novinky\/\"]}]},{\"@type\":\"BreadcrumbList\",\"@id\":\"https:\/\/www.alro-group.com\/sk\/novinky\/#breadcrumb\",\"itemListElement\":[{\"@type\":\"ListItem\",\"position\":1,\"name\":\"Home\",\"item\":\"https:\/\/www.alro-group.com\/sk\/\"},{\"@type\":\"ListItem\",\"position\":2,\"name\":\"Novinky\"}]},{\"@type\":\"WebSite\",\"@id\":\"https:\/\/www.alro-group.com\/sk\/#website\",\"url\":\"https:\/\/www.alro-group.com\/sk\/\",\"name\":\"Alro Group\",\"description\":\"In ontwikkeling\",\"potentialAction\":[{\"@type\":\"SearchAction\",\"target\":{\"@type\":\"EntryPoint\",\"urlTemplate\":\"https:\/\/www.alro-group.com\/sk\/?s={search_term_string}\"},\"query-input\":\"required name=search_term_string\"}],\"inLanguage\":\"sk-SK\"}]}<\/script>\n<!-- \/ Yoast SEO plugin. -->","yoast_head_json":{"title":"Novinky - Alro Group","description":"M\u00e1te z\u00e1ujem o najnov\u0161ie spr\u00e1vy od spolo\u010dnosti Alro? Najnov\u0161ie spr\u00e1vy zo skupiny Alro n\u00e1jdete tu. Pre\u010d\u00edtajte si viac.- Novinky - Alro Group","robots":{"index":"index","follow":"follow","max-snippet":"max-snippet:-1","max-image-preview":"max-image-preview:large","max-video-preview":"max-video-preview:-1"},"canonical":"https:\/\/www.alro-group.com\/sk\/novinky\/","og_locale":"sk_SK","og_type":"article","og_title":"Novinky - Alro Group","og_description":"M\u00e1te z\u00e1ujem o najnov\u0161ie spr\u00e1vy od spolo\u010dnosti Alro? Najnov\u0161ie spr\u00e1vy zo skupiny Alro n\u00e1jdete tu. Pre\u010d\u00edtajte si viac.- Novinky - Alro Group","og_url":"https:\/\/www.alro-group.com\/sk\/novinky\/","og_site_name":"Alro Group","article_modified_time":"2023-09-12T07:24:24+00:00","twitter_card":"summary_large_image","twitter_misc":{"Predpokladan\u00fd \u010das \u010d\u00edtania":"1 min\u00fata"},"schema":{"@context":"https:\/\/schema.org","@graph":[{"@type":"WebPage","@id":"https:\/\/www.alro-group.com\/sk\/novinky\/","url":"https:\/\/www.alro-group.com\/sk\/novinky\/","name":"Novinky - Alro Group","isPartOf":{"@id":"https:\/\/www.alro-group.com\/sk\/#website"},"datePublished":"2023-01-11T13:06:54+00:00","dateModified":"2023-09-12T07:24:24+00:00","description":"M\u00e1te z\u00e1ujem o najnov\u0161ie spr\u00e1vy od spolo\u010dnosti Alro? Najnov\u0161ie spr\u00e1vy zo skupiny Alro n\u00e1jdete tu. Pre\u010d\u00edtajte si viac.- Novinky - Alro Group","breadcrumb":{"@id":"https:\/\/www.alro-group.com\/sk\/novinky\/#breadcrumb"},"inLanguage":"sk-SK","potentialAction":[{"@type":"ReadAction","target":["https:\/\/www.alro-group.com\/sk\/novinky\/"]}]},{"@type":"BreadcrumbList","@id":"https:\/\/www.alro-group.com\/sk\/novinky\/#breadcrumb","itemListElement":[{"@type":"ListItem","position":1,"name":"Home","item":"https:\/\/www.alro-group.com\/sk\/"},{"@type":"ListItem","position":2,"name":"Novinky"}]},{"@type":"WebSite","@id":"https:\/\/www.alro-group.com\/sk\/#website","url":"https:\/\/www.alro-group.com\/sk\/","name":"Alro Group","description":"In ontwikkeling","potentialAction":[{"@type":"SearchAction","target":{"@type":"EntryPoint","urlTemplate":"https:\/\/www.alro-group.com\/sk\/?s={search_term_string}"},"query-input":"required name=search_term_string"}],"inLanguage":"sk-SK"}]}},"_links":{"self":[{"href":"https:\/\/www.alro-group.com\/sk\/wp-json\/wp\/v2\/pages\/3392","targetHints":{"allow":["GET"]}}],"collection":[{"href":"https:\/\/www.alro-group.com\/sk\/wp-json\/wp\/v2\/pages"}],"about":[{"href":"https:\/\/www.alro-group.com\/sk\/wp-json\/wp\/v2\/types\/page"}],"author":[{"embeddable":true,"href":"https:\/\/www.alro-group.com\/sk\/wp-json\/wp\/v2\/users\/7"}],"replies":[{"embeddable":true,"href":"https:\/\/www.alro-group.com\/sk\/wp-json\/wp\/v2\/comments?post=3392"}],"version-history":[{"count":1,"href":"https:\/\/www.alro-group.com\/sk\/wp-json\/wp\/v2\/pages\/3392\/revisions"}],"predecessor-version":[{"id":3393,"href":"https:\/\/www.alro-group.com\/sk\/wp-json\/wp\/v2\/pages\/3392\/revisions\/3393"}],"wp:attachment":[{"href":"https:\/\/www.alro-group.com\/sk\/wp-json\/wp\/v2\/media?parent=3392"}],"curies":[{"name":"wp","href":"https:\/\/api.w.org\/{rel}","templated":true}]}}