{"id":3356,"date":"2022-06-10T08:16:18","date_gmt":"2022-06-10T06:16:18","guid":{"rendered":"https:\/\/www.alro-group.com\/\/spolocenska-zodpovednost-podniku\/werknemers\/"},"modified":"2023-03-14T17:11:51","modified_gmt":"2023-03-14T16:11:51","slug":"zamestnanci","status":"publish","type":"page","link":"https:\/\/www.alro-group.com\/sk\/csr\/zamestnanci\/","title":{"rendered":"Zamestnanci"},"content":{"rendered":"<p>[vc_row equal_height=&#8220;yes&#8220; content_placement=&#8220;middle&#8220; el_class=&#8220;processen_sec&#8220; css=&#8220;.vc_custom_1653581711263{padding-top: 3em !important;padding-bottom: 3em !important;}&#8220;][vc_column width=&#8220;1\/3&#8243;][vc_single_image image=&#8220;3357&#8243; img_size=&#8220;800&#215;800&#8243; el_class=&#8220;round_img&#8220;][\/vc_column][vc_column width=&#8220;2\/3&#8243;][vc_custom_heading text=&#8220;Zamestnanci spolo\u010dnosti Alro Group&#8220; use_theme_fonts=&#8220;yes&#8220; el_class=&#8220;cusheading text-uppercase&#8220;][vc_column_text]Na\u0161i zamestnanci s\u00fa hnacou silou spolo\u010dnosti Alro Group. Intenz\u00edvne sa preto usilujeme o zdrav\u00e9 a bezpe\u010dn\u00e9 pracovn\u00e9 prostredie. Takisto pon\u00fakame mno\u017estvo pr\u00edle\u017eitost\u00ed na kari\u00e9rny postup. Na\u0161a priate\u013esk\u00e1 a otvoren\u00e1 pracovn\u00e1 atmosf\u00e9ra umo\u017e\u0148uje na\u0161im zamestnancom naplno rozvin\u00fa\u0165 svoj potenci\u00e1l. Zamestnanci s\u00fa z\u00e1kladn\u00fdm pilierom spolo\u010dnosti <a href=\"\/sk\/o-nas\/\">Alro Group<\/a> a ka\u017ed\u00fd je v\u00edtan\u00fd, aby spolu s nami prij\u00edmal nov\u00e9 v\u00fdzvy.[\/vc_column_text][\/vc_column][\/vc_row][vc_row full_width=&#8220;stretch_row&#8220; equal_height=&#8220;yes&#8220; content_placement=&#8220;middle&#8220; el_class=&#8220;cartoon_sec&#8220; css=&#8220;.vc_custom_1653656692134{padding-top: 4em !important;background-color: #f4f4f4 !important;}&#8220;][vc_column width=&#8220;5\/12&#8243;][vc_single_image image=&#8220;3824&#8243; img_size=&#8220;full&#8220; alignment=&#8220;center&#8220;][\/vc_column][vc_column width=&#8220;7\/12&#8243;][vc_custom_heading text=&#8220;Bezpe\u010dnos\u0165 na prvom mieste&#8220; use_theme_fonts=&#8220;yes&#8220; el_class=&#8220;cusheading text-uppercase&#8220; css=&#8220;.vc_custom_1673430438758{margin-bottom: 5px !important;}&#8220;][vc_column_text]Bezpe\u010dnos\u0165 je jednou z na\u0161ich prior\u00edt. Vynaklad\u00e1me preto maxim\u00e1lne \u00fasilie na zv\u00fd\u0161enie povedomia o bezpe\u010dnosti na pracovisku. V celej spolo\u010dnosti pou\u017e\u00edvame r\u00f4zne sp\u00fa\u0161\u0165a\u010de, aby sme v\u0161etk\u00fdm zamestnancom v pravideln\u00fdch intervaloch a na r\u00f4znych miestach pripomenuli na\u0161e bezpe\u010dnostn\u00e9 opatrenia.[\/vc_column_text][\/vc_column][\/vc_row][vc_row full_width=&#8220;stretch_row&#8220; parallax=&#8220;content-moving&#8220; parallax_image=&#8220;701&#8243; el_class=&#8220;bgcolor_icon&#8220; css=&#8220;.vc_custom_1653656533633{padding-top: 4em !important;padding-bottom: 4em !important;background-color: #4e809c !important;}&#8220;][vc_column width=&#8220;2\/3&#8243;][vc_custom_heading text=&#8220;Zdravie&#8220; font_container=&#8220;tag:h2|text_align:left|color:%23ffffff&#8220; use_theme_fonts=&#8220;yes&#8220; el_class=&#8220;cusheading text-uppercase&#8220;][vc_column_text el_class=&#8220;text-white&#8220;]Chceme, aby na\u0161i zamestnanci pracovali v t\u00fdch najlep\u0161\u00edch podmienkach. Spolo\u010dnos\u0165 Alro Group preto investuje do ergonomick\u00fdch pracovn\u00fdch stan\u00edc. Optim\u00e1lne dr\u017eanie tela minimalizuje zdravotn\u00e9 \u0165a\u017ekosti a prin\u00e1\u0161a lep\u0161ie v\u00fdsledky. Pri naj\u0165a\u017e\u0161\u00edch pr\u00e1cach poskytuj\u00fa potrebn\u00fa podporu zdv\u00edhacie zariadenia a roboty.<\/p>\n<p>Na zlep\u0161enie svojho zdravia sa zamestnanci m\u00f4\u017eu rozhodn\u00fa\u0165 aj pre prenajat\u00fd bicykel. Na recepcii maj\u00fa zamestnanci k dispoz\u00edcii dva bicykle na kr\u00e1tke v\u00fdlety po are\u00e1li.[\/vc_column_text][\/vc_column][vc_column width=&#8220;1\/3&#8243;][\/vc_column][\/vc_row][vc_row equal_height=&#8220;yes&#8220; content_placement=&#8220;middle&#8220; el_class=&#8220;processen_sec&#8220; css=&#8220;.vc_custom_1653581711263{padding-top: 3em !important;padding-bottom: 3em !important;}&#8220;][vc_column width=&#8220;1\/2&#8243;][vc_single_image image=&#8220;2451&#8243; img_size=&#8220;800&#215;800&#8243; el_class=&#8220;round_img1&#8243;][\/vc_column][vc_column width=&#8220;1\/2&#8243;][vc_custom_heading text=&#8220;Otvoren\u00e9 vz\u0165ahy&#8220; use_theme_fonts=&#8220;yes&#8220; el_class=&#8220;cusheading text-uppercase&#8220;][vc_column_text]Z\u00e1kladom spolo\u010dnosti Alro Group je otvoren\u00e1 pracovn\u00e1 atmosf\u00e9ra. Ka\u017ed\u00fd je k dispoz\u00edcii a pripraven\u00fd diskutova\u0165 o v\u0161eli\u010dom. Na\u0161e dvere s\u00fa v\u017edy otvoren\u00e9. Na podporu pozit\u00edvnej atmosf\u00e9ry pravidelne organizujeme akcie na r\u00f4znych miestach. Pr\u00edkladom tak\u00fdchto akci\u00ed je polro\u010dn\u00fd rodinn\u00fd de\u0148, na\u0161a \u00fa\u010das\u0165 na aktivit\u00e1ch tret\u00edch str\u00e1n, ako je <a href=\"https:\/\/www.genkloopt.be\/\" target=\"_blank\" rel=\"noopener\">Genk Loopt<\/a>, a r\u00f4zne teambuildingov\u00e9 podujatia. Na\u0161i zamestnanci sa m\u00f4\u017eu te\u0161i\u0165 aj na dar\u010deky, \u010di u\u017e na Ve\u013ek\u00fa noc, na Mikul\u00e1\u0161a alebo na konci roka. T\u00fdmto sp\u00f4sobom im vyjadrujeme v\u010faku za ich ka\u017edodenn\u00fa pr\u00e1cu.<\/p>\n<p>Ak ste v spolo\u010dnosti Alro Group nov\u00e1\u010dik, stanete sa s\u00fa\u010das\u0165ou mal\u00e9ho t\u00edmu a prejdete komplexn\u00fdm programom.[\/vc_column_text][\/vc_column][\/vc_row][vc_row full_width=&#8220;stretch_row&#8220; parallax=&#8220;content-moving&#8220; parallax_image=&#8220;709&#8243; el_class=&#8220;bgcolor_icon&#8220; css=&#8220;.vc_custom_1653657093917{padding-top: 4em !important;padding-bottom: 4em !important;background-color: #f4f4f4 !important;}&#8220;][vc_column width=&#8220;2\/3&#8243;][vc_custom_heading text=&#8220;Mo\u017enosti postupu&#8220; use_theme_fonts=&#8220;yes&#8220; el_class=&#8220;cusheading text-uppercase&#8220;][vc_column_text]Na\u0161i zamestnanci s\u00fa hnacou silou spolo\u010dnosti Alro Group. Je pre n\u00e1s d\u00f4le\u017eit\u00e9, aby na\u0161i zamestnanci boli spokojn\u00ed a mohli sa rozv\u00edja\u0165. V spolo\u010dnosti Alro Group je ve\u013ea pracovn\u00fdch pr\u00edle\u017eitost\u00ed \u2013 od br\u00fasi\u010dov po oper\u00e1torov, technikov \u00fadr\u017eby a administrat\u00edvnych pracovn\u00edkov.<\/p>\n<p>V pr\u00edpade vo\u013en\u00e9ho pracovn\u00e9ho miesta sa v\u017edy sna\u017e\u00edme n\u00e1js\u0165 niekoho z na\u0161ej spolo\u010dnosti, kto ho obsad\u00ed. Po\u010das ro\u010dn\u00e9ho hodnotenia sa pozrieme na va\u0161e kari\u00e9rne ciele a pom\u00f4\u017eeme v\u00e1m premyslie\u0165 si va\u0161e kari\u00e9rne mo\u017enosti v spolo\u010dnosti Alro Group.[\/vc_column_text][\/vc_column][vc_column width=&#8220;1\/3&#8243;][\/vc_column][\/vc_row][vc_row full_width=&#8220;stretch_row&#8220; el_class=&#8220;cta_welcom&#8220; css=&#8220;.vc_custom_1656400373385{padding-top: 5em !important;padding-bottom: 5em !important;background-image: url(https:\/\/www.alro-group.com\/\/wp-content\/uploads\/2022\/06\/werknemer-3-scaled.jpg?id=1547) !important;background-position: center !important;background-repeat: no-repeat !important;background-size: cover !important;}&#8220;][vc_column width=&#8220;1\/2&#8243;][\/vc_column][vc_column width=&#8220;1\/2&#8243;][vc_row_inner][vc_column_inner][vc_custom_heading text=&#8220;Ka\u017ed\u00fd je v\u00edtan\u00fd&#8220; use_theme_fonts=&#8220;yes&#8220; el_class=&#8220;cusheading text-uppercase&#8220;][vc_column_text]V spolo\u010dnosti Alro Group m\u00e1 dvere otvoren\u00e9 ka\u017ed\u00fd a s r\u00f4znymi \u00farov\u0148ami vzdelania: \u010di u\u017e pracujete rad\u0161ej hlavou, alebo rukami. M\u00e1me pre v\u00e1s dokonal\u00fa pr\u00e1cu. Sme otvoren\u00ed nov\u00fdm zamestnancom, ktor\u00ed chc\u00fa da\u0165 do pr\u00e1ce v\u0161etko.<\/p>\n<p><strong>Ak sa chcete prida\u0165 k spolo\u010dnosti Alro Group,<br \/>\nnad\u0161enie a odhodlanie s\u00fa na prvom mieste.<\/strong>[\/vc_column_text][vc_empty_space height=&#8220;20px&#8220;][vc_btn title=&#8220;Pozrite si na\u0161u ponuku pracovn\u00fdch miest!&#8220; style=&#8220;classic&#8220; shape=&#8220;square&#8220; el_class=&#8220;cusbtn&#8220; link=&#8220;url:%2Fsk%2Fpracovne-miesta%2F&#8220;][\/vc_column_inner][\/vc_row_inner][\/vc_column][\/vc_row]<\/p>\n","protected":false},"excerpt":{"rendered":"<p>[vc_row equal_height=&#8220;yes&#8220; content_placement=&#8220;middle&#8220; el_class=&#8220;processen_sec&#8220; css=&#8220;.vc_custom_1653581711263{padding-top: 3em !important;padding-bottom: 3em !important;}&#8220;][vc_column width=&#8220;1\/3&#8243;][vc_single_image image=&#8220;3357&#8243; img_size=&#8220;800&#215;800&#8243; el_class=&#8220;round_img&#8220;][\/vc_column][vc_column width=&#8220;2\/3&#8243;][vc_custom_heading text=&#8220;Zamestnanci spolo\u010dnosti Alro Group&#8220; use_theme_fonts=&#8220;yes&#8220; el_class=&#8220;cusheading<span class=\"excerpt-hellip\"> [\u2026]<\/span><\/p>\n","protected":false},"author":4,"featured_media":0,"parent":2782,"menu_order":0,"comment_status":"closed","ping_status":"closed","template":"","meta":{"inline_featured_image":false,"footnotes":""},"class_list":["post-3356","page","type-page","status-publish","hentry"],"acf":[],"yoast_head":"<!-- This site is optimized with the Yoast SEO plugin v19.10 - https:\/\/yoast.com\/wordpress\/plugins\/seo\/ -->\n<title>Zamestnanci - Alro Group<\/title>\n<meta name=\"description\" content=\"Na\u0161i zamestnanci s\u00fa hnacou silou spolo\u010dnosti Alro Group. Intenz\u00edvne sa preto usilujeme o zdrav\u00e9 a bezpe\u010dn\u00e9 pracovn\u00e9 prostredie. \u010c\u00edtaj viac.\" \/>\n<meta name=\"robots\" content=\"index, follow, max-snippet:-1, max-image-preview:large, max-video-preview:-1\" \/>\n<link rel=\"canonical\" href=\"https:\/\/www.alro-group.com\/sk\/csr\/zamestnanci\/\" \/>\n<meta property=\"og:locale\" content=\"sk_SK\" \/>\n<meta property=\"og:type\" content=\"article\" \/>\n<meta property=\"og:title\" content=\"Zamestnanci - Alro Group\" \/>\n<meta property=\"og:description\" content=\"Na\u0161i zamestnanci s\u00fa hnacou silou spolo\u010dnosti Alro Group. Intenz\u00edvne sa preto usilujeme o zdrav\u00e9 a bezpe\u010dn\u00e9 pracovn\u00e9 prostredie. \u010c\u00edtaj viac.\" \/>\n<meta property=\"og:url\" content=\"https:\/\/www.alro-group.com\/sk\/csr\/zamestnanci\/\" \/>\n<meta property=\"og:site_name\" content=\"Alro Group\" \/>\n<meta property=\"article:modified_time\" content=\"2023-03-14T16:11:51+00:00\" \/>\n<meta name=\"twitter:card\" content=\"summary_large_image\" \/>\n<meta name=\"twitter:label1\" content=\"Predpokladan\u00fd \u010das \u010d\u00edtania\" \/>\n\t<meta name=\"twitter:data1\" content=\"3 min\u00faty\" \/>\n<script type=\"application\/ld+json\" class=\"yoast-schema-graph\">{\"@context\":\"https:\/\/schema.org\",\"@graph\":[{\"@type\":\"WebPage\",\"@id\":\"https:\/\/www.alro-group.com\/sk\/csr\/zamestnanci\/\",\"url\":\"https:\/\/www.alro-group.com\/sk\/csr\/zamestnanci\/\",\"name\":\"Zamestnanci - Alro Group\",\"isPartOf\":{\"@id\":\"https:\/\/www.alro-group.com\/sk\/#website\"},\"datePublished\":\"2022-06-10T06:16:18+00:00\",\"dateModified\":\"2023-03-14T16:11:51+00:00\",\"description\":\"Na\u0161i zamestnanci s\u00fa hnacou silou spolo\u010dnosti Alro Group. Intenz\u00edvne sa preto usilujeme o zdrav\u00e9 a bezpe\u010dn\u00e9 pracovn\u00e9 prostredie. \u010c\u00edtaj viac.\",\"breadcrumb\":{\"@id\":\"https:\/\/www.alro-group.com\/sk\/csr\/zamestnanci\/#breadcrumb\"},\"inLanguage\":\"sk-SK\",\"potentialAction\":[{\"@type\":\"ReadAction\",\"target\":[\"https:\/\/www.alro-group.com\/sk\/csr\/zamestnanci\/\"]}]},{\"@type\":\"BreadcrumbList\",\"@id\":\"https:\/\/www.alro-group.com\/sk\/csr\/zamestnanci\/#breadcrumb\",\"itemListElement\":[{\"@type\":\"ListItem\",\"position\":1,\"name\":\"Home\",\"item\":\"https:\/\/www.alro-group.com\/sk\/\"},{\"@type\":\"ListItem\",\"position\":2,\"name\":\"CSR\",\"item\":\"https:\/\/www.alro-group.com\/sk\/csr\/\"},{\"@type\":\"ListItem\",\"position\":3,\"name\":\"Zamestnanci\"}]},{\"@type\":\"WebSite\",\"@id\":\"https:\/\/www.alro-group.com\/sk\/#website\",\"url\":\"https:\/\/www.alro-group.com\/sk\/\",\"name\":\"Alro Group\",\"description\":\"In ontwikkeling\",\"potentialAction\":[{\"@type\":\"SearchAction\",\"target\":{\"@type\":\"EntryPoint\",\"urlTemplate\":\"https:\/\/www.alro-group.com\/sk\/?s={search_term_string}\"},\"query-input\":\"required name=search_term_string\"}],\"inLanguage\":\"sk-SK\"}]}<\/script>\n<!-- \/ Yoast SEO plugin. -->","yoast_head_json":{"title":"Zamestnanci - Alro Group","description":"Na\u0161i zamestnanci s\u00fa hnacou silou spolo\u010dnosti Alro Group. Intenz\u00edvne sa preto usilujeme o zdrav\u00e9 a bezpe\u010dn\u00e9 pracovn\u00e9 prostredie. \u010c\u00edtaj viac.","robots":{"index":"index","follow":"follow","max-snippet":"max-snippet:-1","max-image-preview":"max-image-preview:large","max-video-preview":"max-video-preview:-1"},"canonical":"https:\/\/www.alro-group.com\/sk\/csr\/zamestnanci\/","og_locale":"sk_SK","og_type":"article","og_title":"Zamestnanci - Alro Group","og_description":"Na\u0161i zamestnanci s\u00fa hnacou silou spolo\u010dnosti Alro Group. Intenz\u00edvne sa preto usilujeme o zdrav\u00e9 a bezpe\u010dn\u00e9 pracovn\u00e9 prostredie. \u010c\u00edtaj viac.","og_url":"https:\/\/www.alro-group.com\/sk\/csr\/zamestnanci\/","og_site_name":"Alro Group","article_modified_time":"2023-03-14T16:11:51+00:00","twitter_card":"summary_large_image","twitter_misc":{"Predpokladan\u00fd \u010das \u010d\u00edtania":"3 min\u00faty"},"schema":{"@context":"https:\/\/schema.org","@graph":[{"@type":"WebPage","@id":"https:\/\/www.alro-group.com\/sk\/csr\/zamestnanci\/","url":"https:\/\/www.alro-group.com\/sk\/csr\/zamestnanci\/","name":"Zamestnanci - Alro Group","isPartOf":{"@id":"https:\/\/www.alro-group.com\/sk\/#website"},"datePublished":"2022-06-10T06:16:18+00:00","dateModified":"2023-03-14T16:11:51+00:00","description":"Na\u0161i zamestnanci s\u00fa hnacou silou spolo\u010dnosti Alro Group. Intenz\u00edvne sa preto usilujeme o zdrav\u00e9 a bezpe\u010dn\u00e9 pracovn\u00e9 prostredie. \u010c\u00edtaj viac.","breadcrumb":{"@id":"https:\/\/www.alro-group.com\/sk\/csr\/zamestnanci\/#breadcrumb"},"inLanguage":"sk-SK","potentialAction":[{"@type":"ReadAction","target":["https:\/\/www.alro-group.com\/sk\/csr\/zamestnanci\/"]}]},{"@type":"BreadcrumbList","@id":"https:\/\/www.alro-group.com\/sk\/csr\/zamestnanci\/#breadcrumb","itemListElement":[{"@type":"ListItem","position":1,"name":"Home","item":"https:\/\/www.alro-group.com\/sk\/"},{"@type":"ListItem","position":2,"name":"CSR","item":"https:\/\/www.alro-group.com\/sk\/csr\/"},{"@type":"ListItem","position":3,"name":"Zamestnanci"}]},{"@type":"WebSite","@id":"https:\/\/www.alro-group.com\/sk\/#website","url":"https:\/\/www.alro-group.com\/sk\/","name":"Alro Group","description":"In ontwikkeling","potentialAction":[{"@type":"SearchAction","target":{"@type":"EntryPoint","urlTemplate":"https:\/\/www.alro-group.com\/sk\/?s={search_term_string}"},"query-input":"required name=search_term_string"}],"inLanguage":"sk-SK"}]}},"_links":{"self":[{"href":"https:\/\/www.alro-group.com\/sk\/wp-json\/wp\/v2\/pages\/3356","targetHints":{"allow":["GET"]}}],"collection":[{"href":"https:\/\/www.alro-group.com\/sk\/wp-json\/wp\/v2\/pages"}],"about":[{"href":"https:\/\/www.alro-group.com\/sk\/wp-json\/wp\/v2\/types\/page"}],"author":[{"embeddable":true,"href":"https:\/\/www.alro-group.com\/sk\/wp-json\/wp\/v2\/users\/4"}],"replies":[{"embeddable":true,"href":"https:\/\/www.alro-group.com\/sk\/wp-json\/wp\/v2\/comments?post=3356"}],"version-history":[{"count":5,"href":"https:\/\/www.alro-group.com\/sk\/wp-json\/wp\/v2\/pages\/3356\/revisions"}],"predecessor-version":[{"id":4143,"href":"https:\/\/www.alro-group.com\/sk\/wp-json\/wp\/v2\/pages\/3356\/revisions\/4143"}],"up":[{"embeddable":true,"href":"https:\/\/www.alro-group.com\/sk\/wp-json\/wp\/v2\/pages\/2782"}],"wp:attachment":[{"href":"https:\/\/www.alro-group.com\/sk\/wp-json\/wp\/v2\/media?parent=3356"}],"curies":[{"name":"wp","href":"https:\/\/api.w.org\/{rel}","templated":true}]}}