{"id":3351,"date":"2022-06-10T08:13:58","date_gmt":"2022-06-10T06:13:58","guid":{"rendered":"https:\/\/www.alro-group.com\/\/spolocenska-zodpovednost-podniku\/milieu\/"},"modified":"2024-09-16T10:31:37","modified_gmt":"2024-09-16T08:31:37","slug":"zivotne-prostredie","status":"publish","type":"page","link":"https:\/\/www.alro-group.com\/sk\/csr\/zivotne-prostredie\/","title":{"rendered":"\u017divotn\u00e9 prostredie"},"content":{"rendered":"<p>[vc_row equal_height=&#8220;yes&#8220; content_placement=&#8220;middle&#8220; el_class=&#8220;processen_sec&#8220; css=&#8220;.vc_custom_1653655583008{padding-top: 3em !important;padding-bottom: 3em !important;}&#8220;][vc_column width=&#8220;1\/2&#8243;][vc_single_image image=&#8220;2277&#8243; img_size=&#8220;800&#215;800&#8243; el_class=&#8220;round_img&#8220;][\/vc_column][vc_column width=&#8220;1\/2&#8243;][vc_custom_heading text=&#8220;Mal\u00e1 stopa&#8220; use_theme_fonts=&#8220;yes&#8220; el_class=&#8220;cusheading&#8220;][vc_column_text]V s\u00fa\u010dasnosti mus\u00ed ka\u017ed\u00fd prispie\u0165 k ochrane \u017eivotn\u00e9ho prostredia. Spolo\u010dnos\u0165 Alro Group je tomuto cie\u013eu 100 % zaviazan\u00e1. Ako jedna z prv\u00fdch spolo\u010dnost\u00ed p\u00f4sobiacich v s\u00falade s normou <a href=\"https:\/\/www.alro-group.com\/wp-content\/uploads\/2024\/04\/Alro-ISO-14001-2024-2027-1.pdf\" target=\"_blank\" rel=\"noopener\">ISO 14001<\/a> sme priekopn\u00edkmi udr\u017eate\u013en\u00e9ho podnikania. Norma ISO kontroluje environment\u00e1lne riadenie a technol\u00f3gie spracovania spolo\u010dnosti. Nez\u00e1visl\u00e9 audity sleduj\u00fa dodr\u017eiavanie stanoven\u00fdch vysok\u00fdch \u0161tandardov. V\u010faka pou\u017e\u00edvaniu naj\u0161etrnej\u0161\u00edch v\u00fdrobn\u00fdch technol\u00f3gi\u00ed je na\u0161a ekologick\u00e1 stopa minim\u00e1lna.<\/p>\n<p>V nadch\u00e1dzaj\u00facich rokoch chceme udr\u017eate\u013enos\u0165 \u010falej integrova\u0165 do n\u00e1\u0161ho poslania a v\u00edzie. Moment\u00e1lne pracujeme na konkr\u00e9tnych opatreniach <a href=\"https:\/\/www.voka.be\/vcdo\" target=\"_blank\" rel=\"noopener\">v\u010faka Charte<\/a> udr\u017eate\u013en\u00e9ho podnikania spravovanej fl\u00e1msky zdru\u017een\u00edm Voka. Tie s\u00fa zalo\u017een\u00e9 na ak\u010dnom pl\u00e1ne, ktor\u00fd bol prisp\u00f4soben\u00fd na\u0161ej spolo\u010dnosti. To n\u00e1m umo\u017e\u0148uje dosiahnu\u0165 na\u0161e vlastn\u00e9 ciele udr\u017eate\u013enosti a prispie\u0165 k dosiahnutiu 17 cie\u013eov udr\u017eate\u013en\u00e9ho rozvoja OSN. V\u00fdsledkom je ofici\u00e1lne uznanie n\u00e1\u0161ho \u00fasilia v oblasti spolo\u010denskej zodpovednosti. Na\u0161a spolupr\u00e1ca so zdru\u017een\u00edm Voka znamen\u00e1, \u017ee sa sna\u017e\u00edme o perspekt\u00edvnu a udr\u017eate\u013en\u00fa politiku podniku.[\/vc_column_text][\/vc_column][\/vc_row][vc_row full_width=&#8220;stretch_row&#8220; el_class=&#8220;bg_gradient_left&#8220; css=&#8220;.vc_custom_1665572351903{padding-top: 4em !important;padding-bottom: 4em !important;background-image: url(https:\/\/www.alro-group.com\/\/wp-content\/uploads\/2022\/10\/zonnepanelen.jpg?id=2406) !important;background-position: center !important;background-repeat: no-repeat !important;background-size: cover !important;}&#8220;][vc_column width=&#8220;1\/2&#8243;][vc_custom_heading text=&#8220;Zelen\u00e1 elektrina&#8220; font_container=&#8220;tag:h2|text_align:left|color:%23ffffff&#8220; use_theme_fonts=&#8220;yes&#8220; el_class=&#8220;cusheading&#8220;][vc_column_text el_class=&#8220;text-white&#8220;]Sol\u00e1rne panely na streche a vetern\u00e9 turb\u00edny na na\u0161om pozemku n\u00e1m zabezpe\u010duj\u00fa ekologick\u00fa elektrinu. V\u010faka nim s\u00fa na\u0161e obchodn\u00e9 procesy ekologickej\u0161ie, \u010do pozit\u00edvne vpl\u00fdva na \u017eivotn\u00e9 prostredie. Moment\u00e1lne si sami vyr\u00e1bame aspo\u0148 polovicu potrebnej elektriny. To je n\u00e1\u0161 z\u00e1v\u00e4zok vo\u010di na\u0161ej plan\u00e9te. Ak sa n\u00e1m to vzh\u013eadom na ur\u010dit\u00e9 okolnosti nepodar\u00ed, nedostatok vykompenzujeme nak\u00fapenou zelenou elektrinou. V bud\u00facnosti pl\u00e1nujeme pokra\u010dova\u0165 v invest\u00edci\u00e1ch do udr\u017eate\u013enej energie, aby sme prispeli k ekologickej\u0161ej plan\u00e9te.[\/vc_column_text][\/vc_column][vc_column width=&#8220;1\/2&#8243;][\/vc_column][\/vc_row][vc_row full_width=&#8220;stretch_row&#8220; parallax=&#8220;content-moving&#8220; parallax_image=&#8220;767&#8243; el_class=&#8220;leftbig_icon&#8220; css=&#8220;.vc_custom_1653990610283{padding-top: 4em !important;padding-bottom: 4em !important;background-color: #ededed !important;}&#8220;][vc_column width=&#8220;1\/3&#8243;][\/vc_column][vc_column width=&#8220;2\/3&#8243;][vc_custom_heading text=&#8220;Bezemisn\u00e1 mobilita&#8220; use_theme_fonts=&#8220;yes&#8220; el_class=&#8220;cusheading text-uppercase&#8220;][vc_column_text]Mobilita zohr\u00e1va \u010doraz v\u00fdznamnej\u0161iu \u00falohu. Bud\u00facnos\u0165 je elektrick\u00e1 a d\u00fafame, \u017ee do roku 2030 budeme v\u0161etci jazdi\u0165 na elektrick\u00fdch vozidl\u00e1ch, preto\u017ee s\u00fa \u0161etrnej\u0161ie k \u017eivotn\u00e9mu prostrediu. Spolo\u010dnos\u0165 Alro Group ako skuto\u010dn\u00fd partner v oblasti elektromobility podporuje svojich z\u00e1kazn\u00edkov pri ich d\u00f4le\u017eitom prechode na bezemisn\u00fa mobilitu. Sme hrd\u00ed na to, \u017ee ka\u017ed\u00fd de\u0148 prin\u00e1\u0161ame udr\u017eate\u013en\u00fa pridan\u00fa hodnotu pln\u00fa farieb do pr\u00edbehu udr\u017eate\u013enosti. Ako vyfarb\u00edme va\u0161u mobilitu?[\/vc_column_text][vc_empty_space height=&#8220;25px&#8220;][vc_custom_heading text=&#8220;AKO ZAFARB\u00cdME VA\u0160U MOBILITU?&#8220; font_container=&#8220;tag:h4|text_align:left&#8220; use_theme_fonts=&#8220;yes&#8220; el_class=&#8220;text-uppercase&#8220;][vc_column_text]<\/p>\n<ul>\n<li>Pom\u00e1hame zlep\u0161ova\u0165 bezpe\u010dnos\u0165 cestuj\u00facich.<\/li>\n<li><a href=\"\/sk\/procesy\/protipoziarne-lakovanie\/\">Protipo\u017eiarne lakovanie<\/a> spolo\u010dnosti Alro presahuje s\u00fa\u010dasn\u00e9 po\u017eiadavky automobilov\u00e9ho priemyslu (napr. glob\u00e1lny technick\u00fd predpis \u010d. 20).<\/li>\n<li>Sme dod\u00e1vate\u013eom pre automobilov\u00fd priemysel s certifik\u00e1tmi <a href=\"\/wp-content\/uploads\/2022\/06\/CERT_BVC_WF_0000210524.pdf\" target=\"_blank\" rel=\"noopener\">IATF<\/a> a <a href=\"https:\/\/www.alro-group.com\/wp-content\/uploads\/2024\/04\/Alro-ISO-14001-2024-2027-1.pdf\" target=\"_blank\" rel=\"noopener\">ISO<\/a>.<\/li>\n<li>Pon\u00fakame ochranu proti kor\u00f3zii prostredn\u00edctvom katafor\u00e9zneho lakovania, zn\u00e1meho aj ako <a href=\"\/sk\/procesy\/ktl\/\">KTL<\/a> (z nemeck\u00e9ho Kathodische Tauchlackierung).<\/li>\n<li>M\u00e1me schv\u00e1lenie OEM.<\/li>\n<\/ul>\n<p>[\/vc_column_text][\/vc_column][\/vc_row][vc_row full_width=&#8220;stretch_row&#8220; el_class=&#8220;bg_gradient_left&#8220; css=&#8220;.vc_custom_1665569608962{padding-top: 4em !important;padding-bottom: 4em !important;background-image: url(https:\/\/www.alro-group.com\/\/wp-content\/uploads\/2022\/10\/alro-sep22-736-web.jpg?id=2392) !important;background-position: center !important;background-repeat: no-repeat !important;background-size: cover !important;}&#8220;][vc_column width=&#8220;1\/2&#8243;][vc_custom_heading text=&#8220;Recykl\u00e1cia v spolo\u010dnosti RECITECH&#8220; font_container=&#8220;tag:h2|text_align:left|color:%23ffffff&#8220; use_theme_fonts=&#8220;yes&#8220; el_class=&#8220;cusheading&#8220;][vc_column_text el_class=&#8220;text-white&#8220;]Spolo\u010dnos\u0165 RECITECH je s\u00fa\u010das\u0165ou spolo\u010dnosti <a href=\"\/sk\/o-nas\/\">Alro Group<\/a> a dod\u00e1va jej slu\u017eby v oblasti nakladania s odpadom a jeho spracovania. Spolo\u010dnos\u0165 zabezpe\u010duje \u010distenie odpadov\u00fdch v\u00f4d podniku a spracov\u00e1va aj jej toky odpadov z obalov. Spolo\u010dnos\u0165 RECITECH sa star\u00e1 o oddelen\u00e9 triedene, zber a spracovanie obalov. To m\u00e1 pozit\u00edvny vplyv aj na \u017eivotn\u00e9 prostredie.<\/p>\n<p>Recept na \u00faspech spolo\u010dnosti RECITECH sa zaklad\u00e1 na t\u00edme odborn\u00edkov a plne vybavenom analytickom laborat\u00f3riu. Laborat\u00f3rium vykon\u00e1va testy \u0161irokej \u0161k\u00e1ly technologick\u00fdch v\u00f4d pre priemysel a poskytuje aj v\u00fdsledky anal\u00fdz.<\/p>\n<p>Spolo\u010dnos\u0165 RECITECH takisto poskytuje priemyseln\u00e9 \u010distiace slu\u017eby, konkr\u00e9tne <a href=\"\/sk\/procesy\/odstranovanie-naterov-laserom\/\">chemick\u00e9 a tepeln\u00e9 odstra\u0148ovanie n\u00e1teru<\/a> z kovov a pr\u00edslu\u0161n\u00e9 n\u00e1sledn\u00e9 spracovanie. Odstra\u0148uje r\u00f4zne typy a hr\u00fabky n\u00e1teru z kovov\u00fdch dielov r\u00f4znych ve\u013ekost\u00ed. Interne sa proces odstra\u0148ovania n\u00e1teru pou\u017e\u00edva len na reg\u00e1ly, na ktor\u00e9 zaves\u00edme v\u0161etky diely.[\/vc_column_text][vc_empty_space height=&#8220;15px&#8220;][vc_column_text el_class=&#8220;text-uppercase recycle_heading&#8220;]<\/p>\n<h4>Viac inform\u00e1ci\u00ed o spolo\u010dnosti RECITECH<br \/>\nn\u00e1jdete v <a href=\"https:\/\/www.alro-group.com\/\/wp-content\/uploads\/2022\/06\/Brochure-Recitech.pdf\" target=\"_blank\" rel=\"noopener\">na\u0161ej bro\u017e\u00fare<\/a>.<\/h4>\n<p>[\/vc_column_text][\/vc_column][vc_column width=&#8220;1\/2&#8243;][\/vc_column][\/vc_row]<\/p>\n","protected":false},"excerpt":{"rendered":"<p>[vc_row equal_height=&#8220;yes&#8220; content_placement=&#8220;middle&#8220; el_class=&#8220;processen_sec&#8220; css=&#8220;.vc_custom_1653655583008{padding-top: 3em !important;padding-bottom: 3em !important;}&#8220;][vc_column width=&#8220;1\/2&#8243;][vc_single_image image=&#8220;2277&#8243; img_size=&#8220;800&#215;800&#8243; el_class=&#8220;round_img&#8220;][\/vc_column][vc_column width=&#8220;1\/2&#8243;][vc_custom_heading text=&#8220;Mal\u00e1 stopa&#8220; use_theme_fonts=&#8220;yes&#8220; el_class=&#8220;cusheading&#8220;][vc_column_text]V s\u00fa\u010dasnosti mus\u00ed<span class=\"excerpt-hellip\"> [\u2026]<\/span><\/p>\n","protected":false},"author":4,"featured_media":0,"parent":2782,"menu_order":0,"comment_status":"closed","ping_status":"closed","template":"","meta":{"inline_featured_image":false,"footnotes":""},"class_list":["post-3351","page","type-page","status-publish","hentry"],"acf":[],"yoast_head":"<!-- This site is optimized with the Yoast SEO plugin v19.10 - https:\/\/yoast.com\/wordpress\/plugins\/seo\/ -->\n<title>\u017divotn\u00e9 prostredie - Alro Group<\/title>\n<meta name=\"description\" content=\"V s\u00fa\u010dasnosti mus\u00ed ka\u017ed\u00fd prispie\u0165 k ochrane \u017eivotn\u00e9 prostredie. Spolo\u010dnos\u0165 Alro Group je tomuto cie\u013eu 100 % zaviazan\u00e1. \u010c\u00edtaj viac!\" \/>\n<meta name=\"robots\" content=\"index, follow, max-snippet:-1, max-image-preview:large, max-video-preview:-1\" \/>\n<link rel=\"canonical\" href=\"https:\/\/www.alro-group.com\/sk\/csr\/zivotne-prostredie\/\" \/>\n<meta property=\"og:locale\" content=\"sk_SK\" \/>\n<meta property=\"og:type\" content=\"article\" \/>\n<meta property=\"og:title\" content=\"\u017divotn\u00e9 prostredie - Alro Group\" \/>\n<meta property=\"og:description\" content=\"V s\u00fa\u010dasnosti mus\u00ed ka\u017ed\u00fd prispie\u0165 k ochrane \u017eivotn\u00e9 prostredie. Spolo\u010dnos\u0165 Alro Group je tomuto cie\u013eu 100 % zaviazan\u00e1. \u010c\u00edtaj viac!\" \/>\n<meta property=\"og:url\" content=\"https:\/\/www.alro-group.com\/sk\/csr\/zivotne-prostredie\/\" \/>\n<meta property=\"og:site_name\" content=\"Alro Group\" \/>\n<meta property=\"article:modified_time\" content=\"2024-09-16T08:31:37+00:00\" \/>\n<meta name=\"twitter:card\" content=\"summary_large_image\" \/>\n<meta name=\"twitter:label1\" content=\"Predpokladan\u00fd \u010das \u010d\u00edtania\" \/>\n\t<meta name=\"twitter:data1\" content=\"3 min\u00faty\" \/>\n<script type=\"application\/ld+json\" class=\"yoast-schema-graph\">{\"@context\":\"https:\/\/schema.org\",\"@graph\":[{\"@type\":\"WebPage\",\"@id\":\"https:\/\/www.alro-group.com\/sk\/csr\/zivotne-prostredie\/\",\"url\":\"https:\/\/www.alro-group.com\/sk\/csr\/zivotne-prostredie\/\",\"name\":\"\u017divotn\u00e9 prostredie - Alro Group\",\"isPartOf\":{\"@id\":\"https:\/\/www.alro-group.com\/sk\/#website\"},\"datePublished\":\"2022-06-10T06:13:58+00:00\",\"dateModified\":\"2024-09-16T08:31:37+00:00\",\"description\":\"V s\u00fa\u010dasnosti mus\u00ed ka\u017ed\u00fd prispie\u0165 k ochrane \u017eivotn\u00e9 prostredie. Spolo\u010dnos\u0165 Alro Group je tomuto cie\u013eu 100 % zaviazan\u00e1. \u010c\u00edtaj viac!\",\"breadcrumb\":{\"@id\":\"https:\/\/www.alro-group.com\/sk\/csr\/zivotne-prostredie\/#breadcrumb\"},\"inLanguage\":\"sk-SK\",\"potentialAction\":[{\"@type\":\"ReadAction\",\"target\":[\"https:\/\/www.alro-group.com\/sk\/csr\/zivotne-prostredie\/\"]}]},{\"@type\":\"BreadcrumbList\",\"@id\":\"https:\/\/www.alro-group.com\/sk\/csr\/zivotne-prostredie\/#breadcrumb\",\"itemListElement\":[{\"@type\":\"ListItem\",\"position\":1,\"name\":\"Home\",\"item\":\"https:\/\/www.alro-group.com\/sk\/\"},{\"@type\":\"ListItem\",\"position\":2,\"name\":\"CSR\",\"item\":\"https:\/\/www.alro-group.com\/sk\/csr\/\"},{\"@type\":\"ListItem\",\"position\":3,\"name\":\"\u017divotn\u00e9 prostredie\"}]},{\"@type\":\"WebSite\",\"@id\":\"https:\/\/www.alro-group.com\/sk\/#website\",\"url\":\"https:\/\/www.alro-group.com\/sk\/\",\"name\":\"Alro Group\",\"description\":\"In ontwikkeling\",\"potentialAction\":[{\"@type\":\"SearchAction\",\"target\":{\"@type\":\"EntryPoint\",\"urlTemplate\":\"https:\/\/www.alro-group.com\/sk\/?s={search_term_string}\"},\"query-input\":\"required name=search_term_string\"}],\"inLanguage\":\"sk-SK\"}]}<\/script>\n<!-- \/ Yoast SEO plugin. -->","yoast_head_json":{"title":"\u017divotn\u00e9 prostredie - Alro Group","description":"V s\u00fa\u010dasnosti mus\u00ed ka\u017ed\u00fd prispie\u0165 k ochrane \u017eivotn\u00e9 prostredie. Spolo\u010dnos\u0165 Alro Group je tomuto cie\u013eu 100 % zaviazan\u00e1. \u010c\u00edtaj viac!","robots":{"index":"index","follow":"follow","max-snippet":"max-snippet:-1","max-image-preview":"max-image-preview:large","max-video-preview":"max-video-preview:-1"},"canonical":"https:\/\/www.alro-group.com\/sk\/csr\/zivotne-prostredie\/","og_locale":"sk_SK","og_type":"article","og_title":"\u017divotn\u00e9 prostredie - Alro Group","og_description":"V s\u00fa\u010dasnosti mus\u00ed ka\u017ed\u00fd prispie\u0165 k ochrane \u017eivotn\u00e9 prostredie. Spolo\u010dnos\u0165 Alro Group je tomuto cie\u013eu 100 % zaviazan\u00e1. \u010c\u00edtaj viac!","og_url":"https:\/\/www.alro-group.com\/sk\/csr\/zivotne-prostredie\/","og_site_name":"Alro Group","article_modified_time":"2024-09-16T08:31:37+00:00","twitter_card":"summary_large_image","twitter_misc":{"Predpokladan\u00fd \u010das \u010d\u00edtania":"3 min\u00faty"},"schema":{"@context":"https:\/\/schema.org","@graph":[{"@type":"WebPage","@id":"https:\/\/www.alro-group.com\/sk\/csr\/zivotne-prostredie\/","url":"https:\/\/www.alro-group.com\/sk\/csr\/zivotne-prostredie\/","name":"\u017divotn\u00e9 prostredie - Alro Group","isPartOf":{"@id":"https:\/\/www.alro-group.com\/sk\/#website"},"datePublished":"2022-06-10T06:13:58+00:00","dateModified":"2024-09-16T08:31:37+00:00","description":"V s\u00fa\u010dasnosti mus\u00ed ka\u017ed\u00fd prispie\u0165 k ochrane \u017eivotn\u00e9 prostredie. Spolo\u010dnos\u0165 Alro Group je tomuto cie\u013eu 100 % zaviazan\u00e1. \u010c\u00edtaj viac!","breadcrumb":{"@id":"https:\/\/www.alro-group.com\/sk\/csr\/zivotne-prostredie\/#breadcrumb"},"inLanguage":"sk-SK","potentialAction":[{"@type":"ReadAction","target":["https:\/\/www.alro-group.com\/sk\/csr\/zivotne-prostredie\/"]}]},{"@type":"BreadcrumbList","@id":"https:\/\/www.alro-group.com\/sk\/csr\/zivotne-prostredie\/#breadcrumb","itemListElement":[{"@type":"ListItem","position":1,"name":"Home","item":"https:\/\/www.alro-group.com\/sk\/"},{"@type":"ListItem","position":2,"name":"CSR","item":"https:\/\/www.alro-group.com\/sk\/csr\/"},{"@type":"ListItem","position":3,"name":"\u017divotn\u00e9 prostredie"}]},{"@type":"WebSite","@id":"https:\/\/www.alro-group.com\/sk\/#website","url":"https:\/\/www.alro-group.com\/sk\/","name":"Alro Group","description":"In ontwikkeling","potentialAction":[{"@type":"SearchAction","target":{"@type":"EntryPoint","urlTemplate":"https:\/\/www.alro-group.com\/sk\/?s={search_term_string}"},"query-input":"required name=search_term_string"}],"inLanguage":"sk-SK"}]}},"_links":{"self":[{"href":"https:\/\/www.alro-group.com\/sk\/wp-json\/wp\/v2\/pages\/3351","targetHints":{"allow":["GET"]}}],"collection":[{"href":"https:\/\/www.alro-group.com\/sk\/wp-json\/wp\/v2\/pages"}],"about":[{"href":"https:\/\/www.alro-group.com\/sk\/wp-json\/wp\/v2\/types\/page"}],"author":[{"embeddable":true,"href":"https:\/\/www.alro-group.com\/sk\/wp-json\/wp\/v2\/users\/4"}],"replies":[{"embeddable":true,"href":"https:\/\/www.alro-group.com\/sk\/wp-json\/wp\/v2\/comments?post=3351"}],"version-history":[{"count":8,"href":"https:\/\/www.alro-group.com\/sk\/wp-json\/wp\/v2\/pages\/3351\/revisions"}],"predecessor-version":[{"id":5591,"href":"https:\/\/www.alro-group.com\/sk\/wp-json\/wp\/v2\/pages\/3351\/revisions\/5591"}],"up":[{"embeddable":true,"href":"https:\/\/www.alro-group.com\/sk\/wp-json\/wp\/v2\/pages\/2782"}],"wp:attachment":[{"href":"https:\/\/www.alro-group.com\/sk\/wp-json\/wp\/v2\/media?parent=3351"}],"curies":[{"name":"wp","href":"https:\/\/api.w.org\/{rel}","templated":true}]}}