{"id":2919,"date":"2022-11-09T10:04:10","date_gmt":"2022-11-09T09:04:10","guid":{"rendered":"https:\/\/www.alro-group.com\/\/?page_id=2919"},"modified":"2024-10-25T11:42:45","modified_gmt":"2024-10-25T09:42:45","slug":"procesy","status":"publish","type":"page","link":"https:\/\/www.alro-group.com\/sk\/procesy\/","title":{"rendered":"Procesy"},"content":{"rendered":"<p>[vc_section css=&#8220;.vc_custom_1653051102729{padding-top: 4em !important;padding-bottom: 4em !important;}&#8220;][vc_row][vc_column][vc_custom_heading text=&#8220;Ak\u00e9 procesy pon\u00faka spolo\u010dnos\u0165 Alro Group?&#8220; font_container=&#8220;tag:h2|text_align:center&#8220; use_theme_fonts=&#8220;yes&#8220; el_class=&#8220;cusheading&#8220;][vc_empty_space height=&#8220;15px&#8220;][\/vc_column][\/vc_row][vc_row equal_height=&#8220;yes&#8220; el_class=&#8220;service_row&#8220;][vc_column css_animation=&#8220;fadeInUp&#8220; width=&#8220;1\/3&#8243;][vc_single_image image=&#8220;2925&#8243; img_size=&#8220;full&#8220;][vc_row_inner el_class=&#8220;service_inner_row&#8220;][vc_column_inner][vc_single_image image=&#8220;3958&#8243; img_size=&#8220;full&#8220;][vc_custom_heading text=&#8220;MOKR\u00c9 LAKOVANIE&#8220; font_container=&#8220;tag:h3|text_align:left|color:%23ffffff&#8220; use_theme_fonts=&#8220;yes&#8220; link=&#8220;url:https%3A%2F%2Fwww.alro-group.com%2Fsk%2Fprocesy%2Fmokre-lakovanie%2F|title:Natlakken&#8220;][vc_icon icon_fontawesome=&#8220;far fa-arrow-alt-circle-right&#8220; color=&#8220;white&#8220; align=&#8220;right&#8220; link=&#8220;url:%2Fprocessen%2Fnatlakken&#8220;][\/vc_column_inner][\/vc_row_inner][\/vc_column][vc_column css_animation=&#8220;fadeInUp&#8220; width=&#8220;1\/3&#8243;][vc_single_image image=&#8220;2924&#8243; img_size=&#8220;full&#8220;][vc_row_inner el_class=&#8220;service_inner_row&#8220;][vc_column_inner][vc_single_image image=&#8220;2722&#8243; img_size=&#8220;full&#8220;][vc_custom_heading text=&#8220;KATAFOR\u00c9ZNE LAKOVANIE (KTL)&#8220; font_container=&#8220;tag:h3|text_align:left|color:%23ffffff&#8220; use_theme_fonts=&#8220;yes&#8220; link=&#8220;url:https%3A%2F%2Fwww.alro-group.com%2Fsk%2Fprocesy%2Fktl%2F|title:Ktl&#8220;][vc_icon icon_fontawesome=&#8220;far fa-arrow-alt-circle-right&#8220; color=&#8220;white&#8220; align=&#8220;right&#8220; link=&#8220;url:%2Fprocessen%2Fktl&#8220;][\/vc_column_inner][\/vc_row_inner][\/vc_column][vc_column css_animation=&#8220;fadeInUp&#8220; width=&#8220;1\/3&#8243;][vc_single_image image=&#8220;2785&#8243; img_size=&#8220;full&#8220;][vc_row_inner el_class=&#8220;service_inner_row&#8220;][vc_column_inner][vc_single_image image=&#8220;2716&#8243; img_size=&#8220;full&#8220;][vc_custom_heading text=&#8220;PR\u00c1\u0160KOV\u00c9 LAKOVANIE&#8220; font_container=&#8220;tag:h3|text_align:left|color:%23ffffff&#8220; use_theme_fonts=&#8220;yes&#8220; link=&#8220;url:https%3A%2F%2Fwww.alro-group.com%2Fsk%2Fprocesy%2Fpraskove-lakovanie%2F|title:Poedercoaten&#8220;][vc_icon icon_fontawesome=&#8220;far fa-arrow-alt-circle-right&#8220; color=&#8220;white&#8220; align=&#8220;right&#8220; link=&#8220;url:%2Fprocessen%2Fpoedercoaten%2F&#8220;][\/vc_column_inner][\/vc_row_inner][\/vc_column][\/vc_row][vc_row equal_height=&#8220;yes&#8220; el_class=&#8220;service_row&#8220;][vc_column css_animation=&#8220;fadeInUp&#8220; width=&#8220;1\/3&#8243;][vc_single_image image=&#8220;2923&#8243; img_size=&#8220;full&#8220;][vc_row_inner el_class=&#8220;service_inner_row&#8220;][vc_column_inner][vc_single_image image=&#8220;2712&#8243; img_size=&#8220;full&#8220;][vc_custom_heading text=&#8220;MONT\u00c1\u017d&#8220; font_container=&#8220;tag:h3|text_align:left|color:%23ffffff&#8220; use_theme_fonts=&#8220;yes&#8220; link=&#8220;url:https%3A%2F%2Fwww.alro-group.com%2Fsk%2Fprocesy%2Fmontaz%2F|title:Assemblage&#8220;][vc_icon icon_fontawesome=&#8220;far fa-arrow-alt-circle-right&#8220; color=&#8220;white&#8220; align=&#8220;right&#8220; link=&#8220;url:%2Fprocessen%2Fassemblage&#8220;][\/vc_column_inner][\/vc_row_inner][\/vc_column][vc_column css_animation=&#8220;fadeInUp&#8220; width=&#8220;1\/3&#8243;][vc_single_image image=&#8220;2996&#8243; img_size=&#8220;full&#8220;][vc_row_inner el_class=&#8220;service_inner_row&#8220;][vc_column_inner][vc_single_image image=&#8220;2658&#8243; img_size=&#8220;full&#8220;][vc_custom_heading text=&#8220;ODSTRA\u0147OVANIE N\u00c1TEROV LASEROM&#8220; font_container=&#8220;tag:h3|text_align:left|color:%23ffffff&#8220; use_theme_fonts=&#8220;yes&#8220; link=&#8220;url:https%3A%2F%2Fwww.alro-group.com%2Fsk%2Fprocesy%2Fodstranovanie-naterov-laserom%2F|title:Ontlakken&#8220;][vc_icon icon_fontawesome=&#8220;far fa-arrow-alt-circle-right&#8220; color=&#8220;white&#8220; align=&#8220;right&#8220; link=&#8220;url:%2Fprocessen%2Flaserontlakken%2F|title:Laser%20ontlakken&#8220;][\/vc_column_inner][\/vc_row_inner][\/vc_column][vc_column css_animation=&#8220;fadeInUp&#8220; width=&#8220;1\/3&#8243;][vc_single_image image=&#8220;2921&#8243; img_size=&#8220;full&#8220;][vc_row_inner el_class=&#8220;service_inner_row&#8220;][vc_column_inner][vc_single_image image=&#8220;2708&#8243; img_size=&#8220;full&#8220;][vc_custom_heading text=&#8220;PROTIPO\u017dIARNE LAKOVANIE&#8220; font_container=&#8220;tag:h3|text_align:left|color:%23ffffff&#8220; use_theme_fonts=&#8220;yes&#8220; link=&#8220;url:https%3A%2F%2Fwww.alro-group.com%2Fsk%2Fprocesy%2Fprotipoziarne-lakovanie%2F|title:Fire%20Protection%20Coating&#8220;][vc_icon icon_fontawesome=&#8220;far fa-arrow-alt-circle-right&#8220; color=&#8220;white&#8220; align=&#8220;right&#8220; link=&#8220;url:%20%2Fprocessen%2Ffire-protection-coating%2F&#8220;][\/vc_column_inner][\/vc_row_inner][\/vc_column][\/vc_row][vc_row equal_height=&#8220;yes&#8220; el_class=&#8220;service_row&#8220;][vc_column css_animation=&#8220;fadeInUp&#8220; width=&#8220;1\/3&#8243;][vc_single_image image=&#8220;3989&#8243; img_size=&#8220;full&#8220;][vc_row_inner el_class=&#8220;service_inner_row&#8220;][vc_column_inner][vc_single_image image=&#8220;3981&#8243; img_size=&#8220;full&#8220;][vc_custom_heading text=&#8220;JUST-IN-TIME&#8220; font_container=&#8220;tag:h3|text_align:left|color:%23ffffff&#8220; use_theme_fonts=&#8220;yes&#8220; link=&#8220;url:%2Fsk%2Fprocesy%2Fmontaz%2F%23jis-jit|title:Assemblage&#8220;][vc_icon icon_fontawesome=&#8220;far fa-arrow-alt-circle-right&#8220; color=&#8220;white&#8220; align=&#8220;right&#8220; link=&#8220;url:%2Fsk%2Fprocesy%2Fmontaz%2F%23jis-jit&#8220;][\/vc_column_inner][\/vc_row_inner][\/vc_column][vc_column css_animation=&#8220;fadeInUp&#8220; width=&#8220;1\/3&#8243;][vc_single_image image=&#8220;3028&#8243; img_size=&#8220;full&#8220;][vc_row_inner el_class=&#8220;service_inner_row&#8220;][vc_column_inner][vc_single_image image=&#8220;3981&#8243; img_size=&#8220;full&#8220;][vc_custom_heading text=&#8220;JUST-IN-SEQUENCE&#8220; font_container=&#8220;tag:h3|text_align:left|color:%23ffffff&#8220; use_theme_fonts=&#8220;yes&#8220; link=&#8220;url:%2Fsk%2Fprocesy%2Fmontaz%2F%23jis-jit|title:Ontlakken&#8220;][vc_icon icon_fontawesome=&#8220;far fa-arrow-alt-circle-right&#8220; color=&#8220;white&#8220; align=&#8220;right&#8220; link=&#8220;url:%2Fsk%2Fprocesy%2Fmontaz%2F%23jis-jit|title:Laser%20ontlakken&#8220;][\/vc_column_inner][\/vc_row_inner][\/vc_column][\/vc_row][\/vc_section][vc_row full_width=&#8220;stretch_row&#8220; css=&#8220;.vc_custom_1653541228417{padding-top: 4em !important;padding-bottom: 4em !important;background-color: #f4f4f4 !important;}&#8220;][vc_column][vc_custom_heading text=&#8220;Na\u0161e procesy prisp\u00f4sobujeme va\u0161im po\u017eiadavk\u00e1m.&#8220; font_container=&#8220;tag:h3|text_align:left&#8220; use_theme_fonts=&#8220;yes&#8220; el_class=&#8220;small_heading&#8220;][vc_column_text]Spolo\u010dnos\u0165 <a href=\"https:\/\/www.alro-group.com\/sk\/\">Alro Group<\/a> disponuje modern\u00fdmi v\u00fdrobn\u00fdmi linkami a procesmi. Na\u0161e najmodernej\u0161ie procesy n\u00e1m umo\u017e\u0148uj\u00fa realizova\u0165 vysokokvalitn\u00e9 organick\u00e9 n\u00e1tery vr\u00e1tane mokr\u00e9ho lakovania, pr\u00e1\u0161kov\u00e9ho lakovania a katafor\u00e9zneho lakovania (<a href=\"https:\/\/www.alro-group.com\/sk\/procesy\/ktl\/\">KTL)<\/a>. Spolupracujeme s vami na ur\u010den\u00ed optim\u00e1lneho n\u00e1teru pre v\u00e1\u0161 konkr\u00e9tny projekt.<\/p>\n<p>Ka\u017ed\u00fd proces sa za\u010d\u00edna tzv. pred\u00fapravou. Najprv sa v\u0161etky diely umyj\u00fa, aby sa odstr\u00e1nili v\u0161etky ne\u010distoty. Na kovov\u00e9 diely aplikujeme aj konverzn\u00fd n\u00e1ter na lep\u0161iu odolnos\u0165 proti kor\u00f3zii a pri\u013enavos\u0165 farby. N\u00e1sledne nanesieme vrstvu farby. Sp\u00f4sob uveden\u00e9ho postupu z\u00e1vis\u00ed od va\u0161ich po\u017eiadaviek a pr\u00edslu\u0161n\u00fdch procesov. Po vytvrdnut\u00ed laku sa m\u00f4\u017eu diely s katafor\u00e9znym lakovan\u00edm (<a href=\"https:\/\/www.alro-group.com\/\/sk\/processen\/ktl\/\">KTL<\/a>) prelakova\u0165 \u010fal\u0161ou vrstvou na dosiahnutie odolnosti proti kor\u00f3zii a \u010fal\u0161\u00edch fyzik\u00e1lnych a vizu\u00e1lnych zlep\u0161en\u00ed.<\/p>\n<p>M\u00f4\u017eeme pre v\u00e1s zabezpe\u010di\u0165 aj automatizovan\u00fa alebo ru\u010dn\u00fa <a href=\"https:\/\/www.alro-group.com\/\/sk\/processen\/montaz\/\">mont\u00e1\u017e<\/a> lakovan\u00fdch dielov. V pr\u00edpade zlo\u017eitej\u0161\u00edch dielov nev\u00e1hame kombinova\u0165 oba pr\u00edstupy.<\/p>\n<p>V\u0161etky spom\u00ednan\u00e9 r\u00f4zne procesy vykon\u00e1vame v na\u0161ich piatich lakovniach v z\u00e1padnej a strednej Eur\u00f3pe. Mo\u017enosti s\u00fa skuto\u010dne neobmedzen\u00e9. Ka\u017ed\u00fd de\u0148 spracuje na\u0161ich viac ako dvadsa\u0165 lakovac\u00edch syst\u00e9mov viac ako 100\u00a0000 produktov v 1000 r\u00f4znych farb\u00e1ch. To znamen\u00e1, \u017ee na\u0161e kapacity s\u00fa obrovsk\u00e9.<\/p>\n<p>Samozrejme, neust\u00e1le investujeme aj do nov\u00fdch v\u00fdrobn\u00fdch procesov, aby sme vyhoveli aj va\u0161im \u0161pecifick\u00fdm po\u017eiadavk\u00e1m. V\u010faka tomu m\u00f4\u017eeme zaru\u010di\u0165 optim\u00e1lnu flexibilitu a v\u00fdnimo\u010dn\u00fa kvalitu n\u00e1teru.[\/vc_column_text][\/vc_column][\/vc_row]<\/p>\n","protected":false},"excerpt":{"rendered":"<p>[vc_section css=&#8220;.vc_custom_1653051102729{padding-top: 4em !important;padding-bottom: 4em !important;}&#8220;][vc_row][vc_column][vc_custom_heading text=&#8220;Ak\u00e9 procesy pon\u00faka spolo\u010dnos\u0165 Alro Group?&#8220; font_container=&#8220;tag:h2|text_align:center&#8220; use_theme_fonts=&#8220;yes&#8220; el_class=&#8220;cusheading&#8220;][vc_empty_space height=&#8220;15px&#8220;][\/vc_column][\/vc_row][vc_row equal_height=&#8220;yes&#8220; el_class=&#8220;service_row&#8220;][vc_column css_animation=&#8220;fadeInUp&#8220; width=&#8220;1\/3&#8243;][vc_single_image<span class=\"excerpt-hellip\"> [\u2026]<\/span><\/p>\n","protected":false},"author":7,"featured_media":0,"parent":0,"menu_order":0,"comment_status":"closed","ping_status":"closed","template":"","meta":{"inline_featured_image":false,"footnotes":""},"class_list":["post-2919","page","type-page","status-publish","hentry"],"acf":[],"yoast_head":"<!-- This site is optimized with the Yoast SEO plugin v19.10 - https:\/\/yoast.com\/wordpress\/plugins\/seo\/ -->\n<title>Procesy - Alro Group<\/title>\n<meta name=\"description\" content=\"Na\u0161e najmodernej\u0161ie procesy n\u00e1m umo\u017e\u0148uj\u00fa realizova\u0165 vysokokvalitn\u00e9 n\u00e1tery vr\u00e1tane mokr\u00e9ho lakovania, pr\u00e1\u0161kov\u00e9ho lakovania a KTL. \u010c\u00edtaj viac.\" \/>\n<meta name=\"robots\" content=\"index, follow, max-snippet:-1, max-image-preview:large, max-video-preview:-1\" \/>\n<link rel=\"canonical\" href=\"https:\/\/www.alro-group.com\/sk\/procesy\/\" \/>\n<meta property=\"og:locale\" content=\"sk_SK\" \/>\n<meta property=\"og:type\" content=\"article\" \/>\n<meta property=\"og:title\" content=\"Procesy - Alro Group\" \/>\n<meta property=\"og:description\" content=\"Na\u0161e najmodernej\u0161ie procesy n\u00e1m umo\u017e\u0148uj\u00fa realizova\u0165 vysokokvalitn\u00e9 n\u00e1tery vr\u00e1tane mokr\u00e9ho lakovania, pr\u00e1\u0161kov\u00e9ho lakovania a KTL. \u010c\u00edtaj viac.\" \/>\n<meta property=\"og:url\" content=\"https:\/\/www.alro-group.com\/sk\/procesy\/\" \/>\n<meta property=\"og:site_name\" content=\"Alro Group\" \/>\n<meta property=\"article:modified_time\" content=\"2024-10-25T09:42:45+00:00\" \/>\n<meta name=\"twitter:card\" content=\"summary_large_image\" \/>\n<meta name=\"twitter:label1\" content=\"Predpokladan\u00fd \u010das \u010d\u00edtania\" \/>\n\t<meta name=\"twitter:data1\" content=\"2 min\u00faty\" \/>\n<script type=\"application\/ld+json\" class=\"yoast-schema-graph\">{\"@context\":\"https:\/\/schema.org\",\"@graph\":[{\"@type\":\"WebPage\",\"@id\":\"https:\/\/www.alro-group.com\/sk\/procesy\/\",\"url\":\"https:\/\/www.alro-group.com\/sk\/procesy\/\",\"name\":\"Procesy - Alro Group\",\"isPartOf\":{\"@id\":\"https:\/\/www.alro-group.com\/sk\/#website\"},\"datePublished\":\"2022-11-09T09:04:10+00:00\",\"dateModified\":\"2024-10-25T09:42:45+00:00\",\"description\":\"Na\u0161e najmodernej\u0161ie procesy n\u00e1m umo\u017e\u0148uj\u00fa realizova\u0165 vysokokvalitn\u00e9 n\u00e1tery vr\u00e1tane mokr\u00e9ho lakovania, pr\u00e1\u0161kov\u00e9ho lakovania a KTL. \u010c\u00edtaj viac.\",\"breadcrumb\":{\"@id\":\"https:\/\/www.alro-group.com\/sk\/procesy\/#breadcrumb\"},\"inLanguage\":\"sk-SK\",\"potentialAction\":[{\"@type\":\"ReadAction\",\"target\":[\"https:\/\/www.alro-group.com\/sk\/procesy\/\"]}]},{\"@type\":\"BreadcrumbList\",\"@id\":\"https:\/\/www.alro-group.com\/sk\/procesy\/#breadcrumb\",\"itemListElement\":[{\"@type\":\"ListItem\",\"position\":1,\"name\":\"Home\",\"item\":\"https:\/\/www.alro-group.com\/sk\/\"},{\"@type\":\"ListItem\",\"position\":2,\"name\":\"Procesy\"}]},{\"@type\":\"WebSite\",\"@id\":\"https:\/\/www.alro-group.com\/sk\/#website\",\"url\":\"https:\/\/www.alro-group.com\/sk\/\",\"name\":\"Alro Group\",\"description\":\"In ontwikkeling\",\"potentialAction\":[{\"@type\":\"SearchAction\",\"target\":{\"@type\":\"EntryPoint\",\"urlTemplate\":\"https:\/\/www.alro-group.com\/sk\/?s={search_term_string}\"},\"query-input\":\"required name=search_term_string\"}],\"inLanguage\":\"sk-SK\"}]}<\/script>\n<!-- \/ Yoast SEO plugin. -->","yoast_head_json":{"title":"Procesy - Alro Group","description":"Na\u0161e najmodernej\u0161ie procesy n\u00e1m umo\u017e\u0148uj\u00fa realizova\u0165 vysokokvalitn\u00e9 n\u00e1tery vr\u00e1tane mokr\u00e9ho lakovania, pr\u00e1\u0161kov\u00e9ho lakovania a KTL. \u010c\u00edtaj viac.","robots":{"index":"index","follow":"follow","max-snippet":"max-snippet:-1","max-image-preview":"max-image-preview:large","max-video-preview":"max-video-preview:-1"},"canonical":"https:\/\/www.alro-group.com\/sk\/procesy\/","og_locale":"sk_SK","og_type":"article","og_title":"Procesy - Alro Group","og_description":"Na\u0161e najmodernej\u0161ie procesy n\u00e1m umo\u017e\u0148uj\u00fa realizova\u0165 vysokokvalitn\u00e9 n\u00e1tery vr\u00e1tane mokr\u00e9ho lakovania, pr\u00e1\u0161kov\u00e9ho lakovania a KTL. \u010c\u00edtaj viac.","og_url":"https:\/\/www.alro-group.com\/sk\/procesy\/","og_site_name":"Alro Group","article_modified_time":"2024-10-25T09:42:45+00:00","twitter_card":"summary_large_image","twitter_misc":{"Predpokladan\u00fd \u010das \u010d\u00edtania":"2 min\u00faty"},"schema":{"@context":"https:\/\/schema.org","@graph":[{"@type":"WebPage","@id":"https:\/\/www.alro-group.com\/sk\/procesy\/","url":"https:\/\/www.alro-group.com\/sk\/procesy\/","name":"Procesy - Alro Group","isPartOf":{"@id":"https:\/\/www.alro-group.com\/sk\/#website"},"datePublished":"2022-11-09T09:04:10+00:00","dateModified":"2024-10-25T09:42:45+00:00","description":"Na\u0161e najmodernej\u0161ie procesy n\u00e1m umo\u017e\u0148uj\u00fa realizova\u0165 vysokokvalitn\u00e9 n\u00e1tery vr\u00e1tane mokr\u00e9ho lakovania, pr\u00e1\u0161kov\u00e9ho lakovania a KTL. \u010c\u00edtaj viac.","breadcrumb":{"@id":"https:\/\/www.alro-group.com\/sk\/procesy\/#breadcrumb"},"inLanguage":"sk-SK","potentialAction":[{"@type":"ReadAction","target":["https:\/\/www.alro-group.com\/sk\/procesy\/"]}]},{"@type":"BreadcrumbList","@id":"https:\/\/www.alro-group.com\/sk\/procesy\/#breadcrumb","itemListElement":[{"@type":"ListItem","position":1,"name":"Home","item":"https:\/\/www.alro-group.com\/sk\/"},{"@type":"ListItem","position":2,"name":"Procesy"}]},{"@type":"WebSite","@id":"https:\/\/www.alro-group.com\/sk\/#website","url":"https:\/\/www.alro-group.com\/sk\/","name":"Alro Group","description":"In ontwikkeling","potentialAction":[{"@type":"SearchAction","target":{"@type":"EntryPoint","urlTemplate":"https:\/\/www.alro-group.com\/sk\/?s={search_term_string}"},"query-input":"required name=search_term_string"}],"inLanguage":"sk-SK"}]}},"_links":{"self":[{"href":"https:\/\/www.alro-group.com\/sk\/wp-json\/wp\/v2\/pages\/2919","targetHints":{"allow":["GET"]}}],"collection":[{"href":"https:\/\/www.alro-group.com\/sk\/wp-json\/wp\/v2\/pages"}],"about":[{"href":"https:\/\/www.alro-group.com\/sk\/wp-json\/wp\/v2\/types\/page"}],"author":[{"embeddable":true,"href":"https:\/\/www.alro-group.com\/sk\/wp-json\/wp\/v2\/users\/7"}],"replies":[{"embeddable":true,"href":"https:\/\/www.alro-group.com\/sk\/wp-json\/wp\/v2\/comments?post=2919"}],"version-history":[{"count":7,"href":"https:\/\/www.alro-group.com\/sk\/wp-json\/wp\/v2\/pages\/2919\/revisions"}],"predecessor-version":[{"id":5766,"href":"https:\/\/www.alro-group.com\/sk\/wp-json\/wp\/v2\/pages\/2919\/revisions\/5766"}],"wp:attachment":[{"href":"https:\/\/www.alro-group.com\/sk\/wp-json\/wp\/v2\/media?parent=2919"}],"curies":[{"name":"wp","href":"https:\/\/api.w.org\/{rel}","templated":true}]}}