{"id":2782,"date":"2023-01-11T10:33:09","date_gmt":"2023-01-11T09:33:09","guid":{"rendered":"https:\/\/www.alro-group.com\/\/?page_id=2782"},"modified":"2024-10-25T12:23:03","modified_gmt":"2024-10-25T10:23:03","slug":"csr","status":"publish","type":"page","link":"https:\/\/www.alro-group.com\/sk\/csr\/","title":{"rendered":"CSR"},"content":{"rendered":"<p>[vc_section css=&#8220;.vc_custom_1653051102729{padding-top: 4em !important;padding-bottom: 4em !important;}&#8220;][vc_row][vc_column][vc_custom_heading text=&#8220;(CSR) Spolo\u010densk\u00e1 zodpovednos\u0165 podniku, 100 % z\u00e1v\u00e4zok vo\u010di spolo\u010dnosti a \u017eivotn\u00e9mu prostrediu&#8220; font_container=&#8220;tag:h2|text_align:center&#8220; use_theme_fonts=&#8220;yes&#8220; el_class=&#8220;cusheading&#8220;][vc_empty_space height=&#8220;15px&#8220;][vc_column_text el_class=&#8220;text-center&#8220;]Spolo\u010dnos\u0165 <a href=\"https:\/\/www.alro-group.com\/sk\/\">Alro Group<\/a> je 100 % zaviazan\u00e1 spolo\u010denskej zodpovednosti podniku (CSR). Spolo\u010densk\u00e1 zodpovednos\u0165 podniku (CSR) je pre n\u00e1s k\u013e\u00fa\u010dov\u00fdm aspektom a d\u00f4le\u017eitou s\u00fa\u010das\u0165ou n\u00e1\u0161ho ka\u017edodenn\u00e9ho fungovania. Na\u0161a zodpovednos\u0165 siaha \u010faleko za be\u017en\u00e9 podnikanie, preto\u017ee sme sa zaviazali podporova\u0165 spolo\u010dnos\u0165 a \u017eivotn\u00e9 prostredie viacer\u00fdmi sp\u00f4sobmi. Tieto z\u00e1v\u00e4zky s\u00fa zakotven\u00e9 v na\u0161ej dlhodobej v\u00edzii a poslan\u00ed. Venujeme ve\u013ek\u00fa pozornos\u0165 nielen tomu, \u010do m\u00f4\u017eeme urobi\u0165 pre spolo\u010dnos\u0165, ale aj ako m\u00f4\u017eeme pozit\u00edvne ovplyvni\u0165 \u017eivotn\u00e9 prostredie.<\/p>\n<p>Na\u0161i zamestnanci zohr\u00e1vaj\u00fa k\u013e\u00fa\u010dov\u00fa \u00falohu v na\u0161ej CSR strat\u00e9gii. V Alro Group si uvedomujeme, \u017ee spokojnos\u0165 a dobr\u00e9 podmienky pre na\u0161ich zamestnancov s\u00fa nevyhnutn\u00e9 pre udr\u017eate\u013enos\u0165 n\u00e1\u0161ho podnikania. Pon\u00fakame im r\u00f4zne \u0161kolenia, mo\u017enosti kari\u00e9rneho rastu a db\u00e1me na ich bezpe\u010dnos\u0165 a pohodu na pracovisku. Okrem toho sa zameriavame na vytv\u00e1ranie dlhodob\u00fdch vz\u0165ahov s na\u0161imi z\u00e1kazn\u00edkmi a dod\u00e1vate\u013emi, \u010d\u00edm zais\u0165ujeme trvalo udr\u017eate\u013en\u00e9 obchodn\u00e9 postupy.<\/p>\n<p>Moment\u00e1lne pracujeme na konkr\u00e9tnych opatreniach <a href=\"https:\/\/www.voka.be\/vcdo\">v\u010faka Charte<\/a><\/p>\n<p>udr\u017eate\u013en\u00e9ho podnikania spravovanej fl\u00e1mskym zdru\u017een\u00edm Voka. Tento d\u00f4le\u017eit\u00fd dokument n\u00e1m pom\u00e1ha nastavi\u0165 ak\u010dn\u00fd pl\u00e1n, ktor\u00fd je prisp\u00f4soben\u00fd potreb\u00e1m a cie\u013eom na\u0161ej spolo\u010dnosti. Udr\u017eate\u013enos\u0165 integrujeme do ka\u017ed\u00e9ho aspektu na\u0161ej \u010dinnosti, od v\u00fdrobn\u00fdch procesov a\u017e po environment\u00e1lne iniciat\u00edvy.<\/p>\n<p>Na\u0161\u00edm cie\u013eom je nielen dosiahnu\u0165 vlastn\u00e9 ciele udr\u017eate\u013enosti, ale aj prispie\u0165 k celosvetov\u00fdm snah\u00e1m prostredn\u00edctvom podpory 17 cie\u013eov udr\u017eate\u013en\u00e9ho rozvoja OSN. Ver\u00edme, \u017ee tieto ciele s\u00fa z\u00e1kladom pre lep\u0161iu a spravodlivej\u0161iu bud\u00facnos\u0165 pre v\u0161etk\u00fdch. V\u00fdsledkom n\u00e1\u0161ho \u00fasilia je ofici\u00e1lne uznanie n\u00e1\u0161ho pr\u00edstupu k spolo\u010denskej zodpovednosti podniku, \u010do n\u00e1s motivuje k \u010fal\u0161iemu zlep\u0161ovaniu na\u0161ich postupov.<\/p>\n<p>Spolo\u010dne budujeme udr\u017eate\u013en\u00fa a zodpovedn\u00fa bud\u00facnos\u0165. Pre\u010d\u00edtajte si viac o na\u0161ich iniciat\u00edvach a \u00faspechoch.[\/vc_column_text][vc_empty_space height=&#8220;60px&#8220;][\/vc_column][\/vc_row][vc_row equal_height=&#8220;yes&#8220; css_animation=&#8220;fadeInUp&#8220; el_class=&#8220;service_row&#8220;][vc_column width=&#8220;1\/3&#8243;][vc_single_image image=&#8220;2382&#8243; img_size=&#8220;full&#8220;][vc_row_inner el_class=&#8220;service_inner_row&#8220;][vc_column_inner][vc_single_image image=&#8220;2723&#8243; img_size=&#8220;full&#8220;][vc_custom_heading text=&#8220;\u017divotn\u00e9 prostredie&#8220; font_container=&#8220;tag:h3|text_align:left|color:%23ffffff&#8220; use_theme_fonts=&#8220;yes&#8220; link=&#8220;url:%2Fsk%2Fcsr%2Fzivotne-prostredie|title:%C5%BDivotn%C3%A9%20prostredie&#8220;][vc_icon icon_fontawesome=&#8220;far fa-arrow-alt-circle-right&#8220; color=&#8220;white&#8220; align=&#8220;right&#8220; link=&#8220;url:%2Fmvo%2Fmilieu%2F|title:Werknemers&#8220;][\/vc_column_inner][\/vc_row_inner][\/vc_column][vc_column width=&#8220;1\/3&#8243;][vc_single_image image=&#8220;2609&#8243; img_size=&#8220;full&#8220;][vc_row_inner el_class=&#8220;service_inner_row&#8220;][vc_column_inner][vc_single_image image=&#8220;2714&#8243; img_size=&#8220;full&#8220;][vc_custom_heading text=&#8220;Na\u0161i zamestnanci&#8220; font_container=&#8220;tag:h3|text_align:left|color:%23ffffff&#8220; use_theme_fonts=&#8220;yes&#8220; link=&#8220;url:%2Fsk%2Fcsr%2Fzamestnanci%2F|title:Na%C5%A1i%20zamestnanci&#8220;][vc_icon icon_fontawesome=&#8220;far fa-arrow-alt-circle-right&#8220; color=&#8220;white&#8220; align=&#8220;right&#8220; link=&#8220;url:%2Fmvo%2Fwerknemers%2F|title:Werknemers&#8220;][\/vc_column_inner][\/vc_row_inner][\/vc_column][vc_column width=&#8220;1\/3&#8243;][vc_single_image image=&#8220;2952&#8243; img_size=&#8220;full&#8220;][vc_row_inner el_class=&#8220;service_inner_row&#8220;][vc_column_inner][vc_single_image image=&#8220;4062&#8243; img_size=&#8220;full&#8220;][vc_custom_heading text=&#8220;Charta trvalo udr\u017eate\u013en\u00e9ho podnikania spravovan\u00e1 fl\u00e1mskym zdru\u017een\u00edm Voka&#8220; font_container=&#8220;tag:h3|text_align:left|color:%23ffffff&#8220; use_theme_fonts=&#8220;yes&#8220; link=&#8220;url:%2Fsk%2Fcsr%2Fcharta-udrzatelnosti%2F|title:Charta%20trvalo%20udr%C5%BEate%C4%BEn%C3%A9ho%20podnikania%20spravovan%C3%A1%20fl%C3%A1mskym%20zdru%C5%BEen%C3%ADm%20Voka&#8220;][vc_icon icon_fontawesome=&#8220;far fa-arrow-alt-circle-right&#8220; color=&#8220;white&#8220; align=&#8220;right&#8220; link=&#8220;url:%2Fsk%2Fspolocenska-zodpovednost-podniku%2Fduurzaamheidscharter%2F|title:Charta%20trvalo%20udr%C5%BEate%C4%BEn%C3%A9ho%20podnikania%20spravovan%C3%A1%20fl%C3%A1mskym%20zdru%C5%BEen%C3%ADm%20Voka&#8220;][\/vc_column_inner][\/vc_row_inner][\/vc_column][\/vc_row][\/vc_section]<\/p>\n","protected":false},"excerpt":{"rendered":"<p>[vc_section css=&#8220;.vc_custom_1653051102729{padding-top: 4em !important;padding-bottom: 4em !important;}&#8220;][vc_row][vc_column][vc_custom_heading text=&#8220;(CSR) Spolo\u010densk\u00e1 zodpovednos\u0165 podniku, 100 % z\u00e1v\u00e4zok vo\u010di spolo\u010dnosti a \u017eivotn\u00e9mu prostrediu&#8220; font_container=&#8220;tag:h2|text_align:center&#8220; use_theme_fonts=&#8220;yes&#8220;<span class=\"excerpt-hellip\"> [\u2026]<\/span><\/p>\n","protected":false},"author":7,"featured_media":0,"parent":0,"menu_order":0,"comment_status":"closed","ping_status":"closed","template":"","meta":{"inline_featured_image":false,"footnotes":""},"class_list":["post-2782","page","type-page","status-publish","hentry"],"acf":[],"yoast_head":"<!-- This site is optimized with the Yoast SEO plugin v19.10 - https:\/\/yoast.com\/wordpress\/plugins\/seo\/ -->\n<title>CSR - Alro Group<\/title>\n<meta name=\"description\" content=\"Alro Group je 100% zaviazan\u00e1 spolo\u010denskej zodpovednosti podniku(CSR). Spolo\u010densk\u00e1 zodpovednos\u0165 podniku je pre n\u00e1s k\u013e\u00fa\u010dov\u00fdm aspektom.\" \/>\n<meta name=\"robots\" content=\"index, follow, max-snippet:-1, max-image-preview:large, max-video-preview:-1\" \/>\n<link rel=\"canonical\" href=\"https:\/\/www.alro-group.com\/sk\/csr\/\" \/>\n<meta property=\"og:locale\" content=\"sk_SK\" \/>\n<meta property=\"og:type\" content=\"article\" \/>\n<meta property=\"og:title\" content=\"CSR - Alro Group\" \/>\n<meta property=\"og:description\" content=\"Alro Group je 100% zaviazan\u00e1 spolo\u010denskej zodpovednosti podniku(CSR). Spolo\u010densk\u00e1 zodpovednos\u0165 podniku je pre n\u00e1s k\u013e\u00fa\u010dov\u00fdm aspektom.\" \/>\n<meta property=\"og:url\" content=\"https:\/\/www.alro-group.com\/sk\/csr\/\" \/>\n<meta property=\"og:site_name\" content=\"Alro Group\" \/>\n<meta property=\"article:modified_time\" content=\"2024-10-25T10:23:03+00:00\" \/>\n<meta name=\"twitter:card\" content=\"summary_large_image\" \/>\n<meta name=\"twitter:label1\" content=\"Predpokladan\u00fd \u010das \u010d\u00edtania\" \/>\n\t<meta name=\"twitter:data1\" content=\"2 min\u00faty\" \/>\n<script type=\"application\/ld+json\" class=\"yoast-schema-graph\">{\"@context\":\"https:\/\/schema.org\",\"@graph\":[{\"@type\":\"WebPage\",\"@id\":\"https:\/\/www.alro-group.com\/sk\/csr\/\",\"url\":\"https:\/\/www.alro-group.com\/sk\/csr\/\",\"name\":\"CSR - Alro Group\",\"isPartOf\":{\"@id\":\"https:\/\/www.alro-group.com\/sk\/#website\"},\"datePublished\":\"2023-01-11T09:33:09+00:00\",\"dateModified\":\"2024-10-25T10:23:03+00:00\",\"description\":\"Alro Group je 100% zaviazan\u00e1 spolo\u010denskej zodpovednosti podniku(CSR). Spolo\u010densk\u00e1 zodpovednos\u0165 podniku je pre n\u00e1s k\u013e\u00fa\u010dov\u00fdm aspektom.\",\"breadcrumb\":{\"@id\":\"https:\/\/www.alro-group.com\/sk\/csr\/#breadcrumb\"},\"inLanguage\":\"sk-SK\",\"potentialAction\":[{\"@type\":\"ReadAction\",\"target\":[\"https:\/\/www.alro-group.com\/sk\/csr\/\"]}]},{\"@type\":\"BreadcrumbList\",\"@id\":\"https:\/\/www.alro-group.com\/sk\/csr\/#breadcrumb\",\"itemListElement\":[{\"@type\":\"ListItem\",\"position\":1,\"name\":\"Home\",\"item\":\"https:\/\/www.alro-group.com\/sk\/\"},{\"@type\":\"ListItem\",\"position\":2,\"name\":\"CSR\"}]},{\"@type\":\"WebSite\",\"@id\":\"https:\/\/www.alro-group.com\/sk\/#website\",\"url\":\"https:\/\/www.alro-group.com\/sk\/\",\"name\":\"Alro Group\",\"description\":\"In ontwikkeling\",\"potentialAction\":[{\"@type\":\"SearchAction\",\"target\":{\"@type\":\"EntryPoint\",\"urlTemplate\":\"https:\/\/www.alro-group.com\/sk\/?s={search_term_string}\"},\"query-input\":\"required name=search_term_string\"}],\"inLanguage\":\"sk-SK\"}]}<\/script>\n<!-- \/ Yoast SEO plugin. -->","yoast_head_json":{"title":"CSR - Alro Group","description":"Alro Group je 100% zaviazan\u00e1 spolo\u010denskej zodpovednosti podniku(CSR). Spolo\u010densk\u00e1 zodpovednos\u0165 podniku je pre n\u00e1s k\u013e\u00fa\u010dov\u00fdm aspektom.","robots":{"index":"index","follow":"follow","max-snippet":"max-snippet:-1","max-image-preview":"max-image-preview:large","max-video-preview":"max-video-preview:-1"},"canonical":"https:\/\/www.alro-group.com\/sk\/csr\/","og_locale":"sk_SK","og_type":"article","og_title":"CSR - Alro Group","og_description":"Alro Group je 100% zaviazan\u00e1 spolo\u010denskej zodpovednosti podniku(CSR). Spolo\u010densk\u00e1 zodpovednos\u0165 podniku je pre n\u00e1s k\u013e\u00fa\u010dov\u00fdm aspektom.","og_url":"https:\/\/www.alro-group.com\/sk\/csr\/","og_site_name":"Alro Group","article_modified_time":"2024-10-25T10:23:03+00:00","twitter_card":"summary_large_image","twitter_misc":{"Predpokladan\u00fd \u010das \u010d\u00edtania":"2 min\u00faty"},"schema":{"@context":"https:\/\/schema.org","@graph":[{"@type":"WebPage","@id":"https:\/\/www.alro-group.com\/sk\/csr\/","url":"https:\/\/www.alro-group.com\/sk\/csr\/","name":"CSR - Alro Group","isPartOf":{"@id":"https:\/\/www.alro-group.com\/sk\/#website"},"datePublished":"2023-01-11T09:33:09+00:00","dateModified":"2024-10-25T10:23:03+00:00","description":"Alro Group je 100% zaviazan\u00e1 spolo\u010denskej zodpovednosti podniku(CSR). Spolo\u010densk\u00e1 zodpovednos\u0165 podniku je pre n\u00e1s k\u013e\u00fa\u010dov\u00fdm aspektom.","breadcrumb":{"@id":"https:\/\/www.alro-group.com\/sk\/csr\/#breadcrumb"},"inLanguage":"sk-SK","potentialAction":[{"@type":"ReadAction","target":["https:\/\/www.alro-group.com\/sk\/csr\/"]}]},{"@type":"BreadcrumbList","@id":"https:\/\/www.alro-group.com\/sk\/csr\/#breadcrumb","itemListElement":[{"@type":"ListItem","position":1,"name":"Home","item":"https:\/\/www.alro-group.com\/sk\/"},{"@type":"ListItem","position":2,"name":"CSR"}]},{"@type":"WebSite","@id":"https:\/\/www.alro-group.com\/sk\/#website","url":"https:\/\/www.alro-group.com\/sk\/","name":"Alro Group","description":"In ontwikkeling","potentialAction":[{"@type":"SearchAction","target":{"@type":"EntryPoint","urlTemplate":"https:\/\/www.alro-group.com\/sk\/?s={search_term_string}"},"query-input":"required name=search_term_string"}],"inLanguage":"sk-SK"}]}},"_links":{"self":[{"href":"https:\/\/www.alro-group.com\/sk\/wp-json\/wp\/v2\/pages\/2782","targetHints":{"allow":["GET"]}}],"collection":[{"href":"https:\/\/www.alro-group.com\/sk\/wp-json\/wp\/v2\/pages"}],"about":[{"href":"https:\/\/www.alro-group.com\/sk\/wp-json\/wp\/v2\/types\/page"}],"author":[{"embeddable":true,"href":"https:\/\/www.alro-group.com\/sk\/wp-json\/wp\/v2\/users\/7"}],"replies":[{"embeddable":true,"href":"https:\/\/www.alro-group.com\/sk\/wp-json\/wp\/v2\/comments?post=2782"}],"version-history":[{"count":7,"href":"https:\/\/www.alro-group.com\/sk\/wp-json\/wp\/v2\/pages\/2782\/revisions"}],"predecessor-version":[{"id":5776,"href":"https:\/\/www.alro-group.com\/sk\/wp-json\/wp\/v2\/pages\/2782\/revisions\/5776"}],"wp:attachment":[{"href":"https:\/\/www.alro-group.com\/sk\/wp-json\/wp\/v2\/media?parent=2782"}],"curies":[{"name":"wp","href":"https:\/\/api.w.org\/{rel}","templated":true}]}}