{"id":2352,"date":"2022-05-26T13:13:06","date_gmt":"2022-05-26T11:13:06","guid":{"rendered":"https:\/\/www.alro-group.com\/\/over-ons\/"},"modified":"2026-03-23T15:47:32","modified_gmt":"2026-03-23T14:47:32","slug":"o-nas","status":"publish","type":"page","link":"https:\/\/www.alro-group.com\/sk\/o-nas\/","title":{"rendered":"O n\u00e1s"},"content":{"rendered":"<p>[vc_row equal_height=&#8220;yes&#8220; content_placement=&#8220;middle&#8220; el_class=&#8220;processen_sec&#8220; css=&#8220;.vc_custom_1653562779564{padding-top: 3em !important;padding-bottom: 3em !important;}&#8220;][vc_column css_animation=&#8220;fadeInLeft&#8220; width=&#8220;1\/2&#8243; el_class=&#8220;play-column&#8220;][vc_single_image image=&#8220;3815&#8243; img_size=&#8220;800&#215;800&#8243; el_class=&#8220;round_img&#8220;][vc_icon icon_fontawesome=&#8220;fas fa-play&#8220; color=&#8220;custom&#8220; background_style=&#8220;rounded&#8220; background_color=&#8220;white&#8220; align=&#8220;center&#8220; custom_color=&#8220;#4e809c&#8220; el_class=&#8220;cusplay wp-video-popup&#8220;][vc_column_text]\n\t<div class=\"wp-video-popup-wrapper\">\n\t\t<div class=\"wp-video-popup-close\"><\/div>\n\t\t<iframe class=\"wp-video-popup-video is-hosted is-landscape is-resizable\" src=\"\" data-wp-video-popup-url=\"https:\/\/youtube.com\/embed\/swVdcqhHscI?autoplay=1\" frameborder=\"0\" allowfullscreen allow=\"autoplay\">\n\t\t<\/iframe>\n\t<\/div>\n\t[\/vc_column_text][\/vc_column][vc_column css_animation=&#8220;fadeInRight&#8220; width=&#8220;1\/2&#8243;][vc_custom_heading text=&#8220;Vznik spolo\u010dnosti Alro&#8220; use_theme_fonts=&#8220;yes&#8220; el_class=&#8220;cusheading&#8220;][vc_column_text]Spolo\u010dnos\u0165 Alro bola zalo\u017een\u00e1 v roku 1976. To, \u010do za\u010dalo ako miestna spolo\u010dnos\u0165 na v\u00fdrobu n\u00e1terov, ktor\u00fa riadil Luc Thijs, sa rozr\u00e1stlo na dobre etablovan\u00fa skupinu. V z\u00e1padnej a strednej Eur\u00f3pe pribudlo <a href=\"\/sk\/kontakt\/\">nieko\u013eko \u010fal\u0161\u00edch pobo\u010diek<\/a> a vznikla spolo\u010dnos\u0165 Alro Group. V priebehu rokov sme z\u00edskali \u010doraz viac zn\u00e1mych z\u00e1kazn\u00edkov v automobilovom priemysle.<\/p>\n<p>V j\u00fani 2019 sme dosiahli d\u00f4le\u017eit\u00fd m\u00ed\u013enik, ke\u010f eur\u00f3pska investi\u010dn\u00e1 spolo\u010dnos\u0165 <a href=\"https:\/\/www.gimv.com\/en\" target=\"_blank\" rel=\"noopener\">Gimv<\/a> z\u00edskala v\u00e4\u010d\u0161inov\u00fd podiel v spolo\u010dnosti od zakladate\u013eskej rodiny Thijsovcov.[\/vc_column_text][\/vc_column][\/vc_row][vc_row full_width=&#8220;stretch_row&#8220; el_class=&#8220;bg_icon&#8220; css=&#8220;.vc_custom_1653562955936{padding-top: 4em !important;padding-bottom: 4em !important;background-color: #f4f4f4 !important;}&#8220;][vc_column][vc_custom_heading text=&#8220;Kde sa nach\u00e1dza spolo\u010dnos\u0165 Alro dnes?&#8220; use_theme_fonts=&#8220;yes&#8220; el_class=&#8220;cusheading&#8220;][vc_column_text]Spolo\u010dnos\u0165 Alro sa v s\u00fa\u010dasnosti \u0161pecializuje na priemyseln\u00e9 lakovanie plastov\u00fdch a kovov\u00fdch dielov pre automobilov\u00fd priemysel. Ve\u013ek\u00e1 \u010das\u0165 osobn\u00fdch a n\u00e1kladn\u00fdch vozidiel, ktor\u00e9 denne vid\u00edte na cest\u00e1ch, m\u00e1 jeden alebo viacero dielov, ktor\u00e9 sme nalakovali. Medzi na\u0161ich z\u00e1kazn\u00edkov patria v\u00fdznamn\u00e9 zna\u010dky osobn\u00fdch a n\u00e1kladn\u00fdch vozidiel a popredn\u00ed dod\u00e1vatelia automobilov\u00e9ho priemyslu.<\/p>\n<p>Spolo\u010dnos\u0165 Alro Group disponuje modern\u00fdmi <a href=\"\/sk\/procesy\/\">v\u00fdrobn\u00fdmi linkami a procesmi<\/a>. Na\u0161e najmodernej\u0161ie postupy n\u00e1m umo\u017e\u0148uj\u00fa realizova\u0165 vysokokvalitn\u00e9 organick\u00e9 <a href=\"\/sk\/procesy\/mokre-lakovanie\/\">n\u00e1tery postupmi mokr\u00e9ho<\/a> a <a href=\"\/sk\/procesy\/praskove-lakovanie\/\">pr\u00e1\u0161kov\u00e9ho lakovania<\/a> a <a href=\"\/sk\/procesy\/ktl\/\">katafor\u00e9zneho lakovania, zn\u00e1meho aj pod skratkou KTL (z nemeck\u00e9ho Kathodische Tauchlackierung)<\/a>. Spolupracujeme s vami na ur\u010den\u00ed optim\u00e1lneho n\u00e1teru pre v\u00e1\u0161 konkr\u00e9tny projekt. Pri uveden\u00fdch procesoch ob\u010das pou\u017e\u00edvame aj na\u0161u inovat\u00edvnu robotick\u00fa technol\u00f3giu lasera na odstra\u0148ovanie n\u00e1terov z konkr\u00e9tnych dielov. V\u010faka tejto technol\u00f3gii u\u017e nemus\u00edme chr\u00e1ni\u0165 niektor\u00e9 diely pred procesom pon\u00e1rania. Takisto pravidelne odstra\u0148ujeme aj zvy\u0161ky farby z na\u0161ich vlastn\u00fdch reg\u00e1lov\u00fdch syst\u00e9mov. Pou\u017e\u00edvame na to dva r\u00f4zne postupy: tepeln\u00e9 alebo chemick\u00e9 odstra\u0148ovanie n\u00e1teru.<\/p>\n<p>Mo\u017enosti, ktor\u00e9 spolo\u010dnos\u0165 Alro Group pon\u00faka, s\u00fa p\u00f4sobiv\u00e9. Na\u0161ich 850 zamestnancov ka\u017ed\u00fd de\u0148 tvrdo pracuje na spracovan\u00ed viac ako 100 000 produktov v 1000 r\u00f4znych farb\u00e1ch. Zamestnanci pracuj\u00fa v pribli\u017ene 20 lakovniach v na\u0161ich z\u00e1vodoch v Belgicku. Pobo\u010dky dod\u00e1vaj\u00fa produkty na\u0161im z\u00e1kazn\u00edkom v celej z\u00e1padnej a strednej Eur\u00f3pe.[\/vc_column_text][\/vc_column][\/vc_row][vc_row full_width=&#8220;stretch_row&#8220; css=&#8220;.vc_custom_1653563010495{padding-top: 4em !important;padding-bottom: 4em !important;background-color: #4e809c !important;}&#8220;][vc_column][vc_custom_heading text=&#8220;Spolo\u010dnos\u0165 Alro \u2013 v\u017edy spr\u00e1vna vo\u013eba&#8220; font_container=&#8220;tag:h2|text_align:left|color:%23ffffff&#8220; use_theme_fonts=&#8220;yes&#8220; el_class=&#8220;cusheading&#8220;][vc_column_text el_class=&#8220;text-white&#8220;]Spolo\u010dnos\u0165 Alro v\u00e1m pom\u00f4\u017ee pri h\u013eadan\u00ed dokonalej povrchovej \u00fapravy pre v\u00e1\u0161 produkt, aby sp\u013a\u0148al <a href=\"\/sk\/spolocenska-zodpovednost-podniku\/\">estetick\u00e9 po\u017eiadavky<\/a> a najpr\u00edsnej\u0161ie normy kvality a ochrany \u017eivotn\u00e9ho prostredia. V\u017edy poskytujeme rie\u0161enie na mieru, ktor\u00e9 spln\u00ed v\u0161etky va\u0161e o\u010dak\u00e1vania. S na\u0161ou \u0161irokou \u0161k\u00e1lou lakovac\u00edch syst\u00e9mov, ako aj slu\u017ebami mont\u00e1\u017ee a riaden\u00edm dod\u00e1vate\u013esk\u00e9ho re\u0165azca sa m\u00f4\u017eete spo\u013eahn\u00fa\u0165 na na\u0161e \u0161pi\u010dkov\u00e9 spracovanie v\u00e1\u0161ho produktu. V\u010faka t\u00fdmto dodato\u010dn\u00fdm procesom je spolo\u010dnos\u0165 Alro ide\u00e1lnym \u010dl\u00e1nkom dod\u00e1vate\u013esk\u00e9ho re\u0165azca medzi v\u00fdrobcami dielov a z\u00e1kazn\u00edkom, ktor\u00fd ich montuje do vozidiel. Takisto pon\u00fakame mo\u017enos\u0165 zak\u00fapi\u0165 si diely, ktor\u00e9 sa maj\u00fa nalakova\u0165, aj mont\u00e1\u017ene diely. To znamen\u00e1, \u017ee po procese lakovania a kone\u010dnej mont\u00e1\u017ee sa diely m\u00f4\u017eu pred\u00e1va\u0165 ako moduly v\u00e1m alebo v\u00e1\u0161mu koncov\u00e9mu z\u00e1kazn\u00edkovi.[\/vc_column_text][\/vc_column][\/vc_row][vc_row full_width=&#8220;stretch_row&#8220; css=&#8220;.vc_custom_1653563100335{padding-top: 4em !important;padding-bottom: 4em !important;background-image: url(https:\/\/www.alro-group.com\/\/wp-content\/uploads\/2022\/05\/ktl_bg.jpg?id=310) !important;background-position: center !important;background-repeat: no-repeat !important;background-size: cover !important;}&#8220; el_class=&#8220;bg_gradient_left&#8220;][vc_column css_animation=&#8220;fadeInLeft&#8220;][vc_custom_heading text=&#8220;Pre\u010do si vybra\u0165 spolo\u010dnos\u0165 Alro?&#8220; font_container=&#8220;tag:h2|text_align:left|color:%23ffffff&#8220; use_theme_fonts=&#8220;yes&#8220; el_class=&#8220;cusheading&#8220;][vc_column_text el_class=&#8220;text-white&#8220;]<\/p>\n<ul>\n<li>Na prvom mieste je pre n\u00e1s vz\u0165ah so z\u00e1kazn\u00edkom: st\u00e1vame sa partnerom vo va\u0161om logistickom re\u0165azci.<\/li>\n<li>V\u00e1\u0161 produkt je v dobr\u00fdch ruk\u00e1ch n\u00e1\u0161ho sk\u00fasen\u00e9ho a motivovan\u00e9ho t\u00edmu.<\/li>\n<li>Pon\u00fakame \u0161irok\u00fa \u0161k\u00e1lu mo\u017enost\u00ed lakovania.<\/li>\n<li>Sp\u013a\u0148ame va\u0161e po\u017eiadavky na kvalitu a prisp\u00f4sobujeme na\u0161e procesy tak, aby v\u00e1m vyhovovali.<\/li>\n<li>Lakujeme kovov\u00e9 aj plastov\u00e9 diely a m\u00f4\u017eeme p\u00f4sobi\u0165 ako komplexn\u00fd servis pre v\u00e1\u0161 sortiment produktov.<\/li>\n<li>V pr\u00edpade potreby sa m\u00f4\u017eeme postara\u0165 aj o \u010fal\u0161iu <a href=\"\/sk\/procesy\/montaz\/\">mont\u00e1\u017e<\/a> va\u0161ich dielov.<\/li>\n<li>Pon\u00fakame ve\u013emi vysok\u00fa objemov\u00fa kapacitu: m\u00e1me viac ako 20 lakovn\u00ed, ktor\u00e9 spracuj\u00fa viac ako 100\u00a0000 produktov denne.<\/li>\n<li>P\u00fd\u0161ime sa certifik\u00e1tmi IATF 16949 a ISO14001.<\/li>\n<li>Pou\u017e\u00edvame tie najlep\u0161ie syst\u00e9my: najmodernej\u0161ie v\u00fdrobn\u00e9 linky, spracovanie \u00fadajov EDI a riadenie procesov prostredn\u00edctvom pl\u00e1novania podnikov\u00fdch zdrojov (ERP).<\/li>\n<\/ul>\n<p>[\/vc_column_text][\/vc_column][\/vc_row][vc_row full_width=&#8220;stretch_row&#8220; css=&#8220;.vc_custom_1653563180008{padding-top: 4em !important;padding-bottom: 4em !important;background-color: #f4f4f4 !important;}&#8220;][vc_column][vc_custom_heading text=&#8220;Vedenie spolo\u010dnosti Alro Group&#8220; font_container=&#8220;tag:h2|text_align:center&#8220; use_theme_fonts=&#8220;yes&#8220; el_class=&#8220;cusheading&#8220;][vc_empty_space height=&#8220;15px&#8220;][vc_row_inner equal_height=&#8220;yes&#8220; el_class=&#8220;managment_team&#8220;][vc_column_inner width=&#8220;1\/5&#8243;][vc_custom_heading text=&#8220;JAN CRAENEN&#8220; font_container=&#8220;tag:h4|text_align:center&#8220; use_theme_fonts=&#8220;yes&#8220;][vc_custom_heading text=&#8220;CEO&#8220; font_container=&#8220;tag:h5|text_align:center|color:%23aec0ca&#8220; use_theme_fonts=&#8220;yes&#8220;][\/vc_column_inner][vc_column_inner width=&#8220;1\/5&#8243;][vc_custom_heading text=&#8220;JAN RAMAEKERS&#8220; font_container=&#8220;tag:h4|text_align:center&#8220; use_theme_fonts=&#8220;yes&#8220;][vc_custom_heading text=&#8220;CFO &amp; HR DIRECTOR&#8220; font_container=&#8220;tag:h5|text_align:center|color:%23aec0ca&#8220; use_theme_fonts=&#8220;yes&#8220;][\/vc_column_inner][vc_column_inner width=&#8220;1\/5&#8243;][vc_custom_heading text=&#8220;MICHAEL SEGNANA&#8220; font_container=&#8220;tag:h4|text_align:center&#8220; use_theme_fonts=&#8220;yes&#8220;][vc_custom_heading text=&#8220;COMMERCIAL DIRECTOR&#8220; font_container=&#8220;tag:h5|text_align:center|color:%23aec0ca&#8220; use_theme_fonts=&#8220;yes&#8220;][\/vc_column_inner][vc_column_inner width=&#8220;1\/5&#8243;][vc_custom_heading text=&#8220;CARL BRUYNSEELS&#8220; font_container=&#8220;tag:h4|text_align:center&#8220; use_theme_fonts=&#8220;yes&#8220;][vc_custom_heading text=&#8220;TECHNICAL, IT &amp; PURCHASE DIRECTOR&#8220; font_container=&#8220;tag:h5|text_align:center|color:%23aec0ca&#8220; use_theme_fonts=&#8220;yes&#8220;][\/vc_column_inner][vc_column_inner width=&#8220;1\/5&#8243;][vc_custom_heading text=&#8220;RONALD SCHUERMANS&#8220; font_container=&#8220;tag:h4|text_align:center&#8220; use_theme_fonts=&#8220;yes&#8220;][vc_custom_heading text=&#8220;COO&#8220; font_container=&#8220;tag:h5|text_align:center|color:%23aec0ca&#8220; use_theme_fonts=&#8220;yes&#8220;][\/vc_column_inner][\/vc_row_inner][vc_row_inner equal_height=&#8220;yes&#8220; disable_element=&#8220;yes&#8220; el_class=&#8220;managment_team&#8220;][vc_column_inner width=&#8220;1\/5&#8243;][vc_single_image][vc_custom_heading text=&#8220;Jan Craenen&#8220; font_container=&#8220;tag:h4|font_size:20|text_align:center&#8220; use_theme_fonts=&#8220;yes&#8220;][vc_custom_heading text=&#8220;Gener\u00e1lny riadite\u013e&#8220; font_container=&#8220;tag:h5|text_align:center|color:%23aec0ca&#8220; use_theme_fonts=&#8220;yes&#8220;][\/vc_column_inner][vc_column_inner width=&#8220;1\/5&#8243;][vc_single_image][vc_custom_heading text=&#8220;JAN RAMAEKERS&#8220; font_container=&#8220;tag:h4|font_size:20|text_align:center&#8220; use_theme_fonts=&#8220;yes&#8220;][vc_custom_heading text=&#8220;Finan\u010dn\u00fd riadite\u013e a riadite\u013e \u013eudsk\u00fdch zdrojov&#8220; font_container=&#8220;tag:h5|text_align:center|color:%23aec0ca&#8220; use_theme_fonts=&#8220;yes&#8220;][\/vc_column_inner][vc_column_inner width=&#8220;1\/5&#8243;][vc_single_image image=&#8220;3436&#8243;][vc_custom_heading text=&#8220;Dirk Broekhoven&#8220; font_container=&#8220;tag:h4|font_size:20|text_align:center&#8220; use_theme_fonts=&#8220;yes&#8220;][vc_custom_heading text=&#8220;Riadite\u013e predaja a projektov&#8220; font_container=&#8220;tag:h5|text_align:center|color:%23aec0ca&#8220; use_theme_fonts=&#8220;yes&#8220;][\/vc_column_inner][vc_column_inner width=&#8220;1\/5&#8243;][vc_single_image image=&#8220;3432&#8243;][vc_custom_heading text=&#8220;CARL BRUYNSEELS&#8220; font_container=&#8220;tag:h4|font_size:20|text_align:center&#8220; use_theme_fonts=&#8220;yes&#8220;][vc_custom_heading text=&#8220;Riadite\u013e pre technick\u00e9 z\u00e1le\u017eitosti, IT a n\u00e1kup&#8220; font_container=&#8220;tag:h5|text_align:center|color:%23aec0ca&#8220; use_theme_fonts=&#8220;yes&#8220;][\/vc_column_inner][\/vc_row_inner][\/vc_column][\/vc_row]<\/p>\n","protected":false},"excerpt":{"rendered":"<p>[vc_row equal_height=&#8220;yes&#8220; content_placement=&#8220;middle&#8220; el_class=&#8220;processen_sec&#8220; css=&#8220;.vc_custom_1653562779564{padding-top: 3em !important;padding-bottom: 3em !important;}&#8220;][vc_column css_animation=&#8220;fadeInLeft&#8220; width=&#8220;1\/2&#8243; el_class=&#8220;play-column&#8220;][vc_single_image image=&#8220;3815&#8243; img_size=&#8220;800&#215;800&#8243; el_class=&#8220;round_img&#8220;][vc_icon icon_fontawesome=&#8220;fas fa-play&#8220; color=&#8220;custom&#8220; background_style=&#8220;rounded&#8220; background_color=&#8220;white&#8220;<span class=\"excerpt-hellip\"> [\u2026]<\/span><\/p>\n","protected":false},"author":4,"featured_media":0,"parent":0,"menu_order":0,"comment_status":"closed","ping_status":"closed","template":"","meta":{"inline_featured_image":false,"footnotes":""},"class_list":["post-2352","page","type-page","status-publish","hentry"],"acf":[],"yoast_head":"<!-- This site is optimized with the Yoast SEO plugin v19.10 - https:\/\/yoast.com\/wordpress\/plugins\/seo\/ -->\n<title>O n\u00e1s - Alro Group<\/title>\n<meta name=\"description\" content=\"To, \u010do za\u010dalo ako miestna spolo\u010dnos\u0165 na v\u00fdrobu n\u00e1terov, ktor\u00fa riadil Luc Thijs, sa rozr\u00e1stlo na zn\u00e1mu skupinu. Zistite viac o n\u00e1s!\" \/>\n<meta name=\"robots\" content=\"index, follow, max-snippet:-1, max-image-preview:large, max-video-preview:-1\" \/>\n<link rel=\"canonical\" href=\"https:\/\/www.alro-group.com\/sk\/o-nas\/\" \/>\n<meta property=\"og:locale\" content=\"sk_SK\" \/>\n<meta property=\"og:type\" content=\"article\" \/>\n<meta property=\"og:title\" content=\"O n\u00e1s - Alro Group\" \/>\n<meta property=\"og:description\" content=\"To, \u010do za\u010dalo ako miestna spolo\u010dnos\u0165 na v\u00fdrobu n\u00e1terov, ktor\u00fa riadil Luc Thijs, sa rozr\u00e1stlo na zn\u00e1mu skupinu. Zistite viac o n\u00e1s!\" \/>\n<meta property=\"og:url\" content=\"https:\/\/www.alro-group.com\/sk\/o-nas\/\" \/>\n<meta property=\"og:site_name\" content=\"Alro Group\" \/>\n<meta property=\"article:modified_time\" content=\"2026-03-23T14:47:32+00:00\" \/>\n<meta name=\"twitter:card\" content=\"summary_large_image\" \/>\n<meta name=\"twitter:label1\" content=\"Predpokladan\u00fd \u010das \u010d\u00edtania\" \/>\n\t<meta name=\"twitter:data1\" content=\"4 min\u00faty\" \/>\n<script type=\"application\/ld+json\" class=\"yoast-schema-graph\">{\"@context\":\"https:\/\/schema.org\",\"@graph\":[{\"@type\":\"WebPage\",\"@id\":\"https:\/\/www.alro-group.com\/sk\/o-nas\/\",\"url\":\"https:\/\/www.alro-group.com\/sk\/o-nas\/\",\"name\":\"O n\u00e1s - Alro Group\",\"isPartOf\":{\"@id\":\"https:\/\/www.alro-group.com\/sk\/#website\"},\"datePublished\":\"2022-05-26T11:13:06+00:00\",\"dateModified\":\"2026-03-23T14:47:32+00:00\",\"description\":\"To, \u010do za\u010dalo ako miestna spolo\u010dnos\u0165 na v\u00fdrobu n\u00e1terov, ktor\u00fa riadil Luc Thijs, sa rozr\u00e1stlo na zn\u00e1mu skupinu. Zistite viac o n\u00e1s!\",\"breadcrumb\":{\"@id\":\"https:\/\/www.alro-group.com\/sk\/o-nas\/#breadcrumb\"},\"inLanguage\":\"sk-SK\",\"potentialAction\":[{\"@type\":\"ReadAction\",\"target\":[\"https:\/\/www.alro-group.com\/sk\/o-nas\/\"]}]},{\"@type\":\"BreadcrumbList\",\"@id\":\"https:\/\/www.alro-group.com\/sk\/o-nas\/#breadcrumb\",\"itemListElement\":[{\"@type\":\"ListItem\",\"position\":1,\"name\":\"Home\",\"item\":\"https:\/\/www.alro-group.com\/sk\/\"},{\"@type\":\"ListItem\",\"position\":2,\"name\":\"O n\u00e1s\"}]},{\"@type\":\"WebSite\",\"@id\":\"https:\/\/www.alro-group.com\/sk\/#website\",\"url\":\"https:\/\/www.alro-group.com\/sk\/\",\"name\":\"Alro Group\",\"description\":\"In ontwikkeling\",\"potentialAction\":[{\"@type\":\"SearchAction\",\"target\":{\"@type\":\"EntryPoint\",\"urlTemplate\":\"https:\/\/www.alro-group.com\/sk\/?s={search_term_string}\"},\"query-input\":\"required name=search_term_string\"}],\"inLanguage\":\"sk-SK\"}]}<\/script>\n<!-- \/ Yoast SEO plugin. -->","yoast_head_json":{"title":"O n\u00e1s - Alro Group","description":"To, \u010do za\u010dalo ako miestna spolo\u010dnos\u0165 na v\u00fdrobu n\u00e1terov, ktor\u00fa riadil Luc Thijs, sa rozr\u00e1stlo na zn\u00e1mu skupinu. Zistite viac o n\u00e1s!","robots":{"index":"index","follow":"follow","max-snippet":"max-snippet:-1","max-image-preview":"max-image-preview:large","max-video-preview":"max-video-preview:-1"},"canonical":"https:\/\/www.alro-group.com\/sk\/o-nas\/","og_locale":"sk_SK","og_type":"article","og_title":"O n\u00e1s - Alro Group","og_description":"To, \u010do za\u010dalo ako miestna spolo\u010dnos\u0165 na v\u00fdrobu n\u00e1terov, ktor\u00fa riadil Luc Thijs, sa rozr\u00e1stlo na zn\u00e1mu skupinu. Zistite viac o n\u00e1s!","og_url":"https:\/\/www.alro-group.com\/sk\/o-nas\/","og_site_name":"Alro Group","article_modified_time":"2026-03-23T14:47:32+00:00","twitter_card":"summary_large_image","twitter_misc":{"Predpokladan\u00fd \u010das \u010d\u00edtania":"4 min\u00faty"},"schema":{"@context":"https:\/\/schema.org","@graph":[{"@type":"WebPage","@id":"https:\/\/www.alro-group.com\/sk\/o-nas\/","url":"https:\/\/www.alro-group.com\/sk\/o-nas\/","name":"O n\u00e1s - Alro Group","isPartOf":{"@id":"https:\/\/www.alro-group.com\/sk\/#website"},"datePublished":"2022-05-26T11:13:06+00:00","dateModified":"2026-03-23T14:47:32+00:00","description":"To, \u010do za\u010dalo ako miestna spolo\u010dnos\u0165 na v\u00fdrobu n\u00e1terov, ktor\u00fa riadil Luc Thijs, sa rozr\u00e1stlo na zn\u00e1mu skupinu. Zistite viac o n\u00e1s!","breadcrumb":{"@id":"https:\/\/www.alro-group.com\/sk\/o-nas\/#breadcrumb"},"inLanguage":"sk-SK","potentialAction":[{"@type":"ReadAction","target":["https:\/\/www.alro-group.com\/sk\/o-nas\/"]}]},{"@type":"BreadcrumbList","@id":"https:\/\/www.alro-group.com\/sk\/o-nas\/#breadcrumb","itemListElement":[{"@type":"ListItem","position":1,"name":"Home","item":"https:\/\/www.alro-group.com\/sk\/"},{"@type":"ListItem","position":2,"name":"O n\u00e1s"}]},{"@type":"WebSite","@id":"https:\/\/www.alro-group.com\/sk\/#website","url":"https:\/\/www.alro-group.com\/sk\/","name":"Alro Group","description":"In ontwikkeling","potentialAction":[{"@type":"SearchAction","target":{"@type":"EntryPoint","urlTemplate":"https:\/\/www.alro-group.com\/sk\/?s={search_term_string}"},"query-input":"required name=search_term_string"}],"inLanguage":"sk-SK"}]}},"_links":{"self":[{"href":"https:\/\/www.alro-group.com\/sk\/wp-json\/wp\/v2\/pages\/2352","targetHints":{"allow":["GET"]}}],"collection":[{"href":"https:\/\/www.alro-group.com\/sk\/wp-json\/wp\/v2\/pages"}],"about":[{"href":"https:\/\/www.alro-group.com\/sk\/wp-json\/wp\/v2\/types\/page"}],"author":[{"embeddable":true,"href":"https:\/\/www.alro-group.com\/sk\/wp-json\/wp\/v2\/users\/4"}],"replies":[{"embeddable":true,"href":"https:\/\/www.alro-group.com\/sk\/wp-json\/wp\/v2\/comments?post=2352"}],"version-history":[{"count":8,"href":"https:\/\/www.alro-group.com\/sk\/wp-json\/wp\/v2\/pages\/2352\/revisions"}],"predecessor-version":[{"id":6002,"href":"https:\/\/www.alro-group.com\/sk\/wp-json\/wp\/v2\/pages\/2352\/revisions\/6002"}],"wp:attachment":[{"href":"https:\/\/www.alro-group.com\/sk\/wp-json\/wp\/v2\/media?parent=2352"}],"curies":[{"name":"wp","href":"https:\/\/api.w.org\/{rel}","templated":true}]}}