{"id":981,"date":"2022-06-13T14:30:32","date_gmt":"2022-06-13T12:30:32","guid":{"rendered":"https:\/\/www.alro-group.com\/\/over-ons\/"},"modified":"2026-03-23T15:46:35","modified_gmt":"2026-03-23T14:46:35","slug":"uber-uns","status":"publish","type":"page","link":"https:\/\/www.alro-group.com\/de\/uber-uns\/","title":{"rendered":"\u00dcber uns"},"content":{"rendered":"<p>[vc_row equal_height=&#8220;yes&#8220; content_placement=&#8220;middle&#8220; el_class=&#8220;processen_sec&#8220; css=&#8220;.vc_custom_1653562779564{padding-top: 3em !important;padding-bottom: 3em !important;}&#8220;][vc_column css_animation=&#8220;fadeInLeft&#8220; width=&#8220;1\/2&#8243; el_class=&#8220;play-column&#8220;][vc_single_image image=&#8220;300&#8243; img_size=&#8220;800&#215;800&#8243; el_class=&#8220;round_img&#8220;][vc_icon icon_fontawesome=&#8220;fas fa-play&#8220; color=&#8220;custom&#8220; background_style=&#8220;rounded&#8220; background_color=&#8220;white&#8220; align=&#8220;center&#8220; custom_color=&#8220;#4e809c&#8220; el_class=&#8220;cusplay wp-video-popup&#8220;][vc_column_text]\n\t<div class=\"wp-video-popup-wrapper\">\n\t\t<div class=\"wp-video-popup-close\"><\/div>\n\t\t<iframe class=\"wp-video-popup-video is-hosted is-landscape is-resizable\" src=\"\" data-wp-video-popup-url=\"https:\/\/youtube.com\/embed\/swVdcqhHscI?autoplay=1\" frameborder=\"0\" allowfullscreen allow=\"autoplay\">\n\t\t<\/iframe>\n\t<\/div>\n\t[\/vc_column_text][\/vc_column][vc_column css_animation=&#8220;fadeInRight&#8220; width=&#8220;1\/2&#8243;][vc_custom_heading text=&#8220;DIE ENTSTEHUNGSGESCHICHTE VON ALRO&#8220; use_theme_fonts=&#8220;yes&#8220; el_class=&#8220;cusheading&#8220;][vc_column_text]Alro wurde 1976 gegr\u00fcndet. Was als lokaler Beschichtungsbetrieb unter der Leitung von Luc Thijs begann, wuchs zu einem renommierten Konzern heran. Mehrere Standorte \u00a0in West- und Mitteleuropa kamen hinzu, und so entstand die Alro-Gruppe. Im Laufe der Jahre erweiterte sich der Kundenstamm um immer mehr bekannte Namen aus der Automobilindustrie. Erfahren Sie \u00fcber uns, wie Alro sich im Laufe der Zeit entwickelt hat.<\/p>\n<p>Im Juni 2019 erreichte Alro Group dann einen wichtigen Meilenstein. Gimv , eine europ\u00e4ische Investmentgesellschaft, erwarb die Mehrheit der Anteile von der Gr\u00fcnderfamilie Thijs.[\/vc_column_text][\/vc_column][\/vc_row][vc_row full_width=&#8220;stretch_row&#8220; el_class=&#8220;bg_icon&#8220; css=&#8220;.vc_custom_1653562955936{padding-top: 4em !important;padding-bottom: 4em !important;background-color: #f4f4f4 !important;}&#8220;][vc_column][vc_custom_heading text=&#8220;WO STEHT ALRO HEUTE?&#8220; use_theme_fonts=&#8220;yes&#8220; el_class=&#8220;cusheading&#8220;][vc_column_text]Alro Group hat sich auf die industrielle Beschichtung von Kunststoff- und Metallteilen f\u00fcr die Automobilindustrie spezialisiert. Ein gro\u00dfer Teil der Pkw und Lkw auf unseren Stra\u00dfen enth\u00e4lt eines oder mehrere von der Alro Group beschichtete Teile. Zum Kundenstamm z\u00e4hlen sowohl die wichtigsten Pkw- und Lkw-Hersteller als auch die gro\u00dfen Zulieferunternehmen.<\/p>\n<p>Bei Alro sind wir stolz auf unsere modernen <a href=\"\/de\/prozesse\/\">Produktionslinien- und verfahren<\/a>\u00a0. Dank modernster Prozesse sind wir in der Lage, qualitativ hochwertige Beschichtungen zu liefern wie z. B.: <a href=\"\/de\/prozesse\/nasslackierung\/\">Nasslackierungen<\/a> , <a href=\"\/de\/prozesse\/pulverbeschichtung\/\">Pulverbeschichtungen<\/a> und <a href=\"\/de\/prozesse\/ktl\/\">kataphoretische Beschichtungen<\/a> (KTL). Zusammen mit Ihnen bestimmen wir, welcher Beschichtungstyp am besten f\u00fcr Ihr spezifisches Projekt geeignet ist. Bei diesen Prozessen setzen wir zuweilen auch eine innovative Technologie ein, bei der Roboter bestimmte Bereiche mit einem <a href=\"\/de\/prozesse\/laserentlackung\/\">Laser entlacken<\/a>. Durch die Verwendung dieser Technologie wird das Maskieren (Abkleben) bestimmter Bereiche f\u00fcr den Tauchvorgang \u00fcberfl\u00fcssig. Auch unsere eigenen Lackiergestelle durchlaufen h\u00e4ufig einen Entlackungsprozess, wenn erhebliche Lackr\u00fcckst\u00e4nde entstanden sind. Hierf\u00fcr sind zwei verschiedene Verfahren m\u00f6glich: <a href=\"\/de\/prozesse\/laserentlackung\">die thermische oder die chemische Entlackung<\/a>.<\/p>\n<p>Die M\u00f6glichkeiten der Alro Group sind beeindruckend. Dank des engagierten Einsatzes unserer 850 Mitarbeiter sind wir in der Lage, t\u00e4glich mehr als 100.000 Produkte in 1.000 verschiedenen Farben zu verarbeiten. Dies geschieht in rund 20 Beschichtungsanlagen an unseren Standorten in Belgien. Von diesen Standorten aus werden die Produkte an unsere Kunden in ganz West- und Mitteleuropa geliefert.[\/vc_column_text][\/vc_column][\/vc_row][vc_row full_width=&#8220;stretch_row&#8220; css=&#8220;.vc_custom_1653563010495{padding-top: 4em !important;padding-bottom: 4em !important;background-color: #4e809c !important;}&#8220;][vc_column][vc_custom_heading text=&#8220;ALRO, IMMER DIE RICHTIGE L\u00d6SUNG&#8220; font_container=&#8220;tag:h2|text_align:left|color:%23ffffff&#8220; use_theme_fonts=&#8220;yes&#8220; el_class=&#8220;cusheading&#8220;][vc_column_text el_class=&#8220;text-white&#8220;]Alro unterst\u00fctzt Sie bei der Suche nach der perfekten Oberfl\u00e4chenbehandlung, die Ihr Produkt ben\u00f6tigt, um \u00e4sthetische Anspr\u00fcche \u00a0und die strengsten Qualit\u00e4ts- und Umweltstandards zu erf\u00fcllen. Auf diese Weise entsteht jeweils eine ma\u00dfgeschneiderte L\u00f6sung, mit deren Hilfe wir all Ihre Erwartungen erf\u00fcllen k\u00f6nnen.<\/p>\n<p>Dank einer Vielzahl von Beschichtungssystemen, erg\u00e4nzt durch Montageservices und Supply Chain Management, k\u00f6nnen Sie sich auf ein exzellentes Handling Ihres Produktes verlassen. Diese zus\u00e4tzlichen Prozesse machen Alro zum idealen Bindeglied in der Lieferkette zwischen den Herstellern und den Kunden, die die Teile schlie\u00dflich in die Fahrzeuge einbauen. Dar\u00fcber hinaus bieten wir die M\u00f6glichkeit, sowohl die zu beschichtenden Teile als auch die Montageteile zu beschaffen. So k\u00f6nnen die Teile nach den Beschichtungsprozessen und der Endmontage als Module an Sie oder an Ihren Endkunden geliefert werden.[\/vc_column_text][\/vc_column][\/vc_row][vc_row full_width=&#8220;stretch_row&#8220; css=&#8220;.vc_custom_1653563100335{padding-top: 4em !important;padding-bottom: 4em !important;background-image: url(https:\/\/www.alro-group.com\/\/wp-content\/uploads\/2022\/05\/ktl_bg.jpg?id=310) !important;background-position: center !important;background-repeat: no-repeat !important;background-size: cover !important;}&#8220; el_class=&#8220;bg_gradient_left&#8220;][vc_column css_animation=&#8220;fadeInLeft&#8220;][vc_custom_heading text=&#8220;WARUM ALRO?&#8220; font_container=&#8220;tag:h2|text_align:left|color:%23ffffff&#8220; use_theme_fonts=&#8220;yes&#8220; el_class=&#8220;cusheading&#8220;][vc_column_text el_class=&#8220;text-white&#8220;]<\/p>\n<ul>\n<li>F\u00fcr uns steht die Beziehung zum Kunden an erster Stelle: wir werden zu einem starken Partner in Ihrer Logistikkette.<\/li>\n<li>Wir verf\u00fcgen \u00fcber ein erfahrenes und motiviertes Team, bei dem Ihr Produkt in guten H\u00e4nden ist.<\/li>\n<li>Wir bieten eine gro\u00dfe Auswahl an Beschichtungsm\u00f6glichkeiten.<\/li>\n<li>Wir erf\u00fcllen Ihre Anspr\u00fcche in Bezug auf die Qualit\u00e4t und passen die Prozesse an Ihre Bed\u00fcrfnisse an.<\/li>\n<li>Wir beschichten sowohl Metall als auch Kunststoff und k\u00f6nnen f\u00fcr Ihr Produktsortiment zum One-Stop-Shop werden.<\/li>\n<li>Auf Wunsch \u00fcbernehmen wir auch die weitere <a href=\"\/de\/prozesse\/montage\">Montage<\/a> Ihrer Teile.<\/li>\n<li>Wir verf\u00fcgen \u00fcber eine sehr hohe Volumenkapazit\u00e4t: mehr als 20 Beschichtungsanlagen verarbeiten mehr als 100.000 Produkte pro Tag.<\/li>\n<li>Wir sind nach IATF16949 und ISO14001 zertifiziert.<\/li>\n<li>Wir nutzen die neuesten Systeme: hochmoderne Produktionslinien, Prozessmanagement \u00fcber ERP, Datenverarbeitung \u00fcber EDI.<\/li>\n<\/ul>\n<p>[\/vc_column_text][\/vc_column][\/vc_row][vc_row full_width=&#8220;stretch_row&#8220; css=&#8220;.vc_custom_1653563180008{padding-top: 4em !important;padding-bottom: 4em !important;background-color: #f4f4f4 !important;}&#8220;][vc_column][vc_custom_heading text=&#8220;DIE GESCH\u00c4FTSF\u00dcHR\u00dcNG DER ALRO GROUP&#8220; font_container=&#8220;tag:h2|text_align:center&#8220; use_theme_fonts=&#8220;yes&#8220; el_class=&#8220;cusheading&#8220;][vc_empty_space height=&#8220;15px&#8220;][vc_row_inner equal_height=&#8220;yes&#8220; el_class=&#8220;managment_team&#8220;][vc_column_inner width=&#8220;1\/5&#8243;][vc_custom_heading text=&#8220;JAN CRAENEN&#8220; font_container=&#8220;tag:h4|text_align:center&#8220; use_theme_fonts=&#8220;yes&#8220;][vc_custom_heading text=&#8220;CEO&#8220; font_container=&#8220;tag:h5|text_align:center|color:%23aec0ca&#8220; use_theme_fonts=&#8220;yes&#8220;][\/vc_column_inner][vc_column_inner width=&#8220;1\/5&#8243;][vc_custom_heading text=&#8220;JAN RAMAEKERS&#8220; font_container=&#8220;tag:h4|text_align:center&#8220; use_theme_fonts=&#8220;yes&#8220;][vc_custom_heading text=&#8220;CFO &amp; HR DIREKTOR&#8220; font_container=&#8220;tag:h5|text_align:center|color:%23aec0ca&#8220; use_theme_fonts=&#8220;yes&#8220;][\/vc_column_inner][vc_column_inner width=&#8220;1\/5&#8243;][vc_custom_heading text=&#8220;MICHAEL SEGNANA&#8220; font_container=&#8220;tag:h4|text_align:center&#8220; use_theme_fonts=&#8220;yes&#8220;][vc_custom_heading text=&#8220;COMMERCIAL DIRECTOR&#8220; font_container=&#8220;tag:h5|text_align:center|color:%23aec0ca&#8220; use_theme_fonts=&#8220;yes&#8220;][\/vc_column_inner][vc_column_inner width=&#8220;1\/5&#8243;][vc_custom_heading text=&#8220;CARL BRUYNSEELS&#8220; font_container=&#8220;tag:h4|text_align:center&#8220; use_theme_fonts=&#8220;yes&#8220;][vc_custom_heading text=&#8220;DIREKTOR TECHNIK, IT UND EINKAUF&#8220; font_container=&#8220;tag:h5|text_align:center|color:%23aec0ca&#8220; use_theme_fonts=&#8220;yes&#8220;][\/vc_column_inner][vc_column_inner width=&#8220;1\/5&#8243;][vc_custom_heading text=&#8220;RONALD SCHUERMANS&#8220; font_container=&#8220;tag:h4|text_align:center&#8220; use_theme_fonts=&#8220;yes&#8220;][vc_custom_heading text=&#8220;COO&#8220; font_container=&#8220;tag:h4|text_align:center|color:%23aec0ca&#8220; use_theme_fonts=&#8220;yes&#8220;][\/vc_column_inner][\/vc_row_inner][\/vc_column][\/vc_row]<\/p>\n","protected":false},"excerpt":{"rendered":"<p>[vc_row equal_height=&#8220;yes&#8220; content_placement=&#8220;middle&#8220; el_class=&#8220;processen_sec&#8220; css=&#8220;.vc_custom_1653562779564{padding-top: 3em !important;padding-bottom: 3em !important;}&#8220;][vc_column css_animation=&#8220;fadeInLeft&#8220; width=&#8220;1\/2&#8243; el_class=&#8220;play-column&#8220;][vc_single_image image=&#8220;300&#8243; img_size=&#8220;800&#215;800&#8243; el_class=&#8220;round_img&#8220;][vc_icon icon_fontawesome=&#8220;fas fa-play&#8220; color=&#8220;custom&#8220; background_style=&#8220;rounded&#8220; background_color=&#8220;white&#8220;<span class=\"excerpt-hellip\"> [\u2026]<\/span><\/p>\n","protected":false},"author":4,"featured_media":0,"parent":0,"menu_order":0,"comment_status":"closed","ping_status":"closed","template":"","meta":{"inline_featured_image":false,"footnotes":""},"class_list":["post-981","page","type-page","status-publish","hentry"],"acf":[],"yoast_head":"<!-- This site is optimized with the Yoast SEO plugin v19.10 - https:\/\/yoast.com\/wordpress\/plugins\/seo\/ -->\n<title>\u00dcber uns - Alro Group<\/title>\n<meta name=\"description\" content=\"Vom lokalen Beschichtungsbetrieb unter Luc Thijs wuchs Alro zu einem renommierten Konzern. Erfahren Sie mehr \u00fcber uns!\" \/>\n<meta name=\"robots\" content=\"index, follow, max-snippet:-1, max-image-preview:large, max-video-preview:-1\" \/>\n<link rel=\"canonical\" href=\"https:\/\/www.alro-group.com\/de\/uber-uns\/\" \/>\n<meta property=\"og:locale\" content=\"de_DE\" \/>\n<meta property=\"og:type\" content=\"article\" \/>\n<meta property=\"og:title\" content=\"\u00dcber uns - Alro Group\" \/>\n<meta property=\"og:description\" content=\"Vom lokalen Beschichtungsbetrieb unter Luc Thijs wuchs Alro zu einem renommierten Konzern. Erfahren Sie mehr \u00fcber uns!\" \/>\n<meta property=\"og:url\" content=\"https:\/\/www.alro-group.com\/de\/uber-uns\/\" \/>\n<meta property=\"og:site_name\" content=\"Alro Group\" \/>\n<meta property=\"article:modified_time\" content=\"2026-03-23T14:46:35+00:00\" \/>\n<meta name=\"twitter:card\" content=\"summary_large_image\" \/>\n<meta name=\"twitter:label1\" content=\"Gesch\u00e4tzte Lesezeit\" \/>\n\t<meta name=\"twitter:data1\" content=\"4\u00a0Minuten\" \/>\n<script type=\"application\/ld+json\" class=\"yoast-schema-graph\">{\"@context\":\"https:\/\/schema.org\",\"@graph\":[{\"@type\":\"WebPage\",\"@id\":\"https:\/\/www.alro-group.com\/de\/uber-uns\/\",\"url\":\"https:\/\/www.alro-group.com\/de\/uber-uns\/\",\"name\":\"\u00dcber uns - Alro Group\",\"isPartOf\":{\"@id\":\"https:\/\/www.alro-group.com\/de\/#website\"},\"datePublished\":\"2022-06-13T12:30:32+00:00\",\"dateModified\":\"2026-03-23T14:46:35+00:00\",\"description\":\"Vom lokalen Beschichtungsbetrieb unter Luc Thijs wuchs Alro zu einem renommierten Konzern. Erfahren Sie mehr \u00fcber uns!\",\"breadcrumb\":{\"@id\":\"https:\/\/www.alro-group.com\/de\/uber-uns\/#breadcrumb\"},\"inLanguage\":\"de\",\"potentialAction\":[{\"@type\":\"ReadAction\",\"target\":[\"https:\/\/www.alro-group.com\/de\/uber-uns\/\"]}]},{\"@type\":\"BreadcrumbList\",\"@id\":\"https:\/\/www.alro-group.com\/de\/uber-uns\/#breadcrumb\",\"itemListElement\":[{\"@type\":\"ListItem\",\"position\":1,\"name\":\"Home\",\"item\":\"https:\/\/www.alro-group.com\/de\/\"},{\"@type\":\"ListItem\",\"position\":2,\"name\":\"\u00dcber uns\"}]},{\"@type\":\"WebSite\",\"@id\":\"https:\/\/www.alro-group.com\/de\/#website\",\"url\":\"https:\/\/www.alro-group.com\/de\/\",\"name\":\"Alro Group\",\"description\":\"In ontwikkeling\",\"potentialAction\":[{\"@type\":\"SearchAction\",\"target\":{\"@type\":\"EntryPoint\",\"urlTemplate\":\"https:\/\/www.alro-group.com\/de\/?s={search_term_string}\"},\"query-input\":\"required name=search_term_string\"}],\"inLanguage\":\"de\"}]}<\/script>\n<!-- \/ Yoast SEO plugin. -->","yoast_head_json":{"title":"\u00dcber uns - Alro Group","description":"Vom lokalen Beschichtungsbetrieb unter Luc Thijs wuchs Alro zu einem renommierten Konzern. Erfahren Sie mehr \u00fcber uns!","robots":{"index":"index","follow":"follow","max-snippet":"max-snippet:-1","max-image-preview":"max-image-preview:large","max-video-preview":"max-video-preview:-1"},"canonical":"https:\/\/www.alro-group.com\/de\/uber-uns\/","og_locale":"de_DE","og_type":"article","og_title":"\u00dcber uns - Alro Group","og_description":"Vom lokalen Beschichtungsbetrieb unter Luc Thijs wuchs Alro zu einem renommierten Konzern. Erfahren Sie mehr \u00fcber uns!","og_url":"https:\/\/www.alro-group.com\/de\/uber-uns\/","og_site_name":"Alro Group","article_modified_time":"2026-03-23T14:46:35+00:00","twitter_card":"summary_large_image","twitter_misc":{"Gesch\u00e4tzte Lesezeit":"4\u00a0Minuten"},"schema":{"@context":"https:\/\/schema.org","@graph":[{"@type":"WebPage","@id":"https:\/\/www.alro-group.com\/de\/uber-uns\/","url":"https:\/\/www.alro-group.com\/de\/uber-uns\/","name":"\u00dcber uns - Alro Group","isPartOf":{"@id":"https:\/\/www.alro-group.com\/de\/#website"},"datePublished":"2022-06-13T12:30:32+00:00","dateModified":"2026-03-23T14:46:35+00:00","description":"Vom lokalen Beschichtungsbetrieb unter Luc Thijs wuchs Alro zu einem renommierten Konzern. Erfahren Sie mehr \u00fcber uns!","breadcrumb":{"@id":"https:\/\/www.alro-group.com\/de\/uber-uns\/#breadcrumb"},"inLanguage":"de","potentialAction":[{"@type":"ReadAction","target":["https:\/\/www.alro-group.com\/de\/uber-uns\/"]}]},{"@type":"BreadcrumbList","@id":"https:\/\/www.alro-group.com\/de\/uber-uns\/#breadcrumb","itemListElement":[{"@type":"ListItem","position":1,"name":"Home","item":"https:\/\/www.alro-group.com\/de\/"},{"@type":"ListItem","position":2,"name":"\u00dcber uns"}]},{"@type":"WebSite","@id":"https:\/\/www.alro-group.com\/de\/#website","url":"https:\/\/www.alro-group.com\/de\/","name":"Alro Group","description":"In ontwikkeling","potentialAction":[{"@type":"SearchAction","target":{"@type":"EntryPoint","urlTemplate":"https:\/\/www.alro-group.com\/de\/?s={search_term_string}"},"query-input":"required name=search_term_string"}],"inLanguage":"de"}]}},"_links":{"self":[{"href":"https:\/\/www.alro-group.com\/de\/wp-json\/wp\/v2\/pages\/981","targetHints":{"allow":["GET"]}}],"collection":[{"href":"https:\/\/www.alro-group.com\/de\/wp-json\/wp\/v2\/pages"}],"about":[{"href":"https:\/\/www.alro-group.com\/de\/wp-json\/wp\/v2\/types\/page"}],"author":[{"embeddable":true,"href":"https:\/\/www.alro-group.com\/de\/wp-json\/wp\/v2\/users\/4"}],"replies":[{"embeddable":true,"href":"https:\/\/www.alro-group.com\/de\/wp-json\/wp\/v2\/comments?post=981"}],"version-history":[{"count":9,"href":"https:\/\/www.alro-group.com\/de\/wp-json\/wp\/v2\/pages\/981\/revisions"}],"predecessor-version":[{"id":6001,"href":"https:\/\/www.alro-group.com\/de\/wp-json\/wp\/v2\/pages\/981\/revisions\/6001"}],"wp:attachment":[{"href":"https:\/\/www.alro-group.com\/de\/wp-json\/wp\/v2\/media?parent=981"}],"curies":[{"name":"wp","href":"https:\/\/api.w.org\/{rel}","templated":true}]}}