{"id":957,"date":"2022-06-13T14:14:52","date_gmt":"2022-06-13T12:14:52","guid":{"rendered":"https:\/\/www.alro-group.com\/\/mvo\/werknemers\/"},"modified":"2023-03-13T15:12:46","modified_gmt":"2023-03-13T14:12:46","slug":"mitarbeiter","status":"publish","type":"page","link":"https:\/\/www.alro-group.com\/de\/csr\/mitarbeiter\/","title":{"rendered":"Mitarbeiter"},"content":{"rendered":"<p>[vc_row equal_height=&#8220;yes&#8220; content_placement=&#8220;middle&#8220; el_class=&#8220;processen_sec&#8220; css=&#8220;.vc_custom_1653581711263{padding-top: 3em !important;padding-bottom: 3em !important;}&#8220;][vc_column width=&#8220;1\/3&#8243;][vc_single_image image=&#8220;1541&#8243; img_size=&#8220;800&#215;800&#8243; el_class=&#8220;round_img&#8220;][\/vc_column][vc_column width=&#8220;2\/3&#8243;][vc_custom_heading text=&#8220;MITARBEITER DER ALRO-GRUPPE&#8220; use_theme_fonts=&#8220;yes&#8220; el_class=&#8220;cusheading text-uppercase&#8220;][vc_column_text]Unsere Mitarbeiter sind die treibende Kraft der Alro Group. Wir setzen uns deshalb intensiv f\u00fcr eine sichere und gesunde Arbeitsumgebung ein. Au\u00dferdem bieten wir jede Menge M\u00f6glichkeiten zur pers\u00f6nlichen Weiterentwicklung.<\/p>\n<p>In unserem angenehmen und offenen Arbeitsklima k\u00f6nnen unsere Mitarbeiter ihr volles Potenzial entfalten. Das Herzst\u00fcck der <a href=\"\/de\/uber-uns\/\">Alro Group<\/a> \u00a0sind die Mitarbeiter und jeder ist willkommen, sich gemeinsam mit uns neuen Herausforderungen zu stellen.[\/vc_column_text][\/vc_column][\/vc_row][vc_row full_width=&#8220;stretch_row&#8220; equal_height=&#8220;yes&#8220; content_placement=&#8220;middle&#8220; el_class=&#8220;cartoon_sec&#8220; css=&#8220;.vc_custom_1653656692134{padding-top: 4em !important;background-color: #f4f4f4 !important;}&#8220;][vc_column width=&#8220;5\/12&#8243;][vc_single_image image=&#8220;707&#8243; img_size=&#8220;full&#8220; alignment=&#8220;center&#8220;][\/vc_column][vc_column width=&#8220;7\/12&#8243;][vc_custom_heading text=&#8220;SICHERHEIT GEHT VOR&#8220; use_theme_fonts=&#8220;yes&#8220; el_class=&#8220;cusheading text-uppercase&#8220; css=&#8220;.vc_custom_1673343778079{margin-bottom: 5px !important;}&#8220;][vc_column_text]Sicherheit ist eine unserer Priorit\u00e4ten. Wir setzen uns daher stark f\u00fcr die Sensibilisierung in Bezug auf die Sicherheit am Arbeitsplatz ein.<\/p>\n<p>Unternehmensweit f\u00fchren wir hierzu verschiedene Ma\u00dfnahmen durch. Beispielsweise erinnern wir alle unsere Mitarbeiter in regelm\u00e4\u00dfigen Abst\u00e4nden und an verschiedenen Orten an unsere Sicherheitsma\u00dfnahmen.[\/vc_column_text][\/vc_column][\/vc_row][vc_row full_width=&#8220;stretch_row&#8220; parallax=&#8220;content-moving&#8220; parallax_image=&#8220;701&#8243; el_class=&#8220;bgcolor_icon&#8220; css=&#8220;.vc_custom_1653656533633{padding-top: 4em !important;padding-bottom: 4em !important;background-color: #4e809c !important;}&#8220;][vc_column width=&#8220;2\/3&#8243;][vc_custom_heading text=&#8220;GESUNDHEIT&#8220; font_container=&#8220;tag:h2|text_align:left|color:%23ffffff&#8220; use_theme_fonts=&#8220;yes&#8220; el_class=&#8220;cusheading text-uppercase&#8220;][vc_column_text el_class=&#8220;text-white&#8220;]Wir wollen, dass unsere Mitarbeiter unter den besten Bedingungen arbeiten k\u00f6nnen. Die Alro Group investiert daher in ergonomische Arbeitspl\u00e4tze. Eine optimale K\u00f6rperhaltung sorgt f\u00fcr weniger Beschwerden und bessere Ergebnisse. Bei den schwersten Arbeiten sorgen Hebehilfen und Roboter f\u00fcr die n\u00f6tige Unterst\u00fctzung.<\/p>\n<p>Um die Gesundheit weiter zu f\u00f6rdern, k\u00f6nnen sich unsere Mitarbeiter f\u00fcr ein Fahrradleasing entscheiden. An der Rezeption gibt es auch zwei Fahrr\u00e4der f\u00fcr kurze Strecken auf dem Betriebsgel\u00e4nde.[\/vc_column_text][\/vc_column][vc_column width=&#8220;1\/3&#8243;][\/vc_column][\/vc_row][vc_row equal_height=&#8220;yes&#8220; content_placement=&#8220;middle&#8220; el_class=&#8220;processen_sec&#8220; css=&#8220;.vc_custom_1653581711263{padding-top: 3em !important;padding-bottom: 3em !important;}&#8220;][vc_column width=&#8220;1\/2&#8243;][vc_single_image image=&#8220;2450&#8243; img_size=&#8220;800&#215;800&#8243; el_class=&#8220;round_img1&#8243;][\/vc_column][vc_column width=&#8220;1\/2&#8243;][vc_custom_heading text=&#8220;MEHR ALS BLO\u00df EIN JOB&#8220; use_theme_fonts=&#8220;yes&#8220; el_class=&#8220;cusheading text-uppercase&#8220;][vc_column_text]Eine offene Arbeitsatmosph\u00e4re ist das Herzst\u00fcck der Alro Group. Jeder ist ansprechbar und man kann \u00fcber alles reden. Unsere T\u00fcr steht immer offen. Um diese positive Atmosph\u00e4re weiter zu f\u00f6rdern, organisieren wir regelm\u00e4\u00dfig Aktivit\u00e4ten au\u00dferhalb des Firmengel\u00e4ndes.<\/p>\n<p>Beispiele f\u00fcr solche Aktionen sind der halbj\u00e4hrlich stattfindende Familientag, die Teilnahme an externen Aktivit\u00e4ten wie <a href=\"https:\/\/www.genkloopt.be\/\" target=\"_blank\" rel=\"noopener\">Genk Loopt<\/a> \u00a0und verschiedene Teambildungsma\u00dfnahmen. Au\u00dferdem verteilen wir zu Ostern, zu Nikolaus und zum Jahresende Geschenke an alle unsere Mitarbeiter. Auf diese Weise zeigen wir unsere Wertsch\u00e4tzung f\u00fcr die Arbeit, die sie jeden Tag leisten.<\/p>\n<p>Sind Sie neu bei der Alro Group? Dann werden Sie Teil eines kollegialen Teams und k\u00f6nnen mit einem umfassenden Onboarding rechnen.[\/vc_column_text][\/vc_column][\/vc_row][vc_row full_width=&#8220;stretch_row&#8220; parallax=&#8220;content-moving&#8220; parallax_image=&#8220;709&#8243; el_class=&#8220;bgcolor_icon&#8220; css=&#8220;.vc_custom_1653657093917{padding-top: 4em !important;padding-bottom: 4em !important;background-color: #f4f4f4 !important;}&#8220;][vc_column width=&#8220;2\/3&#8243;][vc_custom_heading text=&#8220;ENTWICKLUNGSM\u00d6GLICHKEITEN&#8220; use_theme_fonts=&#8220;yes&#8220; el_class=&#8220;cusheading text-uppercase&#8220;][vc_column_text]Die treibende Kraft der Alro Group sind die Mitarbeiter. Wir finden es wichtig, dass sich unsere Mitarbeiter wohlf\u00fchlen und sich entfalten k\u00f6nnen. Vom Schleifer zum Bediener, zum Wartungstechniker oder zum Sachbearbeiter: bei der Alro Group gibt es viele Karrierem\u00f6glichkeiten.<\/p>\n<p>Gibt es eine freie Stelle? Dann besetzen wir diese Stelle in erster Linie am liebsten intern. Bei der j\u00e4hrlichen Beurteilung loten wir Ihre Karriereziele aus und helfen Ihnen, \u00fcber die M\u00f6glichkeiten Ihrer Laufbahn bei der Alro Group nachzudenken.[\/vc_column_text][\/vc_column][vc_column width=&#8220;1\/3&#8243;][\/vc_column][\/vc_row][vc_row full_width=&#8220;stretch_row&#8220; el_class=&#8220;cta_welcom&#8220; css=&#8220;.vc_custom_1653657167452{padding-top: 5em !important;padding-bottom: 5em !important;background-image: url(https:\/\/www.alro-group.com\/\/wp-content\/uploads\/2022\/05\/bg-cta.jpg?id=532) !important;background-position: center !important;background-repeat: no-repeat !important;background-size: cover !important;}&#8220;][vc_column width=&#8220;1\/2&#8243;][\/vc_column][vc_column width=&#8220;1\/2&#8243;][vc_row_inner][vc_column_inner][vc_custom_heading text=&#8220;JEDER IST WILLKOMMEN!&#8220; use_theme_fonts=&#8220;yes&#8220; el_class=&#8220;cusheading text-uppercase&#8220;][vc_column_text]Egal, ob Sie ein Kopfmensch sind oder lieber mit den H\u00e4nden arbeiten, bei der Alro Group sind Menschen aller Bildungsniveaus willkommen. Bei uns finden Sie eine Aufgabe, die wie f\u00fcr Sie gemacht ist! Wir sind offen f\u00fcr neue Mitarbeiter, die sich zu 100% engagieren wollen.<\/p>\n<p><strong>M\u00f6chten Sie Teil der Alro Group werden?<br \/>\nWas z\u00e4hlt, sind Ihre Leidenschaft und Ihr Engagement!<\/strong>[\/vc_column_text][vc_empty_space height=&#8220;20px&#8220;][vc_btn title=&#8220;ENTDECKEN SIE UNSERE OFFENEN STELLEN!&#8220; style=&#8220;classic&#8220; shape=&#8220;square&#8220; el_class=&#8220;cusbtn&#8220; link=&#8220;url:%2Fde%2Fkarriere&#8220;][\/vc_column_inner][\/vc_row_inner][\/vc_column][\/vc_row]<\/p>\n","protected":false},"excerpt":{"rendered":"<p>[vc_row equal_height=&#8220;yes&#8220; content_placement=&#8220;middle&#8220; el_class=&#8220;processen_sec&#8220; css=&#8220;.vc_custom_1653581711263{padding-top: 3em !important;padding-bottom: 3em !important;}&#8220;][vc_column width=&#8220;1\/3&#8243;][vc_single_image image=&#8220;1541&#8243; img_size=&#8220;800&#215;800&#8243; el_class=&#8220;round_img&#8220;][\/vc_column][vc_column width=&#8220;2\/3&#8243;][vc_custom_heading text=&#8220;MITARBEITER DER ALRO-GRUPPE&#8220; use_theme_fonts=&#8220;yes&#8220; el_class=&#8220;cusheading text-uppercase&#8220;][vc_column_text]Unsere<span class=\"excerpt-hellip\"> [\u2026]<\/span><\/p>\n","protected":false},"author":4,"featured_media":0,"parent":931,"menu_order":0,"comment_status":"closed","ping_status":"closed","template":"","meta":{"inline_featured_image":false,"footnotes":""},"class_list":["post-957","page","type-page","status-publish","hentry"],"acf":[],"yoast_head":"<!-- This site is optimized with the Yoast SEO plugin v19.10 - https:\/\/yoast.com\/wordpress\/plugins\/seo\/ -->\n<title>Mitarbeiter - Alro Group<\/title>\n<meta name=\"description\" content=\"Unsere Mitarbeiter sind die treibende Kraft der Alro Group. Wir setzen uns deshalb intensiv f\u00fcr eine sichere und gesunde Arbeitsumgebung ein. Lesen Sie weiter.\" \/>\n<meta name=\"robots\" content=\"index, follow, max-snippet:-1, max-image-preview:large, max-video-preview:-1\" \/>\n<link rel=\"canonical\" href=\"https:\/\/www.alro-group.com\/de\/csr\/mitarbeiter\/\" \/>\n<meta property=\"og:locale\" content=\"de_DE\" \/>\n<meta property=\"og:type\" content=\"article\" \/>\n<meta property=\"og:title\" content=\"Mitarbeiter - Alro Group\" \/>\n<meta property=\"og:description\" content=\"Unsere Mitarbeiter sind die treibende Kraft der Alro Group. Wir setzen uns deshalb intensiv f\u00fcr eine sichere und gesunde Arbeitsumgebung ein. Lesen Sie weiter.\" \/>\n<meta property=\"og:url\" content=\"https:\/\/www.alro-group.com\/de\/csr\/mitarbeiter\/\" \/>\n<meta property=\"og:site_name\" content=\"Alro Group\" \/>\n<meta property=\"article:modified_time\" content=\"2023-03-13T14:12:46+00:00\" \/>\n<meta name=\"twitter:card\" content=\"summary_large_image\" \/>\n<meta name=\"twitter:label1\" content=\"Gesch\u00e4tzte Lesezeit\" \/>\n\t<meta name=\"twitter:data1\" content=\"3\u00a0Minuten\" \/>\n<script type=\"application\/ld+json\" class=\"yoast-schema-graph\">{\"@context\":\"https:\/\/schema.org\",\"@graph\":[{\"@type\":\"WebPage\",\"@id\":\"https:\/\/www.alro-group.com\/de\/csr\/mitarbeiter\/\",\"url\":\"https:\/\/www.alro-group.com\/de\/csr\/mitarbeiter\/\",\"name\":\"Mitarbeiter - Alro Group\",\"isPartOf\":{\"@id\":\"https:\/\/www.alro-group.com\/de\/#website\"},\"datePublished\":\"2022-06-13T12:14:52+00:00\",\"dateModified\":\"2023-03-13T14:12:46+00:00\",\"description\":\"Unsere Mitarbeiter sind die treibende Kraft der Alro Group. Wir setzen uns deshalb intensiv f\u00fcr eine sichere und gesunde Arbeitsumgebung ein. Lesen Sie weiter.\",\"breadcrumb\":{\"@id\":\"https:\/\/www.alro-group.com\/de\/csr\/mitarbeiter\/#breadcrumb\"},\"inLanguage\":\"de\",\"potentialAction\":[{\"@type\":\"ReadAction\",\"target\":[\"https:\/\/www.alro-group.com\/de\/csr\/mitarbeiter\/\"]}]},{\"@type\":\"BreadcrumbList\",\"@id\":\"https:\/\/www.alro-group.com\/de\/csr\/mitarbeiter\/#breadcrumb\",\"itemListElement\":[{\"@type\":\"ListItem\",\"position\":1,\"name\":\"Home\",\"item\":\"https:\/\/www.alro-group.com\/de\/\"},{\"@type\":\"ListItem\",\"position\":2,\"name\":\"CSR\",\"item\":\"https:\/\/www.alro-group.com\/de\/csr\/\"},{\"@type\":\"ListItem\",\"position\":3,\"name\":\"Mitarbeiter\"}]},{\"@type\":\"WebSite\",\"@id\":\"https:\/\/www.alro-group.com\/de\/#website\",\"url\":\"https:\/\/www.alro-group.com\/de\/\",\"name\":\"Alro Group\",\"description\":\"In ontwikkeling\",\"potentialAction\":[{\"@type\":\"SearchAction\",\"target\":{\"@type\":\"EntryPoint\",\"urlTemplate\":\"https:\/\/www.alro-group.com\/de\/?s={search_term_string}\"},\"query-input\":\"required name=search_term_string\"}],\"inLanguage\":\"de\"}]}<\/script>\n<!-- \/ Yoast SEO plugin. -->","yoast_head_json":{"title":"Mitarbeiter - Alro Group","description":"Unsere Mitarbeiter sind die treibende Kraft der Alro Group. Wir setzen uns deshalb intensiv f\u00fcr eine sichere und gesunde Arbeitsumgebung ein. Lesen Sie weiter.","robots":{"index":"index","follow":"follow","max-snippet":"max-snippet:-1","max-image-preview":"max-image-preview:large","max-video-preview":"max-video-preview:-1"},"canonical":"https:\/\/www.alro-group.com\/de\/csr\/mitarbeiter\/","og_locale":"de_DE","og_type":"article","og_title":"Mitarbeiter - Alro Group","og_description":"Unsere Mitarbeiter sind die treibende Kraft der Alro Group. Wir setzen uns deshalb intensiv f\u00fcr eine sichere und gesunde Arbeitsumgebung ein. Lesen Sie weiter.","og_url":"https:\/\/www.alro-group.com\/de\/csr\/mitarbeiter\/","og_site_name":"Alro Group","article_modified_time":"2023-03-13T14:12:46+00:00","twitter_card":"summary_large_image","twitter_misc":{"Gesch\u00e4tzte Lesezeit":"3\u00a0Minuten"},"schema":{"@context":"https:\/\/schema.org","@graph":[{"@type":"WebPage","@id":"https:\/\/www.alro-group.com\/de\/csr\/mitarbeiter\/","url":"https:\/\/www.alro-group.com\/de\/csr\/mitarbeiter\/","name":"Mitarbeiter - Alro Group","isPartOf":{"@id":"https:\/\/www.alro-group.com\/de\/#website"},"datePublished":"2022-06-13T12:14:52+00:00","dateModified":"2023-03-13T14:12:46+00:00","description":"Unsere Mitarbeiter sind die treibende Kraft der Alro Group. Wir setzen uns deshalb intensiv f\u00fcr eine sichere und gesunde Arbeitsumgebung ein. Lesen Sie weiter.","breadcrumb":{"@id":"https:\/\/www.alro-group.com\/de\/csr\/mitarbeiter\/#breadcrumb"},"inLanguage":"de","potentialAction":[{"@type":"ReadAction","target":["https:\/\/www.alro-group.com\/de\/csr\/mitarbeiter\/"]}]},{"@type":"BreadcrumbList","@id":"https:\/\/www.alro-group.com\/de\/csr\/mitarbeiter\/#breadcrumb","itemListElement":[{"@type":"ListItem","position":1,"name":"Home","item":"https:\/\/www.alro-group.com\/de\/"},{"@type":"ListItem","position":2,"name":"CSR","item":"https:\/\/www.alro-group.com\/de\/csr\/"},{"@type":"ListItem","position":3,"name":"Mitarbeiter"}]},{"@type":"WebSite","@id":"https:\/\/www.alro-group.com\/de\/#website","url":"https:\/\/www.alro-group.com\/de\/","name":"Alro Group","description":"In ontwikkeling","potentialAction":[{"@type":"SearchAction","target":{"@type":"EntryPoint","urlTemplate":"https:\/\/www.alro-group.com\/de\/?s={search_term_string}"},"query-input":"required name=search_term_string"}],"inLanguage":"de"}]}},"_links":{"self":[{"href":"https:\/\/www.alro-group.com\/de\/wp-json\/wp\/v2\/pages\/957","targetHints":{"allow":["GET"]}}],"collection":[{"href":"https:\/\/www.alro-group.com\/de\/wp-json\/wp\/v2\/pages"}],"about":[{"href":"https:\/\/www.alro-group.com\/de\/wp-json\/wp\/v2\/types\/page"}],"author":[{"embeddable":true,"href":"https:\/\/www.alro-group.com\/de\/wp-json\/wp\/v2\/users\/4"}],"replies":[{"embeddable":true,"href":"https:\/\/www.alro-group.com\/de\/wp-json\/wp\/v2\/comments?post=957"}],"version-history":[{"count":5,"href":"https:\/\/www.alro-group.com\/de\/wp-json\/wp\/v2\/pages\/957\/revisions"}],"predecessor-version":[{"id":4136,"href":"https:\/\/www.alro-group.com\/de\/wp-json\/wp\/v2\/pages\/957\/revisions\/4136"}],"up":[{"embeddable":true,"href":"https:\/\/www.alro-group.com\/de\/wp-json\/wp\/v2\/pages\/931"}],"wp:attachment":[{"href":"https:\/\/www.alro-group.com\/de\/wp-json\/wp\/v2\/media?parent=957"}],"curies":[{"name":"wp","href":"https:\/\/api.w.org\/{rel}","templated":true}]}}