{"id":931,"date":"2022-06-13T14:03:10","date_gmt":"2022-06-13T12:03:10","guid":{"rendered":"https:\/\/www.alro-group.com\/\/mvo\/"},"modified":"2024-10-25T12:28:15","modified_gmt":"2024-10-25T10:28:15","slug":"csr","status":"publish","type":"page","link":"https:\/\/www.alro-group.com\/de\/csr\/","title":{"rendered":"CSR"},"content":{"rendered":"<p>[vc_section css=&#8220;.vc_custom_1653051102729{padding-top: 4em !important;padding-bottom: 4em !important;}&#8220;][vc_row][vc_column][vc_custom_heading text=&#8220;CSR, 100% F\u00dcR DIE GESELLSCHAFT UND DIE UMWELT&#8220; font_container=&#8220;tag:h2|text_align:center&#8220; use_theme_fonts=&#8220;yes&#8220; el_class=&#8220;cusheading&#8220;][vc_empty_space height=&#8220;15px&#8220;][vc_column_text el_class=&#8220;text-center&#8220;]Bei der <a href=\"\/de\/uber-uns\/\">Alro-Gruppe<\/a> sind wir zu 100% der CSR verpflichtet. Schlie\u00dflich ist die soziale Verantwortung der Unternehmen f\u00fcr uns von gr\u00f6\u00dfter Bedeutung. Wir engagieren uns auf verschiedene Weise f\u00fcr die Gesellschaft und die Umwelt. Dar\u00fcber hinaus schenken wir auch unseren Mitarbeitern und unseren Kunden viel Aufmerksamkeit. Dank der <a href=\"https:\/\/www.voka.be\/vcdo\" target=\"_blank\" rel=\"noopener\">Voka-Charta f\u00fcr nachhaltiges Wirtschaften <\/a>(VCDO) arbeiten wir derzeit an konkreten Aktionspunkten. Ein konkreter, auf unser Unternehmen zugeschnittener Aktionsplan hilft uns, das Thema CSR und Nachhaltigkeit in unsere Mission und Vision zu integrieren. Auf diese Weise erreichen wir unsere eigenen Nachhaltigkeitsziele und tragen zur Erreichung der 17 Ziele f\u00fcr nachhaltige Entwicklung (SDGs) der Vereinten Nationen bei. Dadurch erhalten wir Anerkennung f\u00fcr unsere Aktivit\u00e4ten im Bereich der sozialen Verantwortung von Unternehmen. Gemeinsam setzen wir uns f\u00fcr eine zukunftsorientierte und nachhaltige Unternehmenspolitik ein! Lesen Sie mehr dar\u00fcber, wie wir unseren Beitrag leisten.[\/vc_column_text][vc_empty_space height=&#8220;60px&#8220;][\/vc_column][\/vc_row][vc_row equal_height=&#8220;yes&#8220; css_animation=&#8220;fadeInUp&#8220; el_class=&#8220;service_row&#8220;][vc_column width=&#8220;1\/3&#8243;][vc_single_image image=&#8220;2381&#8243; img_size=&#8220;full&#8220;][vc_row_inner el_class=&#8220;service_inner_row&#8220;][vc_column_inner][vc_single_image image=&#8220;171&#8243; img_size=&#8220;full&#8220;][vc_custom_heading text=&#8220;UMWELT&#8220; font_container=&#8220;tag:h3|text_align:left|color:%23ffffff&#8220; use_theme_fonts=&#8220;yes&#8220; link=&#8220;url:https%3A%2F%2Fwww.alro-group.com%2Fde%2Fcsr%2Fumwelt%2F|title:Umwelt&#8220;][vc_icon icon_fontawesome=&#8220;far fa-arrow-alt-circle-right&#8220; color=&#8220;white&#8220; align=&#8220;right&#8220; link=&#8220;url:https%3A%2F%2Fwww.alro-group.com%2Fde%2Fcsr%2Fumwelt%2F|title:Umwelt&#8220;][\/vc_column_inner][\/vc_row_inner][\/vc_column][vc_column width=&#8220;1\/3&#8243;][vc_single_image image=&#8220;2608&#8243; img_size=&#8220;full&#8220;][vc_row_inner el_class=&#8220;service_inner_row&#8220;][vc_column_inner][vc_single_image image=&#8220;211&#8243; img_size=&#8220;full&#8220;][vc_custom_heading text=&#8220;MITARBEITER&#8220; font_container=&#8220;tag:h3|text_align:left|color:%23ffffff&#8220; use_theme_fonts=&#8220;yes&#8220; link=&#8220;url:https%3A%2F%2Fwww.alro-group.com%2Fde%2Fcsr%2Fmitarbeiter%2F|title:Mitarbeiter&#8220;][vc_icon icon_fontawesome=&#8220;far fa-arrow-alt-circle-right&#8220; color=&#8220;white&#8220; align=&#8220;right&#8220; link=&#8220;url:%2Fmvo%2Fwerknemers%2F|title:mitarbeiter&#8220;][\/vc_column_inner][\/vc_row_inner][\/vc_column][vc_column width=&#8220;1\/3&#8243;][vc_single_image image=&#8220;2951&#8243; img_size=&#8220;full&#8220;][vc_row_inner el_class=&#8220;service_inner_row&#8220;][vc_column_inner][vc_single_image image=&#8220;4061&#8243; img_size=&#8220;full&#8220;][vc_custom_heading text=&#8220;CHARTA F\u00dcR NACHHALTIGES UNTERNEHMERTUM&#8220; font_container=&#8220;tag:h3|text_align:left|color:%23ffffff&#8220; use_theme_fonts=&#8220;yes&#8220; link=&#8220;url:https%3A%2F%2Fwww.alro-group.com%2Fde%2Fcsr%2Fcharta-fur-nachhaltiges-unternehmertum%2F|title:Charta%20f%C3%BCr%20nachhaltiges%20Unternehmertum&#8220;][vc_icon icon_fontawesome=&#8220;far fa-arrow-alt-circle-right&#8220; color=&#8220;white&#8220; align=&#8220;right&#8220; link=&#8220;url:https%3A%2F%2Fwww.alro-group.com%2Fde%2Fcsr%2Fcharta-fur-nachhaltiges-unternehmertum%2F|title:Charta%20f%C3%BCr%20nachhaltiges%20Unternehmertum&#8220;][\/vc_column_inner][\/vc_row_inner][\/vc_column][\/vc_row][\/vc_section]<\/p>\n","protected":false},"excerpt":{"rendered":"<p>[vc_section css=&#8220;.vc_custom_1653051102729{padding-top: 4em !important;padding-bottom: 4em !important;}&#8220;][vc_row][vc_column][vc_custom_heading text=&#8220;CSR, 100% F\u00dcR DIE GESELLSCHAFT UND DIE UMWELT&#8220; font_container=&#8220;tag:h2|text_align:center&#8220; use_theme_fonts=&#8220;yes&#8220; el_class=&#8220;cusheading&#8220;][vc_empty_space height=&#8220;15px&#8220;][vc_column_text el_class=&#8220;text-center&#8220;]Bei der<span class=\"excerpt-hellip\"> [\u2026]<\/span><\/p>\n","protected":false},"author":4,"featured_media":0,"parent":0,"menu_order":0,"comment_status":"closed","ping_status":"closed","template":"","meta":{"inline_featured_image":false,"footnotes":""},"class_list":["post-931","page","type-page","status-publish","hentry"],"acf":[],"yoast_head":"<!-- This site is optimized with the Yoast SEO plugin v19.10 - https:\/\/yoast.com\/wordpress\/plugins\/seo\/ -->\n<title>CSR - Alro Group<\/title>\n<meta name=\"description\" content=\"Alro setzt sich zu 100 % f\u00fcr CSR ein. Gesellschaftlich verantwortungsvolles Unternehmertum ist uns wichtig. Lesen Sie weiter!\" \/>\n<meta name=\"robots\" content=\"index, follow, max-snippet:-1, max-image-preview:large, max-video-preview:-1\" \/>\n<link rel=\"canonical\" href=\"https:\/\/www.alro-group.com\/de\/csr\/\" \/>\n<meta property=\"og:locale\" content=\"de_DE\" \/>\n<meta property=\"og:type\" content=\"article\" \/>\n<meta property=\"og:title\" content=\"CSR - Alro Group\" \/>\n<meta property=\"og:description\" content=\"Alro setzt sich zu 100 % f\u00fcr CSR ein. Gesellschaftlich verantwortungsvolles Unternehmertum ist uns wichtig. Lesen Sie weiter!\" \/>\n<meta property=\"og:url\" content=\"https:\/\/www.alro-group.com\/de\/csr\/\" \/>\n<meta property=\"og:site_name\" content=\"Alro Group\" \/>\n<meta property=\"article:modified_time\" content=\"2024-10-25T10:28:15+00:00\" \/>\n<meta name=\"twitter:card\" content=\"summary_large_image\" \/>\n<meta name=\"twitter:label1\" content=\"Gesch\u00e4tzte Lesezeit\" \/>\n\t<meta name=\"twitter:data1\" content=\"2\u00a0Minuten\" \/>\n<script type=\"application\/ld+json\" class=\"yoast-schema-graph\">{\"@context\":\"https:\/\/schema.org\",\"@graph\":[{\"@type\":\"WebPage\",\"@id\":\"https:\/\/www.alro-group.com\/de\/csr\/\",\"url\":\"https:\/\/www.alro-group.com\/de\/csr\/\",\"name\":\"CSR - Alro Group\",\"isPartOf\":{\"@id\":\"https:\/\/www.alro-group.com\/de\/#website\"},\"datePublished\":\"2022-06-13T12:03:10+00:00\",\"dateModified\":\"2024-10-25T10:28:15+00:00\",\"description\":\"Alro setzt sich zu 100 % f\u00fcr CSR ein. Gesellschaftlich verantwortungsvolles Unternehmertum ist uns wichtig. Lesen Sie weiter!\",\"breadcrumb\":{\"@id\":\"https:\/\/www.alro-group.com\/de\/csr\/#breadcrumb\"},\"inLanguage\":\"de\",\"potentialAction\":[{\"@type\":\"ReadAction\",\"target\":[\"https:\/\/www.alro-group.com\/de\/csr\/\"]}]},{\"@type\":\"BreadcrumbList\",\"@id\":\"https:\/\/www.alro-group.com\/de\/csr\/#breadcrumb\",\"itemListElement\":[{\"@type\":\"ListItem\",\"position\":1,\"name\":\"Home\",\"item\":\"https:\/\/www.alro-group.com\/de\/\"},{\"@type\":\"ListItem\",\"position\":2,\"name\":\"CSR\"}]},{\"@type\":\"WebSite\",\"@id\":\"https:\/\/www.alro-group.com\/de\/#website\",\"url\":\"https:\/\/www.alro-group.com\/de\/\",\"name\":\"Alro Group\",\"description\":\"In ontwikkeling\",\"potentialAction\":[{\"@type\":\"SearchAction\",\"target\":{\"@type\":\"EntryPoint\",\"urlTemplate\":\"https:\/\/www.alro-group.com\/de\/?s={search_term_string}\"},\"query-input\":\"required name=search_term_string\"}],\"inLanguage\":\"de\"}]}<\/script>\n<!-- \/ Yoast SEO plugin. -->","yoast_head_json":{"title":"CSR - Alro Group","description":"Alro setzt sich zu 100 % f\u00fcr CSR ein. Gesellschaftlich verantwortungsvolles Unternehmertum ist uns wichtig. Lesen Sie weiter!","robots":{"index":"index","follow":"follow","max-snippet":"max-snippet:-1","max-image-preview":"max-image-preview:large","max-video-preview":"max-video-preview:-1"},"canonical":"https:\/\/www.alro-group.com\/de\/csr\/","og_locale":"de_DE","og_type":"article","og_title":"CSR - Alro Group","og_description":"Alro setzt sich zu 100 % f\u00fcr CSR ein. Gesellschaftlich verantwortungsvolles Unternehmertum ist uns wichtig. Lesen Sie weiter!","og_url":"https:\/\/www.alro-group.com\/de\/csr\/","og_site_name":"Alro Group","article_modified_time":"2024-10-25T10:28:15+00:00","twitter_card":"summary_large_image","twitter_misc":{"Gesch\u00e4tzte Lesezeit":"2\u00a0Minuten"},"schema":{"@context":"https:\/\/schema.org","@graph":[{"@type":"WebPage","@id":"https:\/\/www.alro-group.com\/de\/csr\/","url":"https:\/\/www.alro-group.com\/de\/csr\/","name":"CSR - Alro Group","isPartOf":{"@id":"https:\/\/www.alro-group.com\/de\/#website"},"datePublished":"2022-06-13T12:03:10+00:00","dateModified":"2024-10-25T10:28:15+00:00","description":"Alro setzt sich zu 100 % f\u00fcr CSR ein. Gesellschaftlich verantwortungsvolles Unternehmertum ist uns wichtig. Lesen Sie weiter!","breadcrumb":{"@id":"https:\/\/www.alro-group.com\/de\/csr\/#breadcrumb"},"inLanguage":"de","potentialAction":[{"@type":"ReadAction","target":["https:\/\/www.alro-group.com\/de\/csr\/"]}]},{"@type":"BreadcrumbList","@id":"https:\/\/www.alro-group.com\/de\/csr\/#breadcrumb","itemListElement":[{"@type":"ListItem","position":1,"name":"Home","item":"https:\/\/www.alro-group.com\/de\/"},{"@type":"ListItem","position":2,"name":"CSR"}]},{"@type":"WebSite","@id":"https:\/\/www.alro-group.com\/de\/#website","url":"https:\/\/www.alro-group.com\/de\/","name":"Alro Group","description":"In ontwikkeling","potentialAction":[{"@type":"SearchAction","target":{"@type":"EntryPoint","urlTemplate":"https:\/\/www.alro-group.com\/de\/?s={search_term_string}"},"query-input":"required name=search_term_string"}],"inLanguage":"de"}]}},"_links":{"self":[{"href":"https:\/\/www.alro-group.com\/de\/wp-json\/wp\/v2\/pages\/931","targetHints":{"allow":["GET"]}}],"collection":[{"href":"https:\/\/www.alro-group.com\/de\/wp-json\/wp\/v2\/pages"}],"about":[{"href":"https:\/\/www.alro-group.com\/de\/wp-json\/wp\/v2\/types\/page"}],"author":[{"embeddable":true,"href":"https:\/\/www.alro-group.com\/de\/wp-json\/wp\/v2\/users\/4"}],"replies":[{"embeddable":true,"href":"https:\/\/www.alro-group.com\/de\/wp-json\/wp\/v2\/comments?post=931"}],"version-history":[{"count":8,"href":"https:\/\/www.alro-group.com\/de\/wp-json\/wp\/v2\/pages\/931\/revisions"}],"predecessor-version":[{"id":5778,"href":"https:\/\/www.alro-group.com\/de\/wp-json\/wp\/v2\/pages\/931\/revisions\/5778"}],"wp:attachment":[{"href":"https:\/\/www.alro-group.com\/de\/wp-json\/wp\/v2\/media?parent=931"}],"curies":[{"name":"wp","href":"https:\/\/api.w.org\/{rel}","templated":true}]}}