{"id":911,"date":"2022-06-13T13:53:41","date_gmt":"2022-06-13T11:53:41","guid":{"rendered":"https:\/\/www.alro-group.com\/\/contact\/"},"modified":"2026-01-05T14:09:08","modified_gmt":"2026-01-05T13:09:08","slug":"kontakt","status":"publish","type":"page","link":"https:\/\/www.alro-group.com\/de\/kontakt\/","title":{"rendered":"Kontakt"},"content":{"rendered":"<p>[vc_row][vc_column][vc_row_inner el_class=&#8220;icons_cus_contact&#8220;][vc_column_inner width=&#8220;1\/4&#8243;][\/vc_column_inner][vc_column_inner width=&#8220;1\/4&#8243;]<div class=\"icon_box icon_position_left no_border\"><a class=\"phone_css\" href=\"tel:+3289790100\"  ><div class=\"image_wrapper\"><img decoding=\"async\" src=\"https:\/\/www.alro-group.com\/wp-content\/uploads\/2022\/10\/phone-2.png\" class=\"scale-with-grid\" alt=\"Kontakt\" width=\"\" height=\"\"\/><\/div><div class=\"desc_wrapper\"><h4 class=\"title\">+32 89 79 01 00<\/h4><\/div><\/a><\/div>\n[\/vc_column_inner][vc_column_inner width=&#8220;1\/4&#8243;]<div class=\"icon_box icon_position_left no_border\"><a class=\"phone_css\" href=\"mailto:INFO@ALRO.BE\"  ><div class=\"image_wrapper\"><img decoding=\"async\" src=\"https:\/\/www.alro-group.com\/wp-content\/uploads\/2022\/10\/email.png\" class=\"scale-with-grid\" alt=\"Kontakt\" width=\"\" height=\"\"\/><\/div><div class=\"desc_wrapper\"><h4 class=\"title\">INFO@ALRO.BE<\/h4><\/div><\/a><\/div>\n[\/vc_column_inner][vc_column_inner width=&#8220;1\/4&#8243;][\/vc_column_inner][\/vc_row_inner][\/vc_column][\/vc_row][vc_row el_class=&#8220;cusform cusform_contact&#8220; css=&#8220;.vc_custom_1653560298984{padding-top: 4em !important;padding-bottom: 4em !important;}&#8220;][vc_column][vc_custom_heading text=&#8220;M\u00d6CHTEN SIE MIT UNS ZUSAMMENARBEITEN ODER HABEN SIE ALLGEMEINE FRAGEN? KONTAKTIEREN SIE UNS!&#8220; font_container=&#8220;tag:h2|text_align:center&#8220; use_theme_fonts=&#8220;yes&#8220; el_class=&#8220;cusheading&#8220;][vc_empty_space height=&#8220;20px&#8220;]<div role=\"form\" class=\"wpcf7\" id=\"wpcf7-f3643-o1\" lang=\"nl-NL\" dir=\"ltr\">\n<div class=\"screen-reader-response\"><p role=\"status\" aria-live=\"polite\" aria-atomic=\"true\"><\/p> <ul><\/ul><\/div>\n<form action=\"\/de\/wp-json\/wp\/v2\/pages\/911#wpcf7-f3643-o1\" method=\"post\" class=\"wpcf7-form init\" novalidate=\"novalidate\" data-status=\"init\">\n<div style=\"display: none;\">\n<input type=\"hidden\" name=\"_wpcf7\" value=\"3643\" \/>\n<input type=\"hidden\" name=\"_wpcf7_version\" value=\"5.6.3\" \/>\n<input type=\"hidden\" name=\"_wpcf7_locale\" value=\"nl_NL\" \/>\n<input type=\"hidden\" name=\"_wpcf7_unit_tag\" value=\"wpcf7-f3643-o1\" \/>\n<input type=\"hidden\" name=\"_wpcf7_container_post\" value=\"0\" \/>\n<input type=\"hidden\" name=\"_wpcf7_posted_data_hash\" value=\"\" \/>\n<input type=\"hidden\" name=\"_wpcf7_recaptcha_response\" value=\"\" \/>\n<\/div>\n<p><label><span class=\"wpcf7-form-control-wrap\" data-name=\"voornaam\"><input type=\"text\" name=\"voornaam\" value=\"\" size=\"40\" class=\"wpcf7-form-control wpcf7-text wpcf7-validates-as-required\" aria-required=\"true\" aria-invalid=\"false\" placeholder=\"Vorname*\" \/><\/span> <\/label><\/p>\n<p><label><span class=\"wpcf7-form-control-wrap\" data-name=\"naam\"><input type=\"text\" name=\"naam\" value=\"\" size=\"40\" class=\"wpcf7-form-control wpcf7-text wpcf7-validates-as-required\" aria-required=\"true\" aria-invalid=\"false\" placeholder=\"Nachname*\" \/><\/span> <\/label><\/p>\n<p><label><span class=\"wpcf7-form-control-wrap\" data-name=\"your-email\"><input type=\"email\" name=\"your-email\" value=\"\" size=\"40\" class=\"wpcf7-form-control wpcf7-text wpcf7-email wpcf7-validates-as-required wpcf7-validates-as-email\" aria-required=\"true\" aria-invalid=\"false\" placeholder=\"E-mail*\" \/><\/span> <\/label><\/p>\n<p><label><span class=\"wpcf7-form-control-wrap\" data-name=\"telefoon\"><input type=\"tel\" name=\"telefoon\" value=\"\" size=\"40\" class=\"wpcf7-form-control wpcf7-text wpcf7-tel wpcf7-validates-as-required wpcf7-validates-as-tel\" aria-required=\"true\" aria-invalid=\"false\" placeholder=\"Telefon*\" \/><\/span><\/label><\/p>\n<p class=\"col12\"><label>Nachricht*<br \/>\n    <span class=\"wpcf7-form-control-wrap\" data-name=\"your-message\"><textarea name=\"your-message\" cols=\"40\" rows=\"10\" class=\"wpcf7-form-control wpcf7-textarea\" aria-invalid=\"false\"><\/textarea><\/span> <\/label><\/p>\n<p class=\"col12 lastcheckbox pt-0\"><span class=\"wpcf7-form-control-wrap\" data-name=\"checkbox-411\"><span class=\"wpcf7-form-control wpcf7-checkbox wpcf7-validates-as-required cuschcekbox\"><span class=\"wpcf7-list-item first last\"><label><input type=\"checkbox\" name=\"checkbox-411[]\" value=\"Indem Sie dieses K\u00e4stchen ankreuzen, erkl\u00e4ren Sie ausdr\u00fccklich, dass Sie die Datenschutzerkl\u00e4rung gelesen haben und damit einverstanden sind, dass die Alro Group Ihre Daten in \u00dcbereinstimmung mit den darin festgelegten Grunds\u00e4tzen und Verfahren verarbeitet. - M\u00f6chten Sie mehr erfahren?\" \/><span class=\"wpcf7-list-item-label\">Indem Sie dieses K\u00e4stchen ankreuzen, erkl\u00e4ren Sie ausdr\u00fccklich, dass Sie die Datenschutzerkl\u00e4rung gelesen haben und damit einverstanden sind, dass die Alro Group Ihre Daten in \u00dcbereinstimmung mit den darin festgelegten Grunds\u00e4tzen und Verfahren verarbeitet. - M\u00f6chten Sie mehr erfahren?<\/span><\/label><\/span><\/span><\/span><\/p>\n<div id=\"cf7sr-69f32126f1330\" class=\"cf7sr-g-recaptcha\" data-theme=\"light\" data-type=\"image\" data-size=\"normal\" data-sitekey=\"6LdDUIQpAAAAAMtngiaU8dp2vkLd3Gu49MY-s9w1\"><\/div><span class=\"wpcf7-form-control-wrap cf7sr-recaptcha\" data-name=\"cf7sr-recaptcha\"><input type=\"hidden\" name=\"cf7sr-recaptcha\" value=\"\" class=\"wpcf7-form-control\"><\/span> <\/p>\n<p class=\"submit_button\"><i class=\"far fa-paper-plane\"><\/i><input type=\"submit\" value=\"Senden!\" class=\"wpcf7-form-control has-spinner wpcf7-submit\" \/><\/p>\n<div class=\"wpcf7-response-output\" aria-hidden=\"true\"><\/div><\/form><\/div>[\/vc_column][\/vc_row][vc_row css_animation=&#8220;fadeInUp&#8220; el_class=&#8220;cusform cusform_contact&#8220; css=&#8220;.vc_custom_1678440040601{padding-top: 0em !important;padding-bottom: 4em !important;}&#8220; el_id=&#8220;standorte&#8220;][vc_column][vc_custom_heading text=&#8220;UNSERE ALRO-STANDORTE&#8220; font_container=&#8220;tag:h2|text_align:center&#8220; use_theme_fonts=&#8220;yes&#8220; el_class=&#8220;cusheading&#8220;][vc_empty_space height=&#8220;20px&#8220;][vc_row_inner equal_height=&#8220;yes&#8220; el_class=&#8220;contactdtl_row&#8220;][vc_column_inner width=&#8220;1\/3&#8243;][vc_single_image image=&#8220;231&#8243; img_size=&#8220;full&#8220; alignment=&#8220;center&#8220; onclick=&#8220;custom_link&#8220; img_link_target=&#8220;_blank&#8220; link=&#8220;https:\/\/goo.gl\/maps\/C3ESJvC2WoJu8DTM9&#8243;][vc_custom_heading text=&#8220;ALRO HOLDINGS NV&#8220; font_container=&#8220;tag:h5|text_align:center&#8220; use_theme_fonts=&#8220;yes&#8220;][vc_column_text]Kruishoefstraat 52<br \/>\n3650 Dilsen-Stokkem (B)<\/p>\n<p>T: <a href=\"tel:+3289790100\">+32 89 79 01 00<\/a><br \/>\nF: +32 89 79 01 02<br \/>\nE: <a href=\"mailto:info@alro.be\">info@alro.be<\/a><br \/>\nE: <a href=\"mailto:sales@alro.be\">sales@alro.be<\/a><\/p>\n<p>[\/vc_column_text][\/vc_column_inner][vc_column_inner width=&#8220;1\/3&#8243;][vc_single_image image=&#8220;231&#8243; img_size=&#8220;full&#8220; alignment=&#8220;center&#8220; onclick=&#8220;custom_link&#8220; img_link_target=&#8220;_blank&#8220; link=&#8220;https:\/\/goo.gl\/maps\/C3ESJvC2WoJu8DTM9&#8243;][vc_custom_heading text=&#8220;ALRO NV&#8220; font_container=&#8220;tag:h5|text_align:center&#8220; use_theme_fonts=&#8220;yes&#8220;][vc_column_text]Kruishoefstraat 52<br \/>\n3650 Dilsen-Stokkem (B)<\/p>\n<p>T: <a href=\"tel:+3289790100\">+32 89 79 01 00<\/a><br \/>\nF: +32 89 79 01 02<br \/>\nE: <a href=\"mailto:info@alro.be\">info@alro.be<\/a><br \/>\nE: <a href=\"mailto:sales@alro.be\">sales@alro.be<\/a>[\/vc_column_text][\/vc_column_inner][vc_column_inner width=&#8220;1\/3&#8243;][vc_single_image image=&#8220;231&#8243; img_size=&#8220;full&#8220; alignment=&#8220;center&#8220; onclick=&#8220;custom_link&#8220; img_link_target=&#8220;_blank&#8220; link=&#8220;https:\/\/goo.gl\/maps\/ZGP1e5pQqP2oPS8V7&#8243;][vc_custom_heading text=&#8220;SITE ASITEC&#8220; font_container=&#8220;tag:h5|text_align:center&#8220; use_theme_fonts=&#8220;yes&#8220;][vc_column_text]Heulentakstraat 18<br \/>\n3650 Dilsen-Stokkem<br \/>\nBelgien<\/p>\n<p>T: <a href=\"tel:+3289790100\">+32 89 79 01 00<\/a><br \/>\nF: +32 89 79 01 02<br \/>\nE: <a href=\"mailto:info@alro.be\">info@alro.be<\/a>[\/vc_column_text][\/vc_column_inner][\/vc_row_inner][vc_row_inner equal_height=&#8220;yes&#8220; el_class=&#8220;contactdtl_row&#8220;][vc_column_inner width=&#8220;1\/3&#8243;][vc_single_image image=&#8220;231&#8243; img_size=&#8220;full&#8220; alignment=&#8220;center&#8220; onclick=&#8220;custom_link&#8220; img_link_target=&#8220;_blank&#8220; link=&#8220;https:\/\/goo.gl\/maps\/J7JwYGrL6rhNhN5g8&#8243;][vc_custom_heading text=&#8220;WCA-ALRO NV&#8220; font_container=&#8220;tag:h5|text_align:center&#8220; use_theme_fonts=&#8220;yes&#8220;][vc_column_text]Oosterring 13<br \/>\n3600 Genk (B)<\/p>\n<p>T: <a href=\"tel:+3289790100\">+32 89 65 16 00<\/a><br \/>\nF: +32 89 65 16 01<br \/>\nE: <a href=\"mailto:info@alro.be\">info@wca.be<\/a>[\/vc_column_text][\/vc_column_inner][vc_column_inner width=&#8220;1\/3&#8243;][vc_single_image image=&#8220;231&#8243; img_size=&#8220;full&#8220; alignment=&#8220;center&#8220; onclick=&#8220;custom_link&#8220; img_link_target=&#8220;_blank&#8220; link=&#8220;https:\/\/goo.gl\/maps\/rKMLfZ2APSuYz16Z9&#8243;][vc_custom_heading text=&#8220;RECITECH NV&#8220; font_container=&#8220;tag:h5|text_align:center&#8220; use_theme_fonts=&#8220;yes&#8220;][vc_column_text]Heulentakstraat z\/n<br \/>\n3650 Dilsen-Stokkem<br \/>\nBelgien<\/p>\n<p>T: <a href=\"tel:+3289790100\">+32 89 79 01 80<\/a><br \/>\nF: +32 89 79 01 85<br \/>\nE: <a href=\"mailto:info@alro.be\">info@recitech.be<\/a>[\/vc_column_text][\/vc_column_inner][vc_column_inner width=&#8220;1\/3&#8243;][vc_single_image image=&#8220;231&#8243; img_size=&#8220;full&#8220; alignment=&#8220;center&#8220; onclick=&#8220;custom_link&#8220; img_link_target=&#8220;_blank&#8220; link=&#8220;https:\/\/goo.gl\/maps\/C3ESJvC2WoJu8DTM9&#8243;][vc_custom_heading text=&#8220;ALRO FPC&#8220; font_container=&#8220;tag:h5|text_align:center&#8220; use_theme_fonts=&#8220;yes&#8220;][vc_column_text]Kruishoefstraat 52<br \/>\n3650 Dilsen-Stokkem<br \/>\nBelgien<\/p>\n<p>T: <a href=\"tel:+3289790100\">+32 89 79 01 00<\/a><br \/>\nF: +32 89 79 01 02<br \/>\nE: <a href=\"mailto:info@alro.be\">invoices@alro-group.com<\/a>[\/vc_column_text][\/vc_column_inner][\/vc_row_inner][\/vc_column][\/vc_row][vc_row full_width=&#8220;stretch_row_content_no_spaces&#8220;][vc_column][vc_gmaps link=&#8220;#E-8_JTNDaWZyYW1lJTIwc3JjJTNEJTIyaHR0cHMlM0ElMkYlMkZ3d3cuZ29vZ2xlLmNvbSUyRm1hcHMlMkZlbWJlZCUzRnBiJTNEJTIxMW0xOCUyMTFtMTIlMjExbTMlMjExZDI1MDguNTkyOTk3NTY2MzM2JTIxMmQ1LjY4OTE3NTMxNTMyMTEwNSUyMTNkNTEuMDQyMTM3NDUyNDM1Mzg0JTIxMm0zJTIxMWYwJTIxMmYwJTIxM2YwJTIxM20yJTIxMWkxMDI0JTIxMmk3NjglMjE0ZjEzLjElMjEzbTMlMjExbTIlMjExczB4NDdjMGM1NWZjMjJhN2E2YiUyNTNBMHhhZTIzMGUzODFhOGY1OTk4JTIxMnNBbHJvJTI1MjBOdiUyMTVlMCUyMTNtMiUyMTFzZW4lMjEyc2luJTIxNHYxNjUzODg2NDE5OTM1JTIxNW0yJTIxMXNlbiUyMTJzaW4lMjIlMjB3aWR0aCUzRCUyMjEwMCUyNSUyMiUyMGhlaWdodCUzRCUyMjQ1MCUyMiUyMHN0eWxlJTNEJTIyYm9yZGVyJTNBMCUzQiUyMGRpc3BsYXklM0FibG9jayUzQiUyMiUyMGFsbG93ZnVsbHNjcmVlbiUzRCUyMiUyMiUyMGxvYWRpbmclM0QlMjJsYXp5JTIyJTIwcmVmZXJyZXJwb2xpY3klM0QlMjJuby1yZWZlcnJlci13aGVuLWRvd25ncmFkZSUyMiUzRSUzQyUyRmlmcmFtZSUzRQ==&#8220; el_class=&#8220;cusmap&#8220;][\/vc_column][\/vc_row]<\/p>\n","protected":false},"excerpt":{"rendered":"<p>[vc_row][vc_column][vc_row_inner el_class=&#8220;icons_cus_contact&#8220;][vc_column_inner width=&#8220;1\/4&#8243;][\/vc_column_inner][vc_column_inner width=&#8220;1\/4&#8243;][\/vc_column_inner][vc_column_inner width=&#8220;1\/4&#8243;][\/vc_column_inner][vc_column_inner width=&#8220;1\/4&#8243;][\/vc_column_inner][\/vc_row_inner][\/vc_column][\/vc_row][vc_row el_class=&#8220;cusform cusform_contact&#8220; css=&#8220;.vc_custom_1653560298984{padding-top: 4em !important;padding-bottom: 4em !important;}&#8220;][vc_column][vc_custom_heading text=&#8220;M\u00d6CHTEN SIE MIT UNS ZUSAMMENARBEITEN ODER HABEN<span class=\"excerpt-hellip\"> [\u2026]<\/span><\/p>\n","protected":false},"author":4,"featured_media":0,"parent":0,"menu_order":0,"comment_status":"closed","ping_status":"closed","template":"","meta":{"inline_featured_image":false,"footnotes":""},"class_list":["post-911","page","type-page","status-publish","hentry"],"acf":[],"yoast_head":"<!-- This site is optimized with the Yoast SEO plugin v19.10 - https:\/\/yoast.com\/wordpress\/plugins\/seo\/ -->\n<title>Kontakt - Alro Group<\/title>\n<meta name=\"description\" content=\"M\u00f6chten sie mit uns zusammenarbeiten oder haben sie allgemeine Fragen? Kontaktieren sie uns!\" \/>\n<meta name=\"robots\" content=\"index, follow, max-snippet:-1, max-image-preview:large, max-video-preview:-1\" \/>\n<link rel=\"canonical\" href=\"https:\/\/www.alro-group.com\/de\/kontakt\/\" \/>\n<meta property=\"og:locale\" content=\"de_DE\" \/>\n<meta property=\"og:type\" content=\"article\" \/>\n<meta property=\"og:title\" content=\"Kontakt - Alro Group\" \/>\n<meta property=\"og:description\" content=\"M\u00f6chten sie mit uns zusammenarbeiten oder haben sie allgemeine Fragen? Kontaktieren sie uns!\" \/>\n<meta property=\"og:url\" content=\"https:\/\/www.alro-group.com\/de\/kontakt\/\" \/>\n<meta property=\"og:site_name\" content=\"Alro Group\" \/>\n<meta property=\"article:modified_time\" content=\"2026-01-05T13:09:08+00:00\" \/>\n<meta name=\"twitter:card\" content=\"summary_large_image\" \/>\n<meta name=\"twitter:label1\" content=\"Gesch\u00e4tzte Lesezeit\" \/>\n\t<meta name=\"twitter:data1\" content=\"2\u00a0Minuten\" \/>\n<script type=\"application\/ld+json\" class=\"yoast-schema-graph\">{\"@context\":\"https:\/\/schema.org\",\"@graph\":[{\"@type\":\"WebPage\",\"@id\":\"https:\/\/www.alro-group.com\/de\/kontakt\/\",\"url\":\"https:\/\/www.alro-group.com\/de\/kontakt\/\",\"name\":\"Kontakt - Alro Group\",\"isPartOf\":{\"@id\":\"https:\/\/www.alro-group.com\/de\/#website\"},\"datePublished\":\"2022-06-13T11:53:41+00:00\",\"dateModified\":\"2026-01-05T13:09:08+00:00\",\"description\":\"M\u00f6chten sie mit uns zusammenarbeiten oder haben sie allgemeine Fragen? Kontaktieren sie uns!\",\"breadcrumb\":{\"@id\":\"https:\/\/www.alro-group.com\/de\/kontakt\/#breadcrumb\"},\"inLanguage\":\"de\",\"potentialAction\":[{\"@type\":\"ReadAction\",\"target\":[\"https:\/\/www.alro-group.com\/de\/kontakt\/\"]}]},{\"@type\":\"BreadcrumbList\",\"@id\":\"https:\/\/www.alro-group.com\/de\/kontakt\/#breadcrumb\",\"itemListElement\":[{\"@type\":\"ListItem\",\"position\":1,\"name\":\"Home\",\"item\":\"https:\/\/www.alro-group.com\/de\/\"},{\"@type\":\"ListItem\",\"position\":2,\"name\":\"Kontakt\"}]},{\"@type\":\"WebSite\",\"@id\":\"https:\/\/www.alro-group.com\/de\/#website\",\"url\":\"https:\/\/www.alro-group.com\/de\/\",\"name\":\"Alro Group\",\"description\":\"In ontwikkeling\",\"potentialAction\":[{\"@type\":\"SearchAction\",\"target\":{\"@type\":\"EntryPoint\",\"urlTemplate\":\"https:\/\/www.alro-group.com\/de\/?s={search_term_string}\"},\"query-input\":\"required name=search_term_string\"}],\"inLanguage\":\"de\"}]}<\/script>\n<!-- \/ Yoast SEO plugin. -->","yoast_head_json":{"title":"Kontakt - Alro Group","description":"M\u00f6chten sie mit uns zusammenarbeiten oder haben sie allgemeine Fragen? Kontaktieren sie uns!","robots":{"index":"index","follow":"follow","max-snippet":"max-snippet:-1","max-image-preview":"max-image-preview:large","max-video-preview":"max-video-preview:-1"},"canonical":"https:\/\/www.alro-group.com\/de\/kontakt\/","og_locale":"de_DE","og_type":"article","og_title":"Kontakt - Alro Group","og_description":"M\u00f6chten sie mit uns zusammenarbeiten oder haben sie allgemeine Fragen? Kontaktieren sie uns!","og_url":"https:\/\/www.alro-group.com\/de\/kontakt\/","og_site_name":"Alro Group","article_modified_time":"2026-01-05T13:09:08+00:00","twitter_card":"summary_large_image","twitter_misc":{"Gesch\u00e4tzte Lesezeit":"2\u00a0Minuten"},"schema":{"@context":"https:\/\/schema.org","@graph":[{"@type":"WebPage","@id":"https:\/\/www.alro-group.com\/de\/kontakt\/","url":"https:\/\/www.alro-group.com\/de\/kontakt\/","name":"Kontakt - Alro Group","isPartOf":{"@id":"https:\/\/www.alro-group.com\/de\/#website"},"datePublished":"2022-06-13T11:53:41+00:00","dateModified":"2026-01-05T13:09:08+00:00","description":"M\u00f6chten sie mit uns zusammenarbeiten oder haben sie allgemeine Fragen? Kontaktieren sie uns!","breadcrumb":{"@id":"https:\/\/www.alro-group.com\/de\/kontakt\/#breadcrumb"},"inLanguage":"de","potentialAction":[{"@type":"ReadAction","target":["https:\/\/www.alro-group.com\/de\/kontakt\/"]}]},{"@type":"BreadcrumbList","@id":"https:\/\/www.alro-group.com\/de\/kontakt\/#breadcrumb","itemListElement":[{"@type":"ListItem","position":1,"name":"Home","item":"https:\/\/www.alro-group.com\/de\/"},{"@type":"ListItem","position":2,"name":"Kontakt"}]},{"@type":"WebSite","@id":"https:\/\/www.alro-group.com\/de\/#website","url":"https:\/\/www.alro-group.com\/de\/","name":"Alro Group","description":"In ontwikkeling","potentialAction":[{"@type":"SearchAction","target":{"@type":"EntryPoint","urlTemplate":"https:\/\/www.alro-group.com\/de\/?s={search_term_string}"},"query-input":"required name=search_term_string"}],"inLanguage":"de"}]}},"_links":{"self":[{"href":"https:\/\/www.alro-group.com\/de\/wp-json\/wp\/v2\/pages\/911","targetHints":{"allow":["GET"]}}],"collection":[{"href":"https:\/\/www.alro-group.com\/de\/wp-json\/wp\/v2\/pages"}],"about":[{"href":"https:\/\/www.alro-group.com\/de\/wp-json\/wp\/v2\/types\/page"}],"author":[{"embeddable":true,"href":"https:\/\/www.alro-group.com\/de\/wp-json\/wp\/v2\/users\/4"}],"replies":[{"embeddable":true,"href":"https:\/\/www.alro-group.com\/de\/wp-json\/wp\/v2\/comments?post=911"}],"version-history":[{"count":6,"href":"https:\/\/www.alro-group.com\/de\/wp-json\/wp\/v2\/pages\/911\/revisions"}],"predecessor-version":[{"id":5929,"href":"https:\/\/www.alro-group.com\/de\/wp-json\/wp\/v2\/pages\/911\/revisions\/5929"}],"wp:attachment":[{"href":"https:\/\/www.alro-group.com\/de\/wp-json\/wp\/v2\/media?parent=911"}],"curies":[{"name":"wp","href":"https:\/\/api.w.org\/{rel}","templated":true}]}}