{"id":851,"date":"2022-06-13T13:04:34","date_gmt":"2022-06-13T11:04:34","guid":{"rendered":"https:\/\/www.alro-group.com\/\/milieu\/"},"modified":"2024-09-16T10:33:02","modified_gmt":"2024-09-16T08:33:02","slug":"umwelt","status":"publish","type":"page","link":"https:\/\/www.alro-group.com\/de\/csr\/umwelt\/","title":{"rendered":"Umwelt"},"content":{"rendered":"<p>[vc_row equal_height=&#8220;yes&#8220; content_placement=&#8220;middle&#8220; el_class=&#8220;processen_sec&#8220; css=&#8220;.vc_custom_1653655583008{padding-top: 3em !important;padding-bottom: 3em !important;}&#8220;][vc_column width=&#8220;1\/2&#8243;][vc_single_image image=&#8220;2276&#8243; img_size=&#8220;800&#215;800&#8243; el_class=&#8220;round_img&#8220;][\/vc_column][vc_column width=&#8220;1\/2&#8243;][vc_custom_heading text=&#8220;EIN KLEINER FU\u00dfABDRUCK&#8220; use_theme_fonts=&#8220;yes&#8220; el_class=&#8220;cusheading&#8220;][vc_column_text]Heute muss jeder seinen Beitrag zum Umweltschutz leisten. Auch die Alro Group setzt sich zu 100% daf\u00fcr ein. Als eines der ersten Unternehmen, das nach <a href=\"https:\/\/www.alro-group.com\/wp-content\/uploads\/2024\/04\/Alro-ISO-14001-2024-2027-1.pdf\" target=\"_blank\" rel=\"noopener\">ISO 14001<\/a> arbeitet, geh\u00f6ren wir zu den Pionieren im Hinblick auf die unternehmerische Nachhaltigkeit. Diese Norm regelt das Umweltmanagement und die Verarbeitungstechniken des Unternehmens. Unabh\u00e4ngige Audits \u00fcberwachen die Einhaltung der vorgegebenen strengen Standards. Durch den Einsatz der umweltfreundlichsten Produktionstechniken halten wir unseren \u00f6kologischen Fu\u00dfabdruck so klein wie m\u00f6glich.<\/p>\n<p>In den kommenden Jahren wollen wir das Thema Nachhaltigkeit noch st\u00e4rker in unsere Mission und unsere Vision integrieren. Dank der <a href=\"https:\/\/www.voka.be\/vcdo\" target=\"_blank\" rel=\"noopener\">Voka-Charta<\/a> f\u00fcr nachhaltiges Unternehmertum (VCDO) arbeiten wir an konkreten Aktionspunkten. Dies geschieht auf der Grundlage eines auf unser Unternehmen zugeschnittenen Aktionsplans. Auf diese Weise erreichen wir nicht nur unsere eigenen Nachhaltigkeitsziele, sondern tragen auch zur Verwirklichung der 17 Ziele f\u00fcr nachhaltige Entwicklung der Vereinten Nationen (SDGs) bei. Es ist eine Art der Anerkennung f\u00fcr all das, was wir im Bereich des gesellschaftlich verantwortungsvollen Unternehmertums tun. Durch die Zusammenarbeit mit VOKA streben wir eine zukunftsorientierte und nachhaltige Unternehmenspolitik an.[\/vc_column_text][\/vc_column][\/vc_row][vc_row full_width=&#8220;stretch_row&#8220; el_class=&#8220;bg_gradient_left&#8220; css=&#8220;.vc_custom_1653655097823{padding-top: 4em !important;padding-bottom: 4em !important;background-image: url(https:\/\/www.alro-group.com\/\/wp-content\/uploads\/2022\/05\/bg-energie.jpg?id=677) !important;background-position: center !important;background-repeat: no-repeat !important;background-size: cover !important;}&#8220;][vc_column width=&#8220;1\/2&#8243;][vc_custom_heading text=&#8220;GR\u00dcNE ENERGIE&#8220; font_container=&#8220;tag:h2|text_align:left|color:%23ffffff&#8220; use_theme_fonts=&#8220;yes&#8220; el_class=&#8220;cusheading&#8220;][vc_column_text el_class=&#8220;text-white&#8220;]Durch die Sonnenkollektoren auf unseren D\u00e4chern und die Windturbinen auf dem Gel\u00e4nde sind wir in der Lage, gr\u00fcne Energie zu nutzen. Infolgedessen sind unsere Gesch\u00e4ftsprozesse \u00f6kologischer, was sich positiv auf die Umwelt auswirkt. Aktuell erzeugen wir mindestens die H\u00e4lfte der elektrischen Energie selbst. Wir sehen dies als unsere Verpflichtung gegen\u00fcber unserem Planeten. Wenn uns diese Selbstversorgung aus irgendwelchen Gr\u00fcnden nicht gelingt, decken wir unseren Bedarf durch zugekaufte gr\u00fcne Energie. Wir werden auch k\u00fcnftig in diesen Bereich investieren, um auch weiterhin unseren Beitrag zu einem gr\u00fcneren Planeten zu leisten.[\/vc_column_text][\/vc_column][vc_column width=&#8220;1\/2&#8243;][\/vc_column][\/vc_row][vc_row full_width=&#8220;stretch_row&#8220; parallax=&#8220;content-moving&#8220; parallax_image=&#8220;767&#8243; el_class=&#8220;leftbig_icon&#8220; css=&#8220;.vc_custom_1653990610283{padding-top: 4em !important;padding-bottom: 4em !important;background-color: #ededed !important;}&#8220;][vc_column width=&#8220;1\/3&#8243;][\/vc_column][vc_column width=&#8220;2\/3&#8243;][vc_custom_heading text=&#8220;EMISSIONSFREIE MOBILIT\u00c4T&#8220; use_theme_fonts=&#8220;yes&#8220; el_class=&#8220;cusheading text-uppercase&#8220;][vc_column_text]Mobilit\u00e4t spielt eine immer wichtigere Rolle. Die Zukunft ist elektrisch, und wenn es nach uns geht, werden wir alle bis 2030 Elektroautos fahren. Denn das ist besser f\u00fcr die Umwelt.<\/p>\n<p>Als Partner f\u00fcr Elektromobilit\u00e4t unterst\u00fctzt die Alro Group ihre Kunden bei dem bedeutenden \u00dcbergang zur emissionsfreien Mobilit\u00e4t. Wir sind stolz darauf, jeden Tag einen nachhaltigen und farbenfrohen Beitrag zum Thema Nachhaltigkeit zu leisten. Wie wir Farbe in Ihre Mobilit\u00e4t bringen?[\/vc_column_text][vc_empty_space height=&#8220;25px&#8220;][vc_custom_heading text=&#8220;Wie f\u00e4rben wir Ihre Mobilit\u00e4t?&#8220; font_container=&#8220;tag:h4|text_align:left&#8220; use_theme_fonts=&#8220;yes&#8220; el_class=&#8220;text-uppercase&#8220;][vc_column_text]<\/p>\n<ul>\n<li>Wir sorgen f\u00fcr mehr Sicherheit f\u00fcr die Fahrg\u00e4ste.<\/li>\n<li>Mit der <a href=\"https:\/\/www.alro-group.com\/\/de\/prozesse\/brandschutzbeschichtung\/\">Brandschutzbeschichtungsystem<\/a> \u00fcbertreffen wir die aktuellen Anforderungen der Automobilindustrie (z. B. die GTR20-Vorschriften).<\/li>\n<li>Wir sind ein <a href=\"\/wp-content\/uploads\/2022\/06\/CERT_BVC_WF_0000210524.pdf\" target=\"_blank\" rel=\"noopener\">IATF<\/a>&#8211; und <a href=\"https:\/\/www.alro-group.com\/wp-content\/uploads\/2024\/04\/Alro-ISO-14001-2024-2027-1.pdf\" target=\"_blank\" rel=\"noopener\">ISO<\/a>-zertifizierter\u00a0 Zulieferer f\u00fcr die Automobilindustrie.<\/li>\n<li>Wir bieten Korrosionsschutz durch Elektrobeschichtung \/ <a href=\"https:\/\/www.alro-group.com\/\/de\/prozesse\/ktl\/\">KTL<\/a> (kathodische Tauchlackierung).<\/li>\n<li>Wir sind OEM-zugelassen.<\/li>\n<\/ul>\n<p>[\/vc_column_text][\/vc_column][\/vc_row][vc_row full_width=&#8220;stretch_row&#8220; el_class=&#8220;bg_gradient_left&#8220; css=&#8220;.vc_custom_1653655501547{padding-top: 4em !important;padding-bottom: 4em !important;background-image: url(https:\/\/www.alro-group.com\/\/wp-content\/uploads\/2022\/05\/bg-recyclage.jpg?id=673) !important;background-position: center !important;background-repeat: no-repeat !important;background-size: cover !important;}&#8220;][vc_column width=&#8220;1\/2&#8243;][vc_custom_heading text=&#8220;RECYCLING BEI RECITECH&#8220; font_container=&#8220;tag:h2|text_align:left|color:%23ffffff&#8220; use_theme_fonts=&#8220;yes&#8220; el_class=&#8220;cusheading&#8220;][vc_column_text el_class=&#8220;text-white&#8220;]Als Teil der Gruppe k\u00fcmmert sich die RECITECH um das Management und die Behandlung von Abf\u00e4llen f\u00fcr die Alro Group\u00a0. Sie behandelt nicht nur Abw\u00e4sser, sondern auch den Strom von Verpackungsabf\u00e4llen. RECITECH sorgt daf\u00fcr, dass die Verpackungen getrennt gesammelt werden. Danach werden sie auch separat verarbeitet. Denn das wirkt sich positiv auf die Umwelt aus.<\/p>\n<p>Das Erfolgsrezept der RECITECH basiert auf einem Team von Spezialisten und einem voll ausgestatteten Analyselabor. F\u00fcr die Industrie f\u00fchrt dieses Labor an einer Vielzahl von Prozesswassern Tests durch und liefert analytische Ergebnisse.<\/p>\n<p>Dar\u00fcber hinaus ist die RECITECH auf dem Gebiet der industriellen Reinigung t\u00e4tig, genauer gesagt der chemischen und thermischen Entlackung \u00a0von Metallen mit den entsprechenden Nachbehandlungen. RECITECH entlackt Metallteile unterschiedlicher Gr\u00f6\u00dfen, Lackarten und Schichtdicken. Das Entlackungsverfahren wird ausschlie\u00dflich intern f\u00fcr die Gestelle angewendet, an denen die zu lackierenden Teile befestigt werden.[\/vc_column_text][vc_empty_space height=&#8220;15px&#8220;][vc_column_text el_class=&#8220;text-uppercase recycle_heading&#8220;]<\/p>\n<h4>M\u00f6chten Sie weitere Informationen \u00fcber RECITECH?<br \/>\nErfahren Sie alles dar\u00fcber in <a href=\"https:\/\/www.alro-group.com\/wp-content\/uploads\/2022\/06\/Brochure-Recitech.pdf\" target=\"_blank\" rel=\"noopener\">unserer Brosch\u00fcre<\/a>!<\/h4>\n<p>[\/vc_column_text][\/vc_column][vc_column width=&#8220;1\/2&#8243;][\/vc_column][\/vc_row]<\/p>\n","protected":false},"excerpt":{"rendered":"<p>[vc_row equal_height=&#8220;yes&#8220; content_placement=&#8220;middle&#8220; el_class=&#8220;processen_sec&#8220; css=&#8220;.vc_custom_1653655583008{padding-top: 3em !important;padding-bottom: 3em !important;}&#8220;][vc_column width=&#8220;1\/2&#8243;][vc_single_image image=&#8220;2276&#8243; img_size=&#8220;800&#215;800&#8243; el_class=&#8220;round_img&#8220;][\/vc_column][vc_column width=&#8220;1\/2&#8243;][vc_custom_heading text=&#8220;EIN KLEINER FU\u00dfABDRUCK&#8220; use_theme_fonts=&#8220;yes&#8220; el_class=&#8220;cusheading&#8220;][vc_column_text]Heute muss<span class=\"excerpt-hellip\"> [\u2026]<\/span><\/p>\n","protected":false},"author":4,"featured_media":0,"parent":931,"menu_order":0,"comment_status":"closed","ping_status":"closed","template":"","meta":{"inline_featured_image":false,"footnotes":""},"class_list":["post-851","page","type-page","status-publish","hentry"],"acf":[],"yoast_head":"<!-- This site is optimized with the Yoast SEO plugin v19.10 - https:\/\/yoast.com\/wordpress\/plugins\/seo\/ -->\n<title>Umwelt - Alro Group<\/title>\n<meta name=\"description\" content=\"Heute muss jeder seinen Beitrag zum Umweltschutz leisten. Auch die Alro Group setzt sich zu 100% daf\u00fcr ein.\" \/>\n<meta name=\"robots\" content=\"index, follow, max-snippet:-1, max-image-preview:large, max-video-preview:-1\" \/>\n<link rel=\"canonical\" href=\"https:\/\/www.alro-group.com\/de\/csr\/umwelt\/\" \/>\n<meta property=\"og:locale\" content=\"de_DE\" \/>\n<meta property=\"og:type\" content=\"article\" \/>\n<meta property=\"og:title\" content=\"Umwelt - Alro Group\" \/>\n<meta property=\"og:description\" content=\"Heute muss jeder seinen Beitrag zum Umweltschutz leisten. Auch die Alro Group setzt sich zu 100% daf\u00fcr ein.\" \/>\n<meta property=\"og:url\" content=\"https:\/\/www.alro-group.com\/de\/csr\/umwelt\/\" \/>\n<meta property=\"og:site_name\" content=\"Alro Group\" \/>\n<meta property=\"article:modified_time\" content=\"2024-09-16T08:33:02+00:00\" \/>\n<meta name=\"twitter:card\" content=\"summary_large_image\" \/>\n<meta name=\"twitter:label1\" content=\"Gesch\u00e4tzte Lesezeit\" \/>\n\t<meta name=\"twitter:data1\" content=\"4\u00a0Minuten\" \/>\n<script type=\"application\/ld+json\" class=\"yoast-schema-graph\">{\"@context\":\"https:\/\/schema.org\",\"@graph\":[{\"@type\":\"WebPage\",\"@id\":\"https:\/\/www.alro-group.com\/de\/csr\/umwelt\/\",\"url\":\"https:\/\/www.alro-group.com\/de\/csr\/umwelt\/\",\"name\":\"Umwelt - Alro Group\",\"isPartOf\":{\"@id\":\"https:\/\/www.alro-group.com\/de\/#website\"},\"datePublished\":\"2022-06-13T11:04:34+00:00\",\"dateModified\":\"2024-09-16T08:33:02+00:00\",\"description\":\"Heute muss jeder seinen Beitrag zum Umweltschutz leisten. Auch die Alro Group setzt sich zu 100% daf\u00fcr ein.\",\"breadcrumb\":{\"@id\":\"https:\/\/www.alro-group.com\/de\/csr\/umwelt\/#breadcrumb\"},\"inLanguage\":\"de\",\"potentialAction\":[{\"@type\":\"ReadAction\",\"target\":[\"https:\/\/www.alro-group.com\/de\/csr\/umwelt\/\"]}]},{\"@type\":\"BreadcrumbList\",\"@id\":\"https:\/\/www.alro-group.com\/de\/csr\/umwelt\/#breadcrumb\",\"itemListElement\":[{\"@type\":\"ListItem\",\"position\":1,\"name\":\"Home\",\"item\":\"https:\/\/www.alro-group.com\/de\/\"},{\"@type\":\"ListItem\",\"position\":2,\"name\":\"CSR\",\"item\":\"https:\/\/www.alro-group.com\/de\/csr\/\"},{\"@type\":\"ListItem\",\"position\":3,\"name\":\"Umwelt\"}]},{\"@type\":\"WebSite\",\"@id\":\"https:\/\/www.alro-group.com\/de\/#website\",\"url\":\"https:\/\/www.alro-group.com\/de\/\",\"name\":\"Alro Group\",\"description\":\"In ontwikkeling\",\"potentialAction\":[{\"@type\":\"SearchAction\",\"target\":{\"@type\":\"EntryPoint\",\"urlTemplate\":\"https:\/\/www.alro-group.com\/de\/?s={search_term_string}\"},\"query-input\":\"required name=search_term_string\"}],\"inLanguage\":\"de\"}]}<\/script>\n<!-- \/ Yoast SEO plugin. -->","yoast_head_json":{"title":"Umwelt - Alro Group","description":"Heute muss jeder seinen Beitrag zum Umweltschutz leisten. Auch die Alro Group setzt sich zu 100% daf\u00fcr ein.","robots":{"index":"index","follow":"follow","max-snippet":"max-snippet:-1","max-image-preview":"max-image-preview:large","max-video-preview":"max-video-preview:-1"},"canonical":"https:\/\/www.alro-group.com\/de\/csr\/umwelt\/","og_locale":"de_DE","og_type":"article","og_title":"Umwelt - Alro Group","og_description":"Heute muss jeder seinen Beitrag zum Umweltschutz leisten. Auch die Alro Group setzt sich zu 100% daf\u00fcr ein.","og_url":"https:\/\/www.alro-group.com\/de\/csr\/umwelt\/","og_site_name":"Alro Group","article_modified_time":"2024-09-16T08:33:02+00:00","twitter_card":"summary_large_image","twitter_misc":{"Gesch\u00e4tzte Lesezeit":"4\u00a0Minuten"},"schema":{"@context":"https:\/\/schema.org","@graph":[{"@type":"WebPage","@id":"https:\/\/www.alro-group.com\/de\/csr\/umwelt\/","url":"https:\/\/www.alro-group.com\/de\/csr\/umwelt\/","name":"Umwelt - Alro Group","isPartOf":{"@id":"https:\/\/www.alro-group.com\/de\/#website"},"datePublished":"2022-06-13T11:04:34+00:00","dateModified":"2024-09-16T08:33:02+00:00","description":"Heute muss jeder seinen Beitrag zum Umweltschutz leisten. Auch die Alro Group setzt sich zu 100% daf\u00fcr ein.","breadcrumb":{"@id":"https:\/\/www.alro-group.com\/de\/csr\/umwelt\/#breadcrumb"},"inLanguage":"de","potentialAction":[{"@type":"ReadAction","target":["https:\/\/www.alro-group.com\/de\/csr\/umwelt\/"]}]},{"@type":"BreadcrumbList","@id":"https:\/\/www.alro-group.com\/de\/csr\/umwelt\/#breadcrumb","itemListElement":[{"@type":"ListItem","position":1,"name":"Home","item":"https:\/\/www.alro-group.com\/de\/"},{"@type":"ListItem","position":2,"name":"CSR","item":"https:\/\/www.alro-group.com\/de\/csr\/"},{"@type":"ListItem","position":3,"name":"Umwelt"}]},{"@type":"WebSite","@id":"https:\/\/www.alro-group.com\/de\/#website","url":"https:\/\/www.alro-group.com\/de\/","name":"Alro Group","description":"In ontwikkeling","potentialAction":[{"@type":"SearchAction","target":{"@type":"EntryPoint","urlTemplate":"https:\/\/www.alro-group.com\/de\/?s={search_term_string}"},"query-input":"required name=search_term_string"}],"inLanguage":"de"}]}},"_links":{"self":[{"href":"https:\/\/www.alro-group.com\/de\/wp-json\/wp\/v2\/pages\/851","targetHints":{"allow":["GET"]}}],"collection":[{"href":"https:\/\/www.alro-group.com\/de\/wp-json\/wp\/v2\/pages"}],"about":[{"href":"https:\/\/www.alro-group.com\/de\/wp-json\/wp\/v2\/types\/page"}],"author":[{"embeddable":true,"href":"https:\/\/www.alro-group.com\/de\/wp-json\/wp\/v2\/users\/4"}],"replies":[{"embeddable":true,"href":"https:\/\/www.alro-group.com\/de\/wp-json\/wp\/v2\/comments?post=851"}],"version-history":[{"count":9,"href":"https:\/\/www.alro-group.com\/de\/wp-json\/wp\/v2\/pages\/851\/revisions"}],"predecessor-version":[{"id":5587,"href":"https:\/\/www.alro-group.com\/de\/wp-json\/wp\/v2\/pages\/851\/revisions\/5587"}],"up":[{"embeddable":true,"href":"https:\/\/www.alro-group.com\/de\/wp-json\/wp\/v2\/pages\/931"}],"wp:attachment":[{"href":"https:\/\/www.alro-group.com\/de\/wp-json\/wp\/v2\/media?parent=851"}],"curies":[{"name":"wp","href":"https:\/\/api.w.org\/{rel}","templated":true}]}}