{"id":1031,"date":"2022-06-13T14:57:46","date_gmt":"2022-06-13T12:57:46","guid":{"rendered":"https:\/\/www.alro-group.com\/\/werken-bij\/solliciteer-spontaan\/"},"modified":"2023-04-25T10:50:36","modified_gmt":"2023-04-25T08:50:36","slug":"bewerben-sie-ich","status":"publish","type":"page","link":"https:\/\/www.alro-group.com\/de\/karriere\/solliciteer-spontaan\/","title":{"rendered":"Bewerben Sie sich spontan!"},"content":{"rendered":"<p>[vc_section css=&#8220;.vc_custom_1653051102729{padding-top: 4em !important;padding-bottom: 4em !important;}&#8220;][vc_row][vc_column][vc_custom_heading text=&#8220;BEWERBEN SIE SICH SPONTAN!&#8220; font_container=&#8220;tag:h2|text_align:center&#8220; use_theme_fonts=&#8220;yes&#8220; el_class=&#8220;cusheading&#8220; css=&#8220;.vc_custom_1673347293071{margin-bottom: 0px !important;}&#8220;][vc_empty_space height=&#8220;20px&#8220;][\/vc_column][\/vc_row][vc_row equal_height=&#8220;yes&#8220; el_class=&#8220;cusform&#8220;][vc_column]<div role=\"form\" class=\"wpcf7\" id=\"wpcf7-f3633-o1\" lang=\"nl-NL\" dir=\"ltr\">\n<div class=\"screen-reader-response\"><p role=\"status\" aria-live=\"polite\" aria-atomic=\"true\"><\/p> <ul><\/ul><\/div>\n<form action=\"\/de\/wp-json\/wp\/v2\/pages\/1031#wpcf7-f3633-o1\" method=\"post\" class=\"wpcf7-form init\" enctype=\"multipart\/form-data\" novalidate=\"novalidate\" data-status=\"init\">\n<div style=\"display: none;\">\n<input type=\"hidden\" name=\"_wpcf7\" value=\"3633\" \/>\n<input type=\"hidden\" name=\"_wpcf7_version\" value=\"5.6.3\" \/>\n<input type=\"hidden\" name=\"_wpcf7_locale\" value=\"nl_NL\" \/>\n<input type=\"hidden\" name=\"_wpcf7_unit_tag\" value=\"wpcf7-f3633-o1\" \/>\n<input type=\"hidden\" name=\"_wpcf7_container_post\" value=\"0\" \/>\n<input type=\"hidden\" name=\"_wpcf7_posted_data_hash\" value=\"\" \/>\n<input type=\"hidden\" name=\"_wpcf7_recaptcha_response\" value=\"\" \/>\n<\/div>\n<p><label><span class=\"wpcf7-form-control-wrap\" data-name=\"voornaam\"><input type=\"text\" name=\"voornaam\" value=\"\" size=\"40\" class=\"wpcf7-form-control wpcf7-text wpcf7-validates-as-required\" aria-required=\"true\" aria-invalid=\"false\" placeholder=\"Vorname*\" \/><\/span> <\/label><\/p>\n<p><label><span class=\"wpcf7-form-control-wrap\" data-name=\"naam\"><input type=\"text\" name=\"naam\" value=\"\" size=\"40\" class=\"wpcf7-form-control wpcf7-text wpcf7-validates-as-required\" aria-required=\"true\" aria-invalid=\"false\" placeholder=\"Nachname*\" \/><\/span> <\/label><\/p>\n<p><label><span class=\"wpcf7-form-control-wrap\" data-name=\"your-email\"><input type=\"email\" name=\"your-email\" value=\"\" size=\"40\" class=\"wpcf7-form-control wpcf7-text wpcf7-email wpcf7-validates-as-required wpcf7-validates-as-email\" aria-required=\"true\" aria-invalid=\"false\" placeholder=\"E-mail*\" \/><\/span> <\/label><\/p>\n<p><label><span class=\"wpcf7-form-control-wrap\" data-name=\"telefoon\"><input type=\"tel\" name=\"telefoon\" value=\"\" size=\"40\" class=\"wpcf7-form-control wpcf7-text wpcf7-tel wpcf7-validates-as-tel\" aria-invalid=\"false\" placeholder=\"Telefon\" \/><\/span><span class=\"gray\">(Optional)<\/span> <\/label><\/p>\n<p><label><span class=\"wpcf7-form-control-wrap\" data-name=\"Woonplaats\"><input type=\"text\" name=\"Woonplaats\" value=\"\" size=\"40\" class=\"wpcf7-form-control wpcf7-text\" aria-invalid=\"false\" placeholder=\"Wohnort\" \/><\/span><span class=\"gray\">(Optional)<\/span> <\/label><\/p>\n<p><label><span class=\"wpcf7-form-control-wrap\" data-name=\"Postcode\"><input type=\"number\" name=\"Postcode\" value=\"\" class=\"wpcf7-form-control wpcf7-number wpcf7-validates-as-number\" aria-invalid=\"false\" placeholder=\"Postleitzahl\" \/><\/span><span class=\"gray\">(Optional)<\/span> <\/label><\/p>\n<p><label><span class=\"wpcf7-form-control-wrap\" data-name=\"Straatnaam\"><input type=\"text\" name=\"Straatnaam\" value=\"\" size=\"40\" class=\"wpcf7-form-control wpcf7-text\" aria-invalid=\"false\" placeholder=\"Stra\u00dfenname + Hausnummer\" \/><\/span><span class=\"gray\">(Optional)<\/span> <\/label><\/p>\n<p><label><span class=\"wpcf7-form-control-wrap\" data-name=\"geboortedatum\"><input type=\"text\" name=\"geboortedatum\" value=\"\" size=\"40\" class=\"wpcf7-form-control wpcf7-text wpcf7-validates-as-required walcf7-datepicker-dob\" aria-required=\"true\" aria-invalid=\"false\" placeholder=\"Geburtsdatum*\" \/><\/span><span>Datumsschreibweise: 03.07.1998<\/span> <\/label><\/p>\n<p><label>Laden Sie hier Ihren Lebenslauf oder eine andere relevante Datei hoch.<span class=\"wpcf7-form-control-wrap\" data-name=\"CV\"><input type=\"file\" name=\"CV\" size=\"40\" class=\"wpcf7-form-control wpcf7-file wpcf7-validates-as-required cusfile_upload\" accept=\".pdf,.txt,.jpg,.png,.docx,.doc\" aria-required=\"true\" aria-invalid=\"false\" \/><\/span><span> Maximale Dateigr\u00f6\u00dfe: 5 MB*<\/span><\/label><\/p>\n<p><label>Laden Sie hier Ihr Anschreiben hoch.<span class=\"wpcf7-form-control-wrap\" data-name=\"motivatiebrief\"><input type=\"file\" name=\"motivatiebrief\" size=\"40\" class=\"wpcf7-form-control wpcf7-file cusfile_upload\" accept=\".pdf,.txt,.jpg,.png,.docx,.doc\" aria-invalid=\"false\" \/><\/span><span><\/span><\/label><\/p>\n<p class=\"col12\"><label> Motivation: Warum w\u00fcrden Sie gerne bei der Alro Group arbeiten?*<br \/>\n    <span class=\"wpcf7-form-control-wrap\" data-name=\"your-message\"><textarea name=\"your-message\" cols=\"40\" rows=\"10\" class=\"wpcf7-form-control wpcf7-textarea wpcf7-validates-as-required\" aria-required=\"true\" aria-invalid=\"false\"><\/textarea><\/span> <\/label><\/p>\n<p class=\"col12 pt-0\"><span class=\"wpcf7-form-control-wrap\" data-name=\"checkbox-766\"><span class=\"wpcf7-form-control wpcf7-checkbox wpcf7-validates-as-required cuschcekbox\"><span class=\"wpcf7-list-item first last\"><label><input type=\"checkbox\" name=\"checkbox-766[]\" value=\"Ich bin damit einverstanden, dass meine Daten 1 Jahr lang gespeichert werden.*\" \/><span class=\"wpcf7-list-item-label\">Ich bin damit einverstanden, dass meine Daten 1 Jahr lang gespeichert werden.*<\/span><\/label><\/span><\/span><\/span><\/p>\n<p class=\"col12 lastcheckbox pt-0\"><span class=\"wpcf7-form-control-wrap\" data-name=\"checkbox-411\"><span class=\"wpcf7-form-control wpcf7-checkbox wpcf7-validates-as-required cuschcekbox\"><span class=\"wpcf7-list-item first last\"><label><input type=\"checkbox\" name=\"checkbox-411[]\" value=\"Indem Sie dieses K\u00e4stchen ankreuzen, erkl\u00e4ren Sie ausdr\u00fccklich, dass Sie die Datenschutzerkl\u00e4rung gelesen haben und damit einverstanden sind, dass die Alro Group Ihre Daten in \u00dcbereinstimmung mit den darin festgelegten Grunds\u00e4tzen und Verfahren verarbeitet. \u2013 M\u00f6chten Sie mehr erfahren? *\" \/><span class=\"wpcf7-list-item-label\">Indem Sie dieses K\u00e4stchen ankreuzen, erkl\u00e4ren Sie ausdr\u00fccklich, dass Sie die Datenschutzerkl\u00e4rung gelesen haben und damit einverstanden sind, dass die Alro Group Ihre Daten in \u00dcbereinstimmung mit den darin festgelegten Grunds\u00e4tzen und Verfahren verarbeitet. \u2013 M\u00f6chten Sie mehr erfahren? *<\/span><\/label><\/span><\/span><\/span><\/p>\n<div id=\"cf7sr-69d25f518b304\" class=\"cf7sr-g-recaptcha\" data-theme=\"light\" data-type=\"image\" data-size=\"normal\" data-sitekey=\"6LdDUIQpAAAAAMtngiaU8dp2vkLd3Gu49MY-s9w1\"><\/div><span class=\"wpcf7-form-control-wrap cf7sr-recaptcha\" data-name=\"cf7sr-recaptcha\"><input type=\"hidden\" name=\"cf7sr-recaptcha\" value=\"\" class=\"wpcf7-form-control\"><\/span> <\/p>\n<p class=\"submit_button\"><input type=\"submit\" value=\"JETZT BEWERBEN!\" class=\"wpcf7-form-control has-spinner wpcf7-submit\" \/><\/p>\n<div class=\"wpcf7-response-output\" aria-hidden=\"true\"><\/div><\/form><\/div>[\/vc_column][\/vc_row][\/vc_section]<\/p>\n","protected":false},"excerpt":{"rendered":"<p>[vc_section css=&#8220;.vc_custom_1653051102729{padding-top: 4em !important;padding-bottom: 4em !important;}&#8220;][vc_row][vc_column][vc_custom_heading text=&#8220;BEWERBEN SIE SICH SPONTAN!&#8220; font_container=&#8220;tag:h2|text_align:center&#8220; use_theme_fonts=&#8220;yes&#8220; el_class=&#8220;cusheading&#8220; css=&#8220;.vc_custom_1673347293071{margin-bottom: 0px !important;}&#8220;][vc_empty_space height=&#8220;20px&#8220;][\/vc_column][\/vc_row][vc_row equal_height=&#8220;yes&#8220; el_class=&#8220;cusform&#8220;][vc_column][\/vc_column][\/vc_row][\/vc_section]<\/p>\n","protected":false},"author":4,"featured_media":0,"parent":1015,"menu_order":0,"comment_status":"closed","ping_status":"closed","template":"","meta":{"inline_featured_image":false,"footnotes":""},"class_list":["post-1031","page","type-page","status-publish","hentry"],"acf":[],"yoast_head":"<!-- This site is optimized with the Yoast SEO plugin v19.10 - https:\/\/yoast.com\/wordpress\/plugins\/seo\/ -->\n<title>Bewerben Sie sich spontan! - Alro Group<\/title>\n<meta name=\"description\" content=\"Sind Sie an einer T\u00e4tigkeit bei der Alro Group interessiert? Dann bewerben Sie sich jetzt spontan! Wir freuen uns auf Ihre Bewerbung!\" \/>\n<meta name=\"robots\" content=\"index, follow, max-snippet:-1, max-image-preview:large, max-video-preview:-1\" \/>\n<link rel=\"canonical\" href=\"https:\/\/www.alro-group.com\/de\/karriere\/solliciteer-spontaan\/\" \/>\n<meta property=\"og:locale\" content=\"de_DE\" \/>\n<meta property=\"og:type\" content=\"article\" \/>\n<meta property=\"og:title\" content=\"Bewerben Sie sich spontan! - Alro Group\" \/>\n<meta property=\"og:description\" content=\"Sind Sie an einer T\u00e4tigkeit bei der Alro Group interessiert? Dann bewerben Sie sich jetzt spontan! Wir freuen uns auf Ihre Bewerbung!\" \/>\n<meta property=\"og:url\" content=\"https:\/\/www.alro-group.com\/de\/karriere\/solliciteer-spontaan\/\" \/>\n<meta property=\"og:site_name\" content=\"Alro Group\" \/>\n<meta property=\"article:modified_time\" content=\"2023-04-25T08:50:36+00:00\" \/>\n<meta name=\"twitter:card\" content=\"summary_large_image\" \/>\n<meta name=\"twitter:label1\" content=\"Gesch\u00e4tzte Lesezeit\" \/>\n\t<meta name=\"twitter:data1\" content=\"1\u00a0Minute\" \/>\n<script type=\"application\/ld+json\" class=\"yoast-schema-graph\">{\"@context\":\"https:\/\/schema.org\",\"@graph\":[{\"@type\":\"WebPage\",\"@id\":\"https:\/\/www.alro-group.com\/de\/karriere\/solliciteer-spontaan\/\",\"url\":\"https:\/\/www.alro-group.com\/de\/karriere\/solliciteer-spontaan\/\",\"name\":\"Bewerben Sie sich spontan! - Alro Group\",\"isPartOf\":{\"@id\":\"https:\/\/www.alro-group.com\/de\/#website\"},\"datePublished\":\"2022-06-13T12:57:46+00:00\",\"dateModified\":\"2023-04-25T08:50:36+00:00\",\"description\":\"Sind Sie an einer T\u00e4tigkeit bei der Alro Group interessiert? Dann bewerben Sie sich jetzt spontan! Wir freuen uns auf Ihre Bewerbung!\",\"breadcrumb\":{\"@id\":\"https:\/\/www.alro-group.com\/de\/karriere\/solliciteer-spontaan\/#breadcrumb\"},\"inLanguage\":\"de\",\"potentialAction\":[{\"@type\":\"ReadAction\",\"target\":[\"https:\/\/www.alro-group.com\/de\/karriere\/solliciteer-spontaan\/\"]}]},{\"@type\":\"BreadcrumbList\",\"@id\":\"https:\/\/www.alro-group.com\/de\/karriere\/solliciteer-spontaan\/#breadcrumb\",\"itemListElement\":[{\"@type\":\"ListItem\",\"position\":1,\"name\":\"Home\",\"item\":\"https:\/\/www.alro-group.com\/de\/\"},{\"@type\":\"ListItem\",\"position\":2,\"name\":\"Karriere\",\"item\":\"https:\/\/www.alro-group.com\/de\/karriere\/\"},{\"@type\":\"ListItem\",\"position\":3,\"name\":\"Bewerben Sie sich spontan!\"}]},{\"@type\":\"WebSite\",\"@id\":\"https:\/\/www.alro-group.com\/de\/#website\",\"url\":\"https:\/\/www.alro-group.com\/de\/\",\"name\":\"Alro Group\",\"description\":\"In ontwikkeling\",\"potentialAction\":[{\"@type\":\"SearchAction\",\"target\":{\"@type\":\"EntryPoint\",\"urlTemplate\":\"https:\/\/www.alro-group.com\/de\/?s={search_term_string}\"},\"query-input\":\"required name=search_term_string\"}],\"inLanguage\":\"de\"}]}<\/script>\n<!-- \/ Yoast SEO plugin. -->","yoast_head_json":{"title":"Bewerben Sie sich spontan! - Alro Group","description":"Sind Sie an einer T\u00e4tigkeit bei der Alro Group interessiert? Dann bewerben Sie sich jetzt spontan! Wir freuen uns auf Ihre Bewerbung!","robots":{"index":"index","follow":"follow","max-snippet":"max-snippet:-1","max-image-preview":"max-image-preview:large","max-video-preview":"max-video-preview:-1"},"canonical":"https:\/\/www.alro-group.com\/de\/karriere\/solliciteer-spontaan\/","og_locale":"de_DE","og_type":"article","og_title":"Bewerben Sie sich spontan! - Alro Group","og_description":"Sind Sie an einer T\u00e4tigkeit bei der Alro Group interessiert? Dann bewerben Sie sich jetzt spontan! Wir freuen uns auf Ihre Bewerbung!","og_url":"https:\/\/www.alro-group.com\/de\/karriere\/solliciteer-spontaan\/","og_site_name":"Alro Group","article_modified_time":"2023-04-25T08:50:36+00:00","twitter_card":"summary_large_image","twitter_misc":{"Gesch\u00e4tzte Lesezeit":"1\u00a0Minute"},"schema":{"@context":"https:\/\/schema.org","@graph":[{"@type":"WebPage","@id":"https:\/\/www.alro-group.com\/de\/karriere\/solliciteer-spontaan\/","url":"https:\/\/www.alro-group.com\/de\/karriere\/solliciteer-spontaan\/","name":"Bewerben Sie sich spontan! - Alro Group","isPartOf":{"@id":"https:\/\/www.alro-group.com\/de\/#website"},"datePublished":"2022-06-13T12:57:46+00:00","dateModified":"2023-04-25T08:50:36+00:00","description":"Sind Sie an einer T\u00e4tigkeit bei der Alro Group interessiert? Dann bewerben Sie sich jetzt spontan! Wir freuen uns auf Ihre Bewerbung!","breadcrumb":{"@id":"https:\/\/www.alro-group.com\/de\/karriere\/solliciteer-spontaan\/#breadcrumb"},"inLanguage":"de","potentialAction":[{"@type":"ReadAction","target":["https:\/\/www.alro-group.com\/de\/karriere\/solliciteer-spontaan\/"]}]},{"@type":"BreadcrumbList","@id":"https:\/\/www.alro-group.com\/de\/karriere\/solliciteer-spontaan\/#breadcrumb","itemListElement":[{"@type":"ListItem","position":1,"name":"Home","item":"https:\/\/www.alro-group.com\/de\/"},{"@type":"ListItem","position":2,"name":"Karriere","item":"https:\/\/www.alro-group.com\/de\/karriere\/"},{"@type":"ListItem","position":3,"name":"Bewerben Sie sich spontan!"}]},{"@type":"WebSite","@id":"https:\/\/www.alro-group.com\/de\/#website","url":"https:\/\/www.alro-group.com\/de\/","name":"Alro Group","description":"In ontwikkeling","potentialAction":[{"@type":"SearchAction","target":{"@type":"EntryPoint","urlTemplate":"https:\/\/www.alro-group.com\/de\/?s={search_term_string}"},"query-input":"required name=search_term_string"}],"inLanguage":"de"}]}},"_links":{"self":[{"href":"https:\/\/www.alro-group.com\/de\/wp-json\/wp\/v2\/pages\/1031","targetHints":{"allow":["GET"]}}],"collection":[{"href":"https:\/\/www.alro-group.com\/de\/wp-json\/wp\/v2\/pages"}],"about":[{"href":"https:\/\/www.alro-group.com\/de\/wp-json\/wp\/v2\/types\/page"}],"author":[{"embeddable":true,"href":"https:\/\/www.alro-group.com\/de\/wp-json\/wp\/v2\/users\/4"}],"replies":[{"embeddable":true,"href":"https:\/\/www.alro-group.com\/de\/wp-json\/wp\/v2\/comments?post=1031"}],"version-history":[{"count":3,"href":"https:\/\/www.alro-group.com\/de\/wp-json\/wp\/v2\/pages\/1031\/revisions"}],"predecessor-version":[{"id":3635,"href":"https:\/\/www.alro-group.com\/de\/wp-json\/wp\/v2\/pages\/1031\/revisions\/3635"}],"up":[{"embeddable":true,"href":"https:\/\/www.alro-group.com\/de\/wp-json\/wp\/v2\/pages\/1015"}],"wp:attachment":[{"href":"https:\/\/www.alro-group.com\/de\/wp-json\/wp\/v2\/media?parent=1031"}],"curies":[{"name":"wp","href":"https:\/\/api.w.org\/{rel}","templated":true}]}}