{"id":1005,"date":"2022-06-13T14:49:50","date_gmt":"2022-06-13T12:49:50","guid":{"rendered":"https:\/\/www.alro-group.com\/\/processen\/"},"modified":"2024-10-25T12:49:42","modified_gmt":"2024-10-25T10:49:42","slug":"prozesse","status":"publish","type":"page","link":"https:\/\/www.alro-group.com\/de\/prozesse\/","title":{"rendered":"Prozesse"},"content":{"rendered":"<p>[vc_section css=&#8220;.vc_custom_1653051102729{padding-top: 4em !important;padding-bottom: 4em !important;}&#8220;][vc_row][vc_column][vc_custom_heading text=&#8220;WELCHE PROZESSE BIETET ALRO GROUP AN?&#8220; font_container=&#8220;tag:h2|text_align:center&#8220; use_theme_fonts=&#8220;yes&#8220; el_class=&#8220;cusheading&#8220;][vc_empty_space height=&#8220;15px&#8220;][\/vc_column][\/vc_row][vc_row equal_height=&#8220;yes&#8220; el_class=&#8220;service_row&#8220;][vc_column css_animation=&#8220;fadeInUp&#8220; width=&#8220;1\/3&#8243;][vc_single_image image=&#8220;491&#8243; img_size=&#8220;full&#8220;][vc_row_inner el_class=&#8220;service_inner_row&#8220;][vc_column_inner][vc_single_image image=&#8220;3957&#8243; img_size=&#8220;full&#8220;][vc_custom_heading text=&#8220;NASSLACKIERUNG&#8220; font_container=&#8220;tag:h3|text_align:left|color:%23ffffff&#8220; use_theme_fonts=&#8220;yes&#8220; link=&#8220;url:https%3A%2F%2Fwww.alro-group.com%2Fde%2Fprozesse%2Fnasslackierung%2F|title:Natlakken&#8220;][vc_icon icon_fontawesome=&#8220;far fa-arrow-alt-circle-right&#8220; color=&#8220;white&#8220; align=&#8220;right&#8220; link=&#8220;url:%23&#8243;][\/vc_column_inner][\/vc_row_inner][\/vc_column][vc_column css_animation=&#8220;fadeInUp&#8220; width=&#8220;1\/3&#8243;][vc_single_image image=&#8220;487&#8243; img_size=&#8220;full&#8220;][vc_row_inner el_class=&#8220;service_inner_row&#8220;][vc_column_inner][vc_single_image image=&#8220;175&#8243; img_size=&#8220;full&#8220;][vc_custom_heading text=&#8220;KTL&#8220; font_container=&#8220;tag:h3|text_align:left|color:%23ffffff&#8220; use_theme_fonts=&#8220;yes&#8220; link=&#8220;url:https%3A%2F%2Fwww.alro-group.com%2Fde%2Fprozesse%2Fktl%2F|title:Ktl&#8220;][vc_icon icon_fontawesome=&#8220;far fa-arrow-alt-circle-right&#8220; color=&#8220;white&#8220; align=&#8220;right&#8220; link=&#8220;url:%23&#8243;][\/vc_column_inner][\/vc_row_inner][\/vc_column][vc_column css_animation=&#8220;fadeInUp&#8220; width=&#8220;1\/3&#8243;][vc_single_image image=&#8220;414&#8243; img_size=&#8220;full&#8220;][vc_row_inner el_class=&#8220;service_inner_row&#8220;][vc_column_inner][vc_single_image image=&#8220;203&#8243; img_size=&#8220;full&#8220;][vc_custom_heading text=&#8220;PULVERBESCHICHTUNG&#8220; font_container=&#8220;tag:h3|text_align:left|color:%23ffffff&#8220; use_theme_fonts=&#8220;yes&#8220; link=&#8220;url:https%3A%2F%2Fwww.alro-group.com%2Fde%2Fprozesse%2Fpulverbeschichtung%2F|title:Poedercoaten&#8220;][vc_icon icon_fontawesome=&#8220;far fa-arrow-alt-circle-right&#8220; color=&#8220;white&#8220; align=&#8220;right&#8220; link=&#8220;url:%23&#8243;][\/vc_column_inner][\/vc_row_inner][\/vc_column][\/vc_row][vc_row equal_height=&#8220;yes&#8220; el_class=&#8220;service_row&#8220;][vc_column css_animation=&#8220;fadeInUp&#8220; width=&#8220;1\/3&#8243;][vc_single_image image=&#8220;483&#8243; img_size=&#8220;full&#8220;][vc_row_inner el_class=&#8220;service_inner_row&#8220;][vc_column_inner][vc_single_image image=&#8220;219&#8243; img_size=&#8220;full&#8220;][vc_custom_heading text=&#8220;MONTAGE&#8220; font_container=&#8220;tag:h3|text_align:left|color:%23ffffff&#8220; use_theme_fonts=&#8220;yes&#8220; link=&#8220;url:https%3A%2F%2Fwww.alro-group.com%2Fde%2Fprozesse%2Fmontage%2F|title:Assemblage&#8220;][vc_icon icon_fontawesome=&#8220;far fa-arrow-alt-circle-right&#8220; color=&#8220;white&#8220; align=&#8220;right&#8220; link=&#8220;url:%23&#8243;][\/vc_column_inner][\/vc_row_inner][\/vc_column][vc_column css_animation=&#8220;fadeInUp&#8220; width=&#8220;1\/3&#8243;][vc_single_image image=&#8220;1468&#8243; img_size=&#8220;full&#8220;][vc_row_inner el_class=&#8220;service_inner_row&#8220;][vc_column_inner][vc_single_image image=&#8220;1639&#8243; img_size=&#8220;full&#8220;][vc_custom_heading text=&#8220;LASERENTLACKUNG&#8220; font_container=&#8220;tag:h3|text_align:left|color:%23ffffff&#8220; use_theme_fonts=&#8220;yes&#8220; link=&#8220;url:https%3A%2F%2Fwww.alro-group.com%2Fde%2Fprozesse%2Flaserentlackung%2F|title:Ontlakken&#8220;][vc_icon icon_fontawesome=&#8220;far fa-arrow-alt-circle-right&#8220; color=&#8220;white&#8220; align=&#8220;right&#8220; link=&#8220;url:%23&#8243;][\/vc_column_inner][\/vc_row_inner][\/vc_column][vc_column css_animation=&#8220;fadeInUp&#8220; width=&#8220;1\/3&#8243;][vc_single_image image=&#8220;475&#8243; img_size=&#8220;full&#8220;][vc_row_inner el_class=&#8220;service_inner_row&#8220;][vc_column_inner][vc_single_image image=&#8220;235&#8243; img_size=&#8220;full&#8220;][vc_custom_heading text=&#8220;BRANDSCHUTZBESCHICHTUNGSYSTEM&#8220; font_container=&#8220;tag:h3|text_align:left|color:%23ffffff&#8220; use_theme_fonts=&#8220;yes&#8220; link=&#8220;url:https%3A%2F%2Fwww.alro-group.com%2Fde%2Fprozesse%2Fbrandschutzbeschichtung%2F|title:brandschutzbeschichtung&#8220;][vc_icon icon_fontawesome=&#8220;far fa-arrow-alt-circle-right&#8220; color=&#8220;white&#8220; align=&#8220;right&#8220; link=&#8220;url:%23&#8243;][\/vc_column_inner][\/vc_row_inner][\/vc_column][\/vc_row][vc_row equal_height=&#8220;yes&#8220; el_class=&#8220;service_row&#8220;][vc_column css_animation=&#8220;fadeInUp&#8220; width=&#8220;1\/3&#8243;][vc_single_image image=&#8220;3988&#8243; img_size=&#8220;full&#8220;][vc_row_inner el_class=&#8220;service_inner_row&#8220;][vc_column_inner][vc_single_image image=&#8220;3980&#8243; img_size=&#8220;full&#8220;][vc_custom_heading text=&#8220;JUST-IN-TIME&#8220; font_container=&#8220;tag:h3|text_align:left|color:%23ffffff&#8220; use_theme_fonts=&#8220;yes&#8220; link=&#8220;url:%2Fde%2Fprocessen%2Fmontage%2F%23jis-jit|title:Assemblage&#8220;][vc_icon icon_fontawesome=&#8220;far fa-arrow-alt-circle-right&#8220; color=&#8220;white&#8220; align=&#8220;right&#8220; link=&#8220;url:%2Fde%2Fprocessen%2Fmontage%2F%23jis-jit&#8220;][\/vc_column_inner][\/vc_row_inner][\/vc_column][vc_column css_animation=&#8220;fadeInUp&#8220; width=&#8220;1\/3&#8243;][vc_single_image image=&#8220;1664&#8243; img_size=&#8220;full&#8220;][vc_row_inner el_class=&#8220;service_inner_row&#8220;][vc_column_inner][vc_single_image image=&#8220;3980&#8243; img_size=&#8220;full&#8220;][vc_custom_heading text=&#8220;JUST-IN-SEQUENCE&#8220; font_container=&#8220;tag:h3|text_align:left|color:%23ffffff&#8220; use_theme_fonts=&#8220;yes&#8220; link=&#8220;url:%2Fde%2Fprocessen%2Fmontage%2F%23jis-jit|title:Ontlakken&#8220;][vc_icon icon_fontawesome=&#8220;far fa-arrow-alt-circle-right&#8220; color=&#8220;white&#8220; align=&#8220;right&#8220; link=&#8220;url:%2Fde%2Fprocessen%2Fmontage%2F%23jis-jit&#8220;][\/vc_column_inner][\/vc_row_inner][\/vc_column][\/vc_row][\/vc_section][vc_row full_width=&#8220;stretch_row&#8220; css=&#8220;.vc_custom_1653541228417{padding-top: 4em !important;padding-bottom: 4em !important;background-color: #f4f4f4 !important;}&#8220;][vc_column][vc_custom_heading text=&#8220;WIR STIMMEN UNSERE PROZESSE AUF IHREN BEDARF AB!&#8220; font_container=&#8220;tag:h3|text_align:left&#8220; use_theme_fonts=&#8220;yes&#8220; el_class=&#8220;small_heading&#8220;][vc_column_text]<a href=\"https:\/\/www.alro-group.com\/\/de\/over-ons\/\">Alro Group<\/a> ist stolz auf seine modernen Produktionsanlagen und -verfahren. Dank modernster Prozesse sind wir in der Lage, qualitativ hochwertige, organische Farbbeschichtungen aus Nasslacken, Pulverlacken und Elektrotauchlacken (<a href=\"https:\/\/www.alro-group.com\/de\/prozesse\/ktl\/\">KTL<\/a>) zu liefern. Zusammen mit Ihnen bestimmen wir, welcher Beschichtungstyp am besten f\u00fcr Ihr spezifisches Projekt geeignet ist.<\/p>\n<p>Bei jedem Prozesstyp erfolgt zun\u00e4chst eine Vorbehandlung. Dabei werden alle Teile gereinigt, um Verschmutzungen zu entfernen. Bei Metallteilen tragen wir dar\u00fcber hinaus eine Konversionsschicht auf, die f\u00fcr Korrosionsbest\u00e4ndigkeit und eine gute Haftung sorgt. Danach wird die Farbschicht aufgebracht. Welches Verfahren dabei zum Einsatz kommt, h\u00e4ngt von Ihren W\u00fcnschen und der daf\u00fcr erforderlichen Methode ab. Anschlie\u00dfend wird der Lack ausgeh\u00e4rtet. Schlie\u00dflich k\u00f6nnen wir bei Teilen mit <a href=\"\/de\/prozesse\/ktl\/\">KTL-Beschichtung<\/a> noch eine weitere Lage aufbringen, die der Beschichtung abgesehen von der Korrosionsbest\u00e4ndigkeit auch noch andere Eigenschaften verleiht. Bei diesem Verfahrensschritt geht es beispielsweise um die Verbesserung physikalischer Eigenschaften oder aber auch um optische Aspekte der Beschichtung.<\/p>\n<p>Dar\u00fcber hinaus bieten wir ebenfalls den Zusammenbau der beschichteten Teile an. Diese <a href=\"\/de\/processen\/montage\/\">Montage<\/a> kann sowohl automatisch als auch manuell erfolgen. Bei komplexeren Teilen nutzen wir beide Methoden.<\/p>\n<p>Die diversen Verfahren kommen in unseren f\u00fcnf Beschichtungsbetrieben zum Einsatz. Diese befinden sich sowohl in West- als auch in Mitteleuropa. Die M\u00f6glichkeiten zur Gestaltung der Beschichtungen sind dabei schier grenzenlos. Tagt\u00e4glich bearbeiten wir in unseren gut zwanzig Beschichtungsanlagen \u00fcber 100.000 Produkte in 1.000 Farben. Ein eindeutiges Zeichen daf\u00fcr, wie leistungsf\u00e4hig unsere Kapazit\u00e4ten sind.<\/p>\n<p>Um auch in Zukunft Ihre spezifischen W\u00fcnsche erf\u00fcllen zu k\u00f6nnen, investieren wir selbstverst\u00e4ndlich kontinuierlich in neue Verfahren. So gew\u00e4hrleisten wir abgesehen von einer hohen Flexibilit\u00e4t auch eine erstklassige Qualit\u00e4t der Beschichtungen.[\/vc_column_text][\/vc_column][\/vc_row]<\/p>\n","protected":false},"excerpt":{"rendered":"<p>[vc_section css=&#8220;.vc_custom_1653051102729{padding-top: 4em !important;padding-bottom: 4em !important;}&#8220;][vc_row][vc_column][vc_custom_heading text=&#8220;WELCHE PROZESSE BIETET ALRO GROUP AN?&#8220; font_container=&#8220;tag:h2|text_align:center&#8220; use_theme_fonts=&#8220;yes&#8220; el_class=&#8220;cusheading&#8220;][vc_empty_space height=&#8220;15px&#8220;][\/vc_column][\/vc_row][vc_row equal_height=&#8220;yes&#8220; el_class=&#8220;service_row&#8220;][vc_column css_animation=&#8220;fadeInUp&#8220; width=&#8220;1\/3&#8243;][vc_single_image<span class=\"excerpt-hellip\"> [\u2026]<\/span><\/p>\n","protected":false},"author":4,"featured_media":0,"parent":0,"menu_order":0,"comment_status":"closed","ping_status":"closed","template":"","meta":{"inline_featured_image":false,"footnotes":""},"class_list":["post-1005","page","type-page","status-publish","hentry"],"acf":[],"yoast_head":"<!-- This site is optimized with the Yoast SEO plugin v19.10 - https:\/\/yoast.com\/wordpress\/plugins\/seo\/ -->\n<title>Prozesse - Alro Group<\/title>\n<meta name=\"description\" content=\"Alro Group ist stolz auf seine modernen Produktionsanlagen und -verfahren. Entdecken Sie die modernster Prozesse!\" \/>\n<meta name=\"robots\" content=\"index, follow, max-snippet:-1, max-image-preview:large, max-video-preview:-1\" \/>\n<link rel=\"canonical\" href=\"https:\/\/www.alro-group.com\/de\/prozesse\/\" \/>\n<meta property=\"og:locale\" content=\"de_DE\" \/>\n<meta property=\"og:type\" content=\"article\" \/>\n<meta property=\"og:title\" content=\"Prozesse - Alro Group\" \/>\n<meta property=\"og:description\" content=\"Alro Group ist stolz auf seine modernen Produktionsanlagen und -verfahren. Entdecken Sie die modernster Prozesse!\" \/>\n<meta property=\"og:url\" content=\"https:\/\/www.alro-group.com\/de\/prozesse\/\" \/>\n<meta property=\"og:site_name\" content=\"Alro Group\" \/>\n<meta property=\"article:modified_time\" content=\"2024-10-25T10:49:42+00:00\" \/>\n<meta name=\"twitter:card\" content=\"summary_large_image\" \/>\n<meta name=\"twitter:label1\" content=\"Gesch\u00e4tzte Lesezeit\" \/>\n\t<meta name=\"twitter:data1\" content=\"3\u00a0Minuten\" \/>\n<script type=\"application\/ld+json\" class=\"yoast-schema-graph\">{\"@context\":\"https:\/\/schema.org\",\"@graph\":[{\"@type\":\"WebPage\",\"@id\":\"https:\/\/www.alro-group.com\/de\/prozesse\/\",\"url\":\"https:\/\/www.alro-group.com\/de\/prozesse\/\",\"name\":\"Prozesse - Alro Group\",\"isPartOf\":{\"@id\":\"https:\/\/www.alro-group.com\/de\/#website\"},\"datePublished\":\"2022-06-13T12:49:50+00:00\",\"dateModified\":\"2024-10-25T10:49:42+00:00\",\"description\":\"Alro Group ist stolz auf seine modernen Produktionsanlagen und -verfahren. Entdecken Sie die modernster Prozesse!\",\"breadcrumb\":{\"@id\":\"https:\/\/www.alro-group.com\/de\/prozesse\/#breadcrumb\"},\"inLanguage\":\"de\",\"potentialAction\":[{\"@type\":\"ReadAction\",\"target\":[\"https:\/\/www.alro-group.com\/de\/prozesse\/\"]}]},{\"@type\":\"BreadcrumbList\",\"@id\":\"https:\/\/www.alro-group.com\/de\/prozesse\/#breadcrumb\",\"itemListElement\":[{\"@type\":\"ListItem\",\"position\":1,\"name\":\"Home\",\"item\":\"https:\/\/www.alro-group.com\/de\/\"},{\"@type\":\"ListItem\",\"position\":2,\"name\":\"Prozesse\"}]},{\"@type\":\"WebSite\",\"@id\":\"https:\/\/www.alro-group.com\/de\/#website\",\"url\":\"https:\/\/www.alro-group.com\/de\/\",\"name\":\"Alro Group\",\"description\":\"In ontwikkeling\",\"potentialAction\":[{\"@type\":\"SearchAction\",\"target\":{\"@type\":\"EntryPoint\",\"urlTemplate\":\"https:\/\/www.alro-group.com\/de\/?s={search_term_string}\"},\"query-input\":\"required name=search_term_string\"}],\"inLanguage\":\"de\"}]}<\/script>\n<!-- \/ Yoast SEO plugin. -->","yoast_head_json":{"title":"Prozesse - Alro Group","description":"Alro Group ist stolz auf seine modernen Produktionsanlagen und -verfahren. Entdecken Sie die modernster Prozesse!","robots":{"index":"index","follow":"follow","max-snippet":"max-snippet:-1","max-image-preview":"max-image-preview:large","max-video-preview":"max-video-preview:-1"},"canonical":"https:\/\/www.alro-group.com\/de\/prozesse\/","og_locale":"de_DE","og_type":"article","og_title":"Prozesse - Alro Group","og_description":"Alro Group ist stolz auf seine modernen Produktionsanlagen und -verfahren. Entdecken Sie die modernster Prozesse!","og_url":"https:\/\/www.alro-group.com\/de\/prozesse\/","og_site_name":"Alro Group","article_modified_time":"2024-10-25T10:49:42+00:00","twitter_card":"summary_large_image","twitter_misc":{"Gesch\u00e4tzte Lesezeit":"3\u00a0Minuten"},"schema":{"@context":"https:\/\/schema.org","@graph":[{"@type":"WebPage","@id":"https:\/\/www.alro-group.com\/de\/prozesse\/","url":"https:\/\/www.alro-group.com\/de\/prozesse\/","name":"Prozesse - Alro Group","isPartOf":{"@id":"https:\/\/www.alro-group.com\/de\/#website"},"datePublished":"2022-06-13T12:49:50+00:00","dateModified":"2024-10-25T10:49:42+00:00","description":"Alro Group ist stolz auf seine modernen Produktionsanlagen und -verfahren. Entdecken Sie die modernster Prozesse!","breadcrumb":{"@id":"https:\/\/www.alro-group.com\/de\/prozesse\/#breadcrumb"},"inLanguage":"de","potentialAction":[{"@type":"ReadAction","target":["https:\/\/www.alro-group.com\/de\/prozesse\/"]}]},{"@type":"BreadcrumbList","@id":"https:\/\/www.alro-group.com\/de\/prozesse\/#breadcrumb","itemListElement":[{"@type":"ListItem","position":1,"name":"Home","item":"https:\/\/www.alro-group.com\/de\/"},{"@type":"ListItem","position":2,"name":"Prozesse"}]},{"@type":"WebSite","@id":"https:\/\/www.alro-group.com\/de\/#website","url":"https:\/\/www.alro-group.com\/de\/","name":"Alro Group","description":"In ontwikkeling","potentialAction":[{"@type":"SearchAction","target":{"@type":"EntryPoint","urlTemplate":"https:\/\/www.alro-group.com\/de\/?s={search_term_string}"},"query-input":"required name=search_term_string"}],"inLanguage":"de"}]}},"_links":{"self":[{"href":"https:\/\/www.alro-group.com\/de\/wp-json\/wp\/v2\/pages\/1005","targetHints":{"allow":["GET"]}}],"collection":[{"href":"https:\/\/www.alro-group.com\/de\/wp-json\/wp\/v2\/pages"}],"about":[{"href":"https:\/\/www.alro-group.com\/de\/wp-json\/wp\/v2\/types\/page"}],"author":[{"embeddable":true,"href":"https:\/\/www.alro-group.com\/de\/wp-json\/wp\/v2\/users\/4"}],"replies":[{"embeddable":true,"href":"https:\/\/www.alro-group.com\/de\/wp-json\/wp\/v2\/comments?post=1005"}],"version-history":[{"count":6,"href":"https:\/\/www.alro-group.com\/de\/wp-json\/wp\/v2\/pages\/1005\/revisions"}],"predecessor-version":[{"id":5780,"href":"https:\/\/www.alro-group.com\/de\/wp-json\/wp\/v2\/pages\/1005\/revisions\/5780"}],"wp:attachment":[{"href":"https:\/\/www.alro-group.com\/de\/wp-json\/wp\/v2\/media?parent=1005"}],"curies":[{"name":"wp","href":"https:\/\/api.w.org\/{rel}","templated":true}]}}